{"id":21471,"date":"2023-10-06T14:18:04","date_gmt":"2023-10-06T12:18:04","guid":{"rendered":"https:\/\/calor.ee\/kamins-kratki-koza-ab-s-2\/"},"modified":"2023-10-06T14:18:04","modified_gmt":"2023-10-06T12:18:04","slug":"kamins-kratki-koza-ab-s-2","status":"publish","type":"product","link":"https:\/\/calor.ee\/lv\/kamins-kratki-koza-ab-s-2\/","title":{"rendered":"Kam\u012bns Kratki Koza AB S 2"},"content":{"rendered":"<p>Komplekt\u0101 ietilpst br\u012bvi st\u0101vo\u0161s kam\u012bns. Izv\u0113loties aizmugur\u0113jo piesl\u0113gumu, papildus ir nepiecie\u0161ams aug\u0161\u0113j\u0101s atveres p\u0101rsegs.<\/p>\n<p><iframe loading=\"lazy\" title=\"KOZA AB 2 KRATKI: Nowoczesny piec wolnostoj\u0105cy z moc\u0105! - prezentacja produktu\" width=\"1020\" height=\"574\" src=\"https:\/\/www.youtube.com\/embed\/1Jx8Im24axI?feature=oembed\" frameborder=\"0\" allow=\"accelerometer; autoplay; clipboard-write; encrypted-media; gyroscope; picture-in-picture; web-share\" referrerpolicy=\"strict-origin-when-cross-origin\" allowfullscreen><\/iframe><\/p>\n","protected":false},"excerpt":{"rendered":"<p>Modern\u0101 dizaina <strong>kam\u012bns Kratki Koza AB S 2<\/strong> ir lielisks risin\u0101jums visiem, kuri ilgojas p\u0113c siltuma un dz\u012bvas uguns, bet kuru interjer\u0101 ir ierobe\u017eota telpa. Kam\u012bna izliektais stikls \u013cauj baud\u012bt liesmas no pla\u0161\u0101ka skatupunkta, t\u0101p\u0113c kam\u012bna priek\u0161\u0101 \u0113rti var pulc\u0113ties vair\u0101k \u0123imenes locek\u013cu vai draugu. Kam\u012bns ir apr\u012bkots ar elegantu un \u0113rtu rokturi, kas padara t\u0101 lieto\u0161anu vienk\u0101r\u0161u un komfortablu.  <\/p>\n<p>Kam\u012bns ir izgatavots no augstas kvalit\u0101tes t\u0113rauda, kas ir iztur\u012bgs pret augst\u0101m temperat\u016br\u0101m. Visi t\u0113rauda elementi ir izgriezti ar l\u0101zertehnolo\u0123iju un liekti, izmantojot CNC liek\u0161anas iek\u0101rtas, kas nodro\u0161ina \u012bpa\u0161i prec\u012bzu savietojam\u012bbu un augstu izstr\u0101d\u0101juma kvalit\u0101ti. <\/p>\n<p>Kam\u012bna kurtuve ir apr\u012bkota ar karstumiztur\u012bgu TERMOTEC keramiku, kas ir siltumu akumul\u0113jo\u0161s materi\u0101ls un iztur temperat\u016bru l\u012bdz 660 \u00b0C. TERMOTEC glud\u0101 un gai\u0161\u0101 virsma vienlaikus izskat\u0101s \u012bpa\u0161i iespaid\u012bgi un est\u0113tiski. Kam\u012bnam ir divi d\u016bmg\u0101zu deflektori (kurtuves griestu atstarot\u0101ji), kas pagarina d\u016bmg\u0101zu ce\u013cu, nodro\u0161ina degvielas da\u013ci\u0146u p\u0113cdedzi. Pateicoties m\u016bsdien\u012bgiem tehniskajiem risin\u0101jumiem, \u0161is kam\u012bns atbilst ar\u012b visstingr\u0101kajiem vides standartiem, tostarp V\u0101cijas BImSchV 2 pras\u012bb\u0101m.   <\/p>\n<p>Kam\u012bns ir apr\u012bkots ar\u012b ar t\u012br\u0101 stikla sist\u0113mu. V\u0113s\u0101ks \u0101r\u0113jais gaiss tiek novirz\u012bts gar stiklu, veidojot gaisa aizkaru, kas nov\u0113r\u0161 p\u0101rm\u0113r\u012bgu sodr\u0113ju nos\u0113\u0161anos uz stikla virsmas. <\/p>\n<p>Kam\u012bnam Kratki Koza AB S 2 ieb\u016bv\u0113ta \u0101r\u0113j\u0101 gaisa pievada iesp\u0113ja, kas nodro\u0161ina svaiga gaisa padevi tie\u0161i kurtuvei un t\u0101d\u0113j\u0101di uzlabo deg\u0161anas procesu. \u0100r\u0113j\u0101 gaisa pievadam kam\u012bna apak\u0161da\u013c\u0101 ir paredz\u0113ta gaisa iepl\u016bdes atvere ar 125 mm diametru. <\/p>\n<p>Pateicoties regul\u0113jamam d\u016bmg\u0101zu izvadam, kam\u012bnu ir iesp\u0113jams piesl\u0113gt skurstenim gan no aug\u0161as, gan no aizmugures. Izv\u0113loties aizmugur\u0113jo piesl\u0113gumu, papildus ir nepiecie\u0161ams ieg\u0101d\u0101ties aug\u0161\u0113j\u0101s atveres p\u0101rsegu. <\/p>\n","protected":false},"featured_media":21472,"comment_status":"closed","ping_status":"closed","template":"","meta":{"_acf_changed":false},"product_brand":[5536],"product_cat":[5171],"product_tag":[],"class_list":{"0":"post-21471","1":"product","2":"type-product","3":"status-publish","4":"has-post-thumbnail","6":"product_brand-kratki","7":"product_cat-brivi-stavosie-kamini","8":"product_shipping_class-bezmaksas","9":"tm-no-options","11":"first","12":"instock","13":"taxable","14":"shipping-taxable","15":"purchasable","16":"product-type-variable","17":"has-default-attributes"},"acf":[],"_links":{"self":[{"href":"https:\/\/calor.ee\/lv\/wp-json\/wp\/v2\/product\/21471","targetHints":{"allow":["GET"]}}],"collection":[{"href":"https:\/\/calor.ee\/lv\/wp-json\/wp\/v2\/product"}],"about":[{"href":"https:\/\/calor.ee\/lv\/wp-json\/wp\/v2\/types\/product"}],"replies":[{"embeddable":true,"href":"https:\/\/calor.ee\/lv\/wp-json\/wp\/v2\/comments?post=21471"}],"wp:featuredmedia":[{"embeddable":true,"href":"https:\/\/calor.ee\/lv\/wp-json\/wp\/v2\/media\/21472"}],"wp:attachment":[{"href":"https:\/\/calor.ee\/lv\/wp-json\/wp\/v2\/media?parent=21471"}],"wp:term":[{"taxonomy":"product_brand","embeddable":true,"href":"https:\/\/calor.ee\/lv\/wp-json\/wp\/v2\/product_brand?post=21471"},{"taxonomy":"product_cat","embeddable":true,"href":"https:\/\/calor.ee\/lv\/wp-json\/wp\/v2\/product_cat?post=21471"},{"taxonomy":"product_tag","embeddable":true,"href":"https:\/\/calor.ee\/lv\/wp-json\/wp\/v2\/product_tag?post=21471"}],"curies":[{"name":"wp","href":"https:\/\/api.w.org\/{rel}","templated":true}]}}