{"id":21439,"date":"2023-12-21T16:05:34","date_gmt":"2023-12-21T14:05:34","guid":{"rendered":"https:\/\/calor.ee\/gaisa-novirzitajs-saunum-experience-pirts-krasnij\/"},"modified":"2023-12-21T16:05:34","modified_gmt":"2023-12-21T14:05:34","slug":"gaisa-novirzitajs-saunum-experience-pirts-krasnij","status":"publish","type":"product","link":"https:\/\/calor.ee\/lv\/gaisa-novirzitajs-saunum-experience-pirts-krasnij\/","title":{"rendered":"Gaisa novirz\u012bt\u0101js Saunum Experience pirts kr\u0101snij"},"content":{"rendered":"","protected":false},"excerpt":{"rendered":"<p>Melnas kr\u0101sas gaisa novirz\u012bt\u0101js, kas paredz\u0113ts Saunum Experience un Saunum Pro Experience pirts kr\u0101sn\u012bm, \u013cauj novirz\u012bt gaisa pl\u016bsmu prom no k\u0101j\u0101m gad\u012bjum\u0101, ja kr\u0101sns gaisa izp\u016btes atvere ir v\u0113rsta k\u0101ju virzien\u0101.<\/p>\n","protected":false},"featured_media":21440,"comment_status":"closed","ping_status":"closed","template":"","meta":{"_acf_changed":false},"product_brand":[5528],"product_cat":[5135],"product_tag":[],"class_list":{"0":"post-21439","1":"product","2":"type-product","3":"status-publish","4":"has-post-thumbnail","6":"product_brand-saunum","7":"product_cat-pirts-piederumi","8":"tm-no-options","10":"first","11":"instock","12":"taxable","13":"shipping-taxable","14":"purchasable","15":"product-type-simple"},"acf":[],"_links":{"self":[{"href":"https:\/\/calor.ee\/lv\/wp-json\/wp\/v2\/product\/21439","targetHints":{"allow":["GET"]}}],"collection":[{"href":"https:\/\/calor.ee\/lv\/wp-json\/wp\/v2\/product"}],"about":[{"href":"https:\/\/calor.ee\/lv\/wp-json\/wp\/v2\/types\/product"}],"replies":[{"embeddable":true,"href":"https:\/\/calor.ee\/lv\/wp-json\/wp\/v2\/comments?post=21439"}],"wp:featuredmedia":[{"embeddable":true,"href":"https:\/\/calor.ee\/lv\/wp-json\/wp\/v2\/media\/21440"}],"wp:attachment":[{"href":"https:\/\/calor.ee\/lv\/wp-json\/wp\/v2\/media?parent=21439"}],"wp:term":[{"taxonomy":"product_brand","embeddable":true,"href":"https:\/\/calor.ee\/lv\/wp-json\/wp\/v2\/product_brand?post=21439"},{"taxonomy":"product_cat","embeddable":true,"href":"https:\/\/calor.ee\/lv\/wp-json\/wp\/v2\/product_cat?post=21439"},{"taxonomy":"product_tag","embeddable":true,"href":"https:\/\/calor.ee\/lv\/wp-json\/wp\/v2\/product_tag?post=21439"}],"curies":[{"name":"wp","href":"https:\/\/api.w.org\/{rel}","templated":true}]}}