{"id":21402,"date":"2023-12-21T15:39:09","date_gmt":"2023-12-21T13:39:09","guid":{"rendered":"https:\/\/calor.ee\/aizsargmargas-saunum-experience-pirts-krasnij\/"},"modified":"2023-12-21T15:39:09","modified_gmt":"2023-12-21T13:39:09","slug":"aizsargmargas-saunum-experience-pirts-krasnij","status":"publish","type":"product","link":"https:\/\/calor.ee\/lv\/aizsargmargas-saunum-experience-pirts-krasnij\/","title":{"rendered":"Aizsargmargas Saunum Experience pirts kr\u0101snij"},"content":{"rendered":"","protected":false},"excerpt":{"rendered":"<p>No b\u0113rza sapl\u0101k\u0161\u0146a un ner\u016bs\u0113jo\u0161\u0101 t\u0113rauda izgatavotas aizsargmargas ir paredz\u0113tas \u012bpa\u0161i Saunum Experience elektriskajai pirts kr\u0101snij, lai nov\u0113rstu nejau\u0161u saskari ar kr\u0101sns karstaj\u0101m virsm\u0101m un nodro\u0161in\u0101tu dro\u0161\u012bbu pirts lieto\u0161anas laik\u0101.<\/p>\n","protected":false},"featured_media":21403,"comment_status":"closed","ping_status":"closed","template":"","meta":{"_acf_changed":false},"product_brand":[5528],"product_cat":[5135],"product_tag":[],"class_list":{"0":"post-21402","1":"product","2":"type-product","3":"status-publish","4":"has-post-thumbnail","6":"product_brand-saunum","7":"product_cat-pirts-piederumi","8":"tm-no-options","10":"first","11":"instock","12":"taxable","13":"shipping-taxable","14":"purchasable","15":"product-type-simple"},"acf":[],"_links":{"self":[{"href":"https:\/\/calor.ee\/lv\/wp-json\/wp\/v2\/product\/21402","targetHints":{"allow":["GET"]}}],"collection":[{"href":"https:\/\/calor.ee\/lv\/wp-json\/wp\/v2\/product"}],"about":[{"href":"https:\/\/calor.ee\/lv\/wp-json\/wp\/v2\/types\/product"}],"replies":[{"embeddable":true,"href":"https:\/\/calor.ee\/lv\/wp-json\/wp\/v2\/comments?post=21402"}],"wp:featuredmedia":[{"embeddable":true,"href":"https:\/\/calor.ee\/lv\/wp-json\/wp\/v2\/media\/21403"}],"wp:attachment":[{"href":"https:\/\/calor.ee\/lv\/wp-json\/wp\/v2\/media?parent=21402"}],"wp:term":[{"taxonomy":"product_brand","embeddable":true,"href":"https:\/\/calor.ee\/lv\/wp-json\/wp\/v2\/product_brand?post=21402"},{"taxonomy":"product_cat","embeddable":true,"href":"https:\/\/calor.ee\/lv\/wp-json\/wp\/v2\/product_cat?post=21402"},{"taxonomy":"product_tag","embeddable":true,"href":"https:\/\/calor.ee\/lv\/wp-json\/wp\/v2\/product_tag?post=21402"}],"curies":[{"name":"wp","href":"https:\/\/api.w.org\/{rel}","templated":true}]}}