{"id":21396,"date":"2023-12-21T14:14:03","date_gmt":"2023-12-21T12:14:03","guid":{"rendered":"https:\/\/calor.ee\/saunum-sals-bumbinas\/"},"modified":"2023-12-21T14:14:03","modified_gmt":"2023-12-21T12:14:03","slug":"saunum-sals-bumbinas","status":"publish","type":"product","link":"https:\/\/calor.ee\/lv\/saunum-sals-bumbinas\/","title":{"rendered":"Saunum s\u0101ls bumbi\u0146as"},"content":{"rendered":"","protected":false},"excerpt":{"rendered":"<p><strong>Saunum s\u0101ls bumbi\u0146as<\/strong> padara pirts pieredzi v\u0113l relaks\u0113jo\u0161\u0101ku un vesel\u012bg\u0101ku. \u0160\u012bs Himalaju s\u0101ls bumbi\u0146as bag\u0101tina gaisu ar s\u0101ls joniem, kam ir labv\u0113l\u012bga iedarb\u012bba gan uz elpce\u013ciem, gan uz \u0101du. S\u0101ls bumbi\u0146as efekt\u012bvi darbojas jebkur\u0101 temperat\u016br\u0101, ja pirts apmekl\u0113juma laik\u0101 tiek izmantota Saunum iek\u0161telpu klimata iek\u0101rta.  <\/p>\n<p>Komplekt\u0101 ietilpst 7 s\u0101ls bumbi\u0146as.<\/p>\n","protected":false},"featured_media":21401,"comment_status":"closed","ping_status":"closed","template":"","meta":{"_acf_changed":false},"product_brand":[5528],"product_cat":[5135],"product_tag":[],"class_list":{"0":"post-21396","1":"product","2":"type-product","3":"status-publish","4":"has-post-thumbnail","6":"product_brand-saunum","7":"product_cat-pirts-piederumi","8":"tm-no-options","10":"first","11":"instock","12":"taxable","13":"shipping-taxable","14":"purchasable","15":"product-type-simple"},"acf":[],"_links":{"self":[{"href":"https:\/\/calor.ee\/lv\/wp-json\/wp\/v2\/product\/21396","targetHints":{"allow":["GET"]}}],"collection":[{"href":"https:\/\/calor.ee\/lv\/wp-json\/wp\/v2\/product"}],"about":[{"href":"https:\/\/calor.ee\/lv\/wp-json\/wp\/v2\/types\/product"}],"replies":[{"embeddable":true,"href":"https:\/\/calor.ee\/lv\/wp-json\/wp\/v2\/comments?post=21396"}],"wp:featuredmedia":[{"embeddable":true,"href":"https:\/\/calor.ee\/lv\/wp-json\/wp\/v2\/media\/21401"}],"wp:attachment":[{"href":"https:\/\/calor.ee\/lv\/wp-json\/wp\/v2\/media?parent=21396"}],"wp:term":[{"taxonomy":"product_brand","embeddable":true,"href":"https:\/\/calor.ee\/lv\/wp-json\/wp\/v2\/product_brand?post=21396"},{"taxonomy":"product_cat","embeddable":true,"href":"https:\/\/calor.ee\/lv\/wp-json\/wp\/v2\/product_cat?post=21396"},{"taxonomy":"product_tag","embeddable":true,"href":"https:\/\/calor.ee\/lv\/wp-json\/wp\/v2\/product_tag?post=21396"}],"curies":[{"name":"wp","href":"https:\/\/api.w.org\/{rel}","templated":true}]}}