{"id":21391,"date":"2022-02-08T18:45:38","date_gmt":"2022-02-08T16:45:38","guid":{"rendered":"https:\/\/calor.ee\/vadibas-iekarta-saunum-leil\/"},"modified":"2022-02-08T18:45:38","modified_gmt":"2022-02-08T16:45:38","slug":"vadibas-iekarta-saunum-leil","status":"publish","type":"product","link":"https:\/\/calor.ee\/lv\/vadibas-iekarta-saunum-leil\/","title":{"rendered":"Vad\u012bbas iek\u0101rta Saunum Leil"},"content":{"rendered":"<p>Komplekt\u0101 ietilpst sk\u0101rienjut\u012bgs vad\u012bbas panelis (104 \u00d7 83 \u00d7 19,3 mm), kontrolieris (225 \u00d7 160 \u00d7 61 mm), temperat\u016bras sensors un durvju sensors.<\/p>\n","protected":false},"excerpt":{"rendered":"<p>Saunum Leil ir jaun\u0101s paaudzes vad\u012bbas iek\u0101rta, ar kuras pal\u012bdz\u012bbu varat \u013coti vienk\u0101r\u0161i un \u0113rti vad\u012bt un uzraudz\u012bt Saunum elektrisk\u0101s pirts kr\u0101snis ar ieb\u016bv\u0113tu iek\u0161telpu klimata sist\u0113mu. Vad\u012bbas iek\u0101rta ir projekt\u0113ta un izstr\u0101d\u0101ta augstas klases in\u017eenieru poolt tie\u0161i Saunum kr\u0101sn\u012bm, \u013caujot pirts telp\u0101 rad\u012bt t\u0101du pirts klimatu, k\u0101du m\u016bsu sen\u010di gadsimtiem ilgi piedz\u012bvoja sav\u0101s lauku m\u0101j\u0101s un d\u016bmu pirt\u012bs. <\/p>\n<p>Izv\u0113lieties sev piem\u0113rotu pirts uzsild\u012b\u0161anas laiku un ilgumu, iesl\u0113dziet pirts kr\u0101sns iek\u0161telpu klimata sist\u0113mu un izbaudiet piln\u012bgi jauna l\u012bme\u0146a pirts pieredzi \u2013 vieglu elpo\u0161anu, maigu siltumu un \u012bpa\u0161i relaks\u0113jo\u0161u pirts baud\u012bjumu.<\/p>\n<p>\u0160\u012b vad\u012bbas iek\u0101rta ir paredz\u0113ta elektrisk\u0101s pirts kr\u0101sns lok\u0101lai vad\u012bbai. Ier\u012bcei ir WIFI savienojuma iesp\u0113ja, ta\u010du t\u0101 ir paredz\u0113ta programmat\u016bras atjaunin\u0101jumu veik\u0161anai, nevis pirts kr\u0101sns vad\u012bbai att\u0101lin\u0101ti vai t\u012bkla re\u017e\u012bm\u0101. <\/p>\n<p><strong>Vad\u012bbas iek\u0101rta Saunum Leil<\/strong> \u013cauj ieviest j\u016bsu pirts pieredzi jaun\u0101 gadsimt\u0101!<\/p>\n","protected":false},"featured_media":21394,"comment_status":"closed","ping_status":"closed","template":"","meta":{"_acf_changed":false},"product_brand":[5528],"product_cat":[5132],"product_tag":[5148],"class_list":{"0":"post-21391","1":"product","2":"type-product","3":"status-publish","4":"has-post-thumbnail","6":"product_brand-saunum","7":"product_cat-vadibas-pultis","8":"product_tag-saunum-pirts-krasnis","9":"product_shipping_class-bezmaksas","10":"tm-no-options","12":"first","13":"instock","14":"taxable","15":"shipping-taxable","16":"purchasable","17":"product-type-simple"},"acf":[],"_links":{"self":[{"href":"https:\/\/calor.ee\/lv\/wp-json\/wp\/v2\/product\/21391","targetHints":{"allow":["GET"]}}],"collection":[{"href":"https:\/\/calor.ee\/lv\/wp-json\/wp\/v2\/product"}],"about":[{"href":"https:\/\/calor.ee\/lv\/wp-json\/wp\/v2\/types\/product"}],"replies":[{"embeddable":true,"href":"https:\/\/calor.ee\/lv\/wp-json\/wp\/v2\/comments?post=21391"}],"wp:featuredmedia":[{"embeddable":true,"href":"https:\/\/calor.ee\/lv\/wp-json\/wp\/v2\/media\/21394"}],"wp:attachment":[{"href":"https:\/\/calor.ee\/lv\/wp-json\/wp\/v2\/media?parent=21391"}],"wp:term":[{"taxonomy":"product_brand","embeddable":true,"href":"https:\/\/calor.ee\/lv\/wp-json\/wp\/v2\/product_brand?post=21391"},{"taxonomy":"product_cat","embeddable":true,"href":"https:\/\/calor.ee\/lv\/wp-json\/wp\/v2\/product_cat?post=21391"},{"taxonomy":"product_tag","embeddable":true,"href":"https:\/\/calor.ee\/lv\/wp-json\/wp\/v2\/product_tag?post=21391"}],"curies":[{"name":"wp","href":"https:\/\/api.w.org\/{rel}","templated":true}]}}