{"id":21377,"date":"2021-11-02T11:02:30","date_gmt":"2021-11-02T09:02:30","guid":{"rendered":"https:\/\/calor.ee\/saunum-eterisko-ellu-komplekts-pirtij\/"},"modified":"2021-11-02T11:02:30","modified_gmt":"2021-11-02T09:02:30","slug":"saunum-eterisko-ellu-komplekts-pirtij","status":"publish","type":"product","link":"https:\/\/calor.ee\/lv\/saunum-eterisko-ellu-komplekts-pirtij\/","title":{"rendered":"Saunum \u0113terisko e\u013c\u013cu komplekts pirtij"},"content":{"rendered":"","protected":false},"excerpt":{"rendered":"<p><strong>Saunum \u0113terisko e\u013c\u013cu komplekts<\/strong> p\u0101rv\u0113r\u0161 j\u016bsu Saunum ier\u012bci par m\u0101jas arompirtu!<\/p>\n<p>Pirts ar uzmundrino\u0161u eikalipta \u0113terisko e\u013c\u013cu pal\u012bdz samazin\u0101t elpce\u013cu slim\u012bbu risku, mazina sezon\u0101lo aler\u0123iju simptomus un ir efekt\u012bva pret da\u017e\u0101d\u0101m bakt\u0113rij\u0101m un v\u012brusiem.<\/p>\n<p>Pirts ar uzmundrino\u0161u greipfr\u016bta \u0113terisko e\u013c\u013cu pal\u012bdz stiprin\u0101t im\u016bnsist\u0113mu, mazin\u0101t trauksmi un stresu, pazemin\u0101t asinsspiedienu un rad\u012bt labsaj\u016btas saj\u016btu. Turkl\u0101t \u0161\u012b pirts e\u013c\u013ca l\u012bdzsvaro garast\u0101vokli un emocijas, k\u0101 ar\u012b pal\u012bdz atbr\u012bvoties no negat\u012bv\u0101m emocij\u0101m. <\/p>\n<p>Pirts ar dzirksto\u0161u saldo apels\u012bnu \u0113terisko e\u013c\u013cu pal\u012bdz l\u012bdzsvarot asinsspiedienu un sirds ritmu, k\u0101 ar\u012b veicina gan gar\u012bgo, gan fizisko att\u012br\u012b\u0161anos. T\u0101 vienlaikus pal\u012bdz atsl\u0101bin\u0101ties, nomierin\u0101ties un uzlabo miega kvalit\u0101ti. <\/p>\n<p>\u0112terisko e\u013c\u013cu komplekts pirtij ir piem\u0113rots visiem Saunum elektriskajiem pirts kr\u0101sn\u012bm un iek\u0161telpu klimata iek\u0101rt\u0101m, un tas ietver 100 % dab\u012bgu pirts \u0113terisko e\u013c\u013cu (eikalipts, greipfr\u016bts vai saldais apels\u012bns), pipeti \u0113rtai doz\u0113\u0161anai un keramikas trauci\u0146u, kuru var novietot vienas s\u0101ls bumbi\u0146as viet\u0101.<\/p>\n","protected":false},"featured_media":21380,"comment_status":"closed","ping_status":"closed","template":"","meta":{"_acf_changed":false},"product_brand":[5528],"product_cat":[5135],"product_tag":[],"class_list":{"0":"post-21377","1":"product","2":"type-product","3":"status-publish","4":"has-post-thumbnail","6":"product_brand-saunum","7":"product_cat-pirts-piederumi","8":"tm-has-options","10":"first","11":"instock","12":"taxable","13":"shipping-taxable","14":"purchasable","15":"product-type-simple"},"acf":[],"_links":{"self":[{"href":"https:\/\/calor.ee\/lv\/wp-json\/wp\/v2\/product\/21377","targetHints":{"allow":["GET"]}}],"collection":[{"href":"https:\/\/calor.ee\/lv\/wp-json\/wp\/v2\/product"}],"about":[{"href":"https:\/\/calor.ee\/lv\/wp-json\/wp\/v2\/types\/product"}],"replies":[{"embeddable":true,"href":"https:\/\/calor.ee\/lv\/wp-json\/wp\/v2\/comments?post=21377"}],"wp:featuredmedia":[{"embeddable":true,"href":"https:\/\/calor.ee\/lv\/wp-json\/wp\/v2\/media\/21380"}],"wp:attachment":[{"href":"https:\/\/calor.ee\/lv\/wp-json\/wp\/v2\/media?parent=21377"}],"wp:term":[{"taxonomy":"product_brand","embeddable":true,"href":"https:\/\/calor.ee\/lv\/wp-json\/wp\/v2\/product_brand?post=21377"},{"taxonomy":"product_cat","embeddable":true,"href":"https:\/\/calor.ee\/lv\/wp-json\/wp\/v2\/product_cat?post=21377"},{"taxonomy":"product_tag","embeddable":true,"href":"https:\/\/calor.ee\/lv\/wp-json\/wp\/v2\/product_tag?post=21377"}],"curies":[{"name":"wp","href":"https:\/\/api.w.org\/{rel}","templated":true}]}}