{"id":21356,"date":"2021-05-10T12:16:37","date_gmt":"2021-05-10T10:16:37","guid":{"rendered":"https:\/\/calor.ee\/elektriska-pirts-krasns-saunum-luxury-13-20kw\/"},"modified":"2026-02-03T10:32:56","modified_gmt":"2026-02-03T08:32:56","slug":"elektriska-pirts-krasns-saunum-luxury-13-20kw","status":"publish","type":"product","link":"https:\/\/calor.ee\/lv\/elektriska-pirts-krasns-saunum-luxury-13-20kw\/","title":{"rendered":"Elektrisk\u0101 pirts kr\u0101sns Saunum Luxury 13-20kW"},"content":{"rendered":"<div class=\"row row-boxed\"  id=\"row-1974548753\">\n\n\t<div id=\"col-1996186757\" class=\"col medium-1\/3 large-4\"  >\n\t\t\t\t<div class=\"col-inner\"  >\n\t\t\t\n\t\t\t\n\n\t\t<div class=\"icon-box featured-box icon-box-center text-center\"  >\n\t\t\t\t<div class=\"icon-box-text last-reset\">\n\t\t\t\t\t\t\t\t\t\n<p><strong>Maigs un ilgsto\u0161s gars<\/strong><\/p>\n<p>Saunum patent\u0113t\u0101 gaisa sl\u0101\u0146u sajauk\u0161anas sist\u0113ma sajauc gaisa sl\u0101\u0146us un karsto pirts garu, p\u0113c tam novirza maigo garu atpaka\u013c pirts telp\u0101, nodro\u0161inot vienm\u0113r\u012bg\u0101ku temperat\u016bru vis\u0101 pirt\u012b.<\/p>\n\t\t<\/div>\n\t<\/div>\n\t\n\t\n\t\t<\/div>\n\t\t\t\t\t<\/div>\n\n\t\n\n\t<div id=\"col-1495478866\" class=\"col medium-1\/3 large-4\"  >\n\t\t\t\t<div class=\"col-inner\"  >\n\t\t\t\n\t\t\t\n\n\t\t<div class=\"icon-box featured-box icon-box-center text-center\"  >\n\t\t\t\t<div class=\"icon-box-text last-reset\">\n\t\t\t\t\t\t\t\t\t\n<p><strong>Intens\u012bva sv\u012b\u0161ana<\/strong><\/p>\n<p>Pirts garu var uzliet bie\u017e\u0101k, un, pateicoties vienm\u0113r\u012bg\u0101kai temperat\u016brai un mitr\u0101kam, ar sk\u0101bekli bag\u0101tam gaisam, \u0137ermenis s\u0101k sv\u012bst \u0101tr\u0101k.<\/p>\n\t\t<\/div>\n\t<\/div>\n\t\n\t\n\t\t<\/div>\n\t\t\t\t\t<\/div>\n\n\t\n\n\t<div id=\"col-1188781060\" class=\"col medium-1\/3 large-4\"  >\n\t\t\t\t<div class=\"col-inner\"  >\n\t\t\t\n\t\t\t\n\n\t\t<div class=\"icon-box featured-box icon-box-center text-center\"  >\n\t\t\t\t<div class=\"icon-box-text last-reset\">\n\t\t\t\t\t\t\t\t\t\n<p><strong>Piln\u012bgi jauna pirts baud\u012b\u0161anas pieredze<\/strong><\/p>\n<p>Saunum pirt\u012b, pateicoties ar sk\u0101bekli bag\u0101tam gaisam, ir viegl\u0101k elpot, savuk\u0101rt Himalaju negat\u012bvie s\u0101ls joni labv\u0113l\u012bgi ietekm\u0113 elpce\u013cus un \u0101du. Turkl\u0101t Saunum pirts \u013cauj baud\u012bt ar\u012b pilnv\u0113rt\u012bgu un vesel\u012bgu aromterapiju.<\/p>\n\t\t<\/div>\n\t<\/div>\n\t\n\t\n\t\t<\/div>\n\t\t\t\t\t<\/div>\n\n\t\n<\/div>\n<p>&nbsp;<\/p>\n<p>Komplekt sisaldab <strong>elektrikerist koos sisekliimaseadmega<\/strong> ja <strong>10 soolapalli<\/strong>. Keris vajab juurde juhtpulti, 120 kilogrammi 5-10 cm l\u00e4bim\u00f5\u00f5duga kive ja temperatuurikeskkonnale vastavat toitekaablit.<\/p>\n<p>Koos kerisega on v\u00f5imalik lisada ostukorvi just selle Saunumi kerise jaoks m\u00f5eldud lihvimata kerisekivid, mis on vastupidavad ja hea soojusmahutavusega.<\/p>\n","protected":false},"excerpt":{"rendered":"<p>Saunum Luxury 13\u201320 kW ir unik\u0101la un eleganti skaista elektrisk\u0101 pirts kr\u0101sns ar ieb\u016bv\u0113tu iek\u0161telpu klimata sist\u0113mu, ko iesp\u0113jams uzst\u0101d\u012bt gan pie pirts sienas, gan st\u016br\u012b. Liel\u0101ks sildelementu skaits nodro\u0161ina, no vienas puses, \u0101tr\u0101ku pirts uzsild\u012b\u0161anu, bet, no otras puses, paildzina sildelementu kalpo\u0161anas laiku. <\/p>\n<p><strong>Elektrisk\u0101 pirts kr\u0101sns Saunum Luxury 13-20kW<\/strong> ir lieliski piem\u0113rota pla\u0161\u0101kai m\u0101jas pirtij, publiskai pirtij vai spa centram, kur tvaika telpas tilpums ir no 14 l\u012bdz 28 m\u00b3. \u0160ai kr\u0101snij ir tr\u012bs da\u017e\u0101das jaudas izv\u0113les (13,2 kW, 16,6 kW, 19,8 kW), un uzst\u0101d\u012b\u0161anas laik\u0101 iesp\u0113jams izv\u0113l\u0113ties piem\u0113rot\u0101ko jaudu atbilsto\u0161i telpas izm\u0113ram (14\u201328 m\u00b3, 18\u201322 m\u00b3, 22\u201328 m\u00b3). <\/p>\n<p>Saunum Luxury elektrisk\u0101s pirts kr\u0101sns iek\u0161\u0113j\u0101 klimata ier\u012bce ies\u016bc sev\u012b karsto gaisu no pirts telpas aug\u0161\u0113jiem gaisa sl\u0101\u0146iem un v\u0113s\u0101ku gaisu no apak\u0161\u0113jiem sl\u0101\u0146iem. Ier\u012bces iek\u0161ien\u0113 gaisa sl\u0101\u0146i un tvaiks tiek ma\u0123iski sajaukti, un no ier\u012bces izpl\u016bst atdzes\u0113ts gaisa\u2013tvaika mais\u012bjums, kas nodro\u0161ina vienm\u0113r\u012bg\u0101ku temperat\u016bru vis\u0101 pirts telp\u0101 un sniedz pat\u012bkamu baud\u012bjumu no galvas l\u012bdz pat p\u0113d\u0101m. T\u0101 ir t\u012bra bauda \u2013 relaks\u0113jo\u0161a pirts un spa pieredze visam \u0137ermenim.  <\/p>\n<p>Turkl\u0101t Saunum Luxury ir apr\u012bkots ar Himalaju s\u0101ls lod\u0113m, kas bag\u0101tina gaisu ar s\u0101ls joniem un kur\u0101m ir labv\u0113l\u012bga, dziedino\u0161a iedarb\u012bba gan uz elpce\u013ciem, gan uz \u0101du.<\/p>\n<p>Ar \u0161o elektrisko pirts kr\u0101sni leilis ir pat\u012bkami maigs, \u0137ermenis lab\u0101k sv\u012bst, pirts seanss ir ilg\u0101ks, un p\u0113c pirts apmekl\u0113juma nav j\u016btams ne pirts nogurums, ne galvass\u0101pes.<\/p>\n<p>Elektrisko pirts kr\u0101sni iesp\u0113jams izv\u0113l\u0113ties ar mat\u0113ta ner\u016bs\u0113jo\u0161\u0101 t\u0113rauda vai antrac\u012bta pel\u0113ku apdari. Abi kr\u0101su to\u0146i ir \u012bsts akcents gan m\u0101jas, gan publiskaj\u0101s pirt\u012bs. <\/p>\n","protected":false},"featured_media":21364,"comment_status":"closed","ping_status":"closed","template":"","meta":{"_acf_changed":false},"product_brand":[5528],"product_cat":[5129],"product_tag":[5148],"class_list":{"0":"post-21356","1":"product","2":"type-product","3":"status-publish","4":"has-post-thumbnail","6":"product_brand-saunum","7":"product_cat-elektriskas-pirts-krasnis","8":"product_tag-saunum-pirts-krasnis","9":"product_shipping_class-bezmaksas","10":"tm-has-options","12":"first","13":"instock","14":"taxable","15":"shipping-taxable","16":"purchasable","17":"product-type-simple"},"acf":[],"_links":{"self":[{"href":"https:\/\/calor.ee\/lv\/wp-json\/wp\/v2\/product\/21356","targetHints":{"allow":["GET"]}}],"collection":[{"href":"https:\/\/calor.ee\/lv\/wp-json\/wp\/v2\/product"}],"about":[{"href":"https:\/\/calor.ee\/lv\/wp-json\/wp\/v2\/types\/product"}],"replies":[{"embeddable":true,"href":"https:\/\/calor.ee\/lv\/wp-json\/wp\/v2\/comments?post=21356"}],"wp:featuredmedia":[{"embeddable":true,"href":"https:\/\/calor.ee\/lv\/wp-json\/wp\/v2\/media\/21364"}],"wp:attachment":[{"href":"https:\/\/calor.ee\/lv\/wp-json\/wp\/v2\/media?parent=21356"}],"wp:term":[{"taxonomy":"product_brand","embeddable":true,"href":"https:\/\/calor.ee\/lv\/wp-json\/wp\/v2\/product_brand?post=21356"},{"taxonomy":"product_cat","embeddable":true,"href":"https:\/\/calor.ee\/lv\/wp-json\/wp\/v2\/product_cat?post=21356"},{"taxonomy":"product_tag","embeddable":true,"href":"https:\/\/calor.ee\/lv\/wp-json\/wp\/v2\/product_tag?post=21356"}],"curies":[{"name":"wp","href":"https:\/\/api.w.org\/{rel}","templated":true}]}}