{"id":21355,"date":"2023-12-18T12:55:27","date_gmt":"2023-12-18T10:55:27","guid":{"rendered":"https:\/\/calor.ee\/elektriska-pirts-krasns-saunum-pro-experience-15kw\/"},"modified":"2026-02-03T10:31:24","modified_gmt":"2026-02-03T08:31:24","slug":"elektriska-pirts-krasns-saunum-pro-experience-15kw","status":"publish","type":"product","link":"https:\/\/calor.ee\/lv\/elektriska-pirts-krasns-saunum-pro-experience-15kw\/","title":{"rendered":"Elektrisk\u0101 pirts kr\u0101sns Saunum Pro Experience 15kW"},"content":{"rendered":"<div class=\"row row-boxed\"  id=\"row-408027653\">\n\n\t<div id=\"col-948991158\" class=\"col medium-1\/3 large-4\"  >\n\t\t\t\t<div class=\"col-inner\"  >\n\t\t\t\n\t\t\t\n\n\t\t<div class=\"icon-box featured-box icon-box-center text-center\"  >\n\t\t\t\t<div class=\"icon-box-text last-reset\">\n\t\t\t\t\t\t\t\t\t\n<p><strong>Maigs un ilgsto\u0161s gars<\/strong><\/p>\n<p>Saunum patent\u0113t\u0101 gaisa sl\u0101\u0146u sajauk\u0161anas sist\u0113ma sajauc gaisa sl\u0101\u0146us un karsto pirts garu, p\u0113c tam novirza maigo garu atpaka\u013c pirts telp\u0101, nodro\u0161inot vienm\u0113r\u012bg\u0101ku temperat\u016bru vis\u0101 pirt\u012b.<\/p>\n\t\t<\/div>\n\t<\/div>\n\t\n\t\n\t\t<\/div>\n\t\t\t\t\t<\/div>\n\n\t\n\n\t<div id=\"col-1128831462\" class=\"col medium-1\/3 large-4\"  >\n\t\t\t\t<div class=\"col-inner\"  >\n\t\t\t\n\t\t\t\n\n\t\t<div class=\"icon-box featured-box icon-box-center text-center\"  >\n\t\t\t\t<div class=\"icon-box-text last-reset\">\n\t\t\t\t\t\t\t\t\t\n<p><strong>Intens\u012bva sv\u012b\u0161ana<\/strong><\/p>\n<p>Pirts garu var uzliet bie\u017e\u0101k, un, pateicoties vienm\u0113r\u012bg\u0101kai temperat\u016brai un mitr\u0101kam, ar sk\u0101bekli bag\u0101tam gaisam, \u0137ermenis s\u0101k sv\u012bst \u0101tr\u0101k.<\/p>\n\t\t<\/div>\n\t<\/div>\n\t\n\t\n\t\t<\/div>\n\t\t\t\t\t<\/div>\n\n\t\n\n\t<div id=\"col-492561247\" class=\"col medium-1\/3 large-4\"  >\n\t\t\t\t<div class=\"col-inner\"  >\n\t\t\t\n\t\t\t\n\n\t\t<div class=\"icon-box featured-box icon-box-center text-center\"  >\n\t\t\t\t<div class=\"icon-box-text last-reset\">\n\t\t\t\t\t\t\t\t\t\n<p><strong>Piln\u012bgi jauna pirts baud\u012b\u0161anas pieredze<\/strong><\/p>\n<p>Saunum pirt\u012b, pateicoties ar sk\u0101bekli bag\u0101tam gaisam, ir viegl\u0101k elpot, savuk\u0101rt Himalaju negat\u012bvie s\u0101ls joni labv\u0113l\u012bgi ietekm\u0113 elpce\u013cus un \u0101du. Turkl\u0101t Saunum pirts \u013cauj baud\u012bt ar\u012b pilnv\u0113rt\u012bgu un vesel\u012bgu aromterapiju.<\/p>\n\t\t<\/div>\n\t<\/div>\n\t\n\t\n\t\t<\/div>\n\t\t\t\t\t<\/div>\n\n\t\n<\/div>\n<p><iframe loading=\"lazy\" title=\"For a simply sensational sauna!\" width=\"1020\" height=\"574\" src=\"https:\/\/www.youtube.com\/embed\/isvrVEHHurg?feature=oembed\" frameborder=\"0\" allow=\"accelerometer; autoplay; clipboard-write; encrypted-media; gyroscope; picture-in-picture; web-share\" referrerpolicy=\"strict-origin-when-cross-origin\" allowfullscreen><\/iframe><\/p>\n<p>Komplekt sisaldab <strong>elektrikerist koos sisekliimaseadmega<\/strong>\u00a0ja <strong>soolapalle<\/strong>. Keris vajab juurde juhtpulti, 120 kilogrammi 5-10 cm l\u00e4bim\u00f5\u00f5duga kive ja temperatuurikeskkonnale vastavat toitekaablit.<\/p>\n<p>Koos kerisega on v\u00f5imalik lisada ostukorvi just Saunumi keriste jaoks m\u00f5eldud lihvitud kerisekivid, mis on vastupidavad, hea soojusmahutavusega ja n\u00e4evad visuaalselt kaunid v\u00e4lja.<\/p>\n","protected":false},"excerpt":{"rendered":"<p><strong>Elektrisk\u0101 pirts kr\u0101sns Saunum Pro Experience 15kW<\/strong> ar ieb\u016bv\u0113tu iek\u0161telpu klimata sist\u0113mu pied\u0101v\u0101 s\u0101ls spa pieredzi, neizejot no m\u0101j\u0101m. \u0160\u012b skaista dizaina elektrisk\u0101 pirts kr\u0101sns ir ide\u0101la izv\u0113le intens\u012bv\u0101kai lieto\u0161anai paredz\u0113t\u0101m 10\u201314 m\u00b3 pirt\u012bm. <\/p>\n<p>Saunum Pro Experience elektrisk\u0101s pirts kr\u0101sns iek\u0161\u0113j\u0101 klimata ier\u012bce ies\u016bc sev\u012b karsto gaisu no pirts telpas aug\u0161\u0113jiem gaisa sl\u0101\u0146iem un v\u0113s\u0101ku gaisu no apak\u0161\u0113jiem sl\u0101\u0146iem. Ier\u012bces iek\u0161ien\u0113 gaisa sl\u0101\u0146i un tvaiks tiek ma\u0123iski sajaukti, un no ier\u012bces izpl\u016bst atdzes\u0113ts gaisa\u2013tvaika mais\u012bjums, kas nodro\u0161ina vienm\u0113r\u012bg\u0101ku temperat\u016bru vis\u0101 pirts telp\u0101 un sniedz pat\u012bkamu baud\u012bjumu no galvas l\u012bdz pat p\u0113d\u0101m. <\/p>\n<p>Turkl\u0101t Saunum Pro Experience ir apr\u012bkots ar Himalaju s\u0101ls lod\u0113m, kas bag\u0101tina gaisu ar s\u0101ls joniem un kur\u0101m ir labv\u0113l\u012bga, dziedino\u0161a iedarb\u012bba gan uz elpce\u013ciem, gan uz \u0101du.<\/p>\n<p>Ar \u0161o elektrisko pirts kr\u0101sni leilis ir pat\u012bkami maigs, \u0137ermenis lab\u0101k sv\u012bst, pirts seanss ir ilg\u0101ks, un p\u0113c pirts apmekl\u0113juma nav j\u016btams ne pirts nogurums, ne galvass\u0101pes.<\/p>\n<p>Izmantojot da\u017e\u0101dus pirts kr\u0101sns iestat\u012bjumus, j\u016bs varat izveidot pat 5-vien\u0101 spa risin\u0101jumu, kas \u013cauj klasisko tvaika pirti p\u0101rv\u0113rst gan par ar s\u0101ls joniem bag\u0101tin\u0101tu pirti, maigu relaks\u0101cijas pirti, mitru, ar tvaiku bag\u0101tu pirti, gan ar\u012b par aromterapijas pirti.<\/p>\n","protected":false},"featured_media":21350,"comment_status":"closed","ping_status":"closed","template":"","meta":{"_acf_changed":false},"product_brand":[5528],"product_cat":[5129],"product_tag":[5148],"class_list":{"0":"post-21355","1":"product","2":"type-product","3":"status-publish","4":"has-post-thumbnail","6":"product_brand-saunum","7":"product_cat-elektriskas-pirts-krasnis","8":"product_tag-saunum-pirts-krasnis","9":"product_shipping_class-bezmaksas","10":"tm-no-options","12":"first","13":"instock","14":"taxable","15":"shipping-taxable","16":"purchasable","17":"product-type-simple"},"acf":[],"_links":{"self":[{"href":"https:\/\/calor.ee\/lv\/wp-json\/wp\/v2\/product\/21355","targetHints":{"allow":["GET"]}}],"collection":[{"href":"https:\/\/calor.ee\/lv\/wp-json\/wp\/v2\/product"}],"about":[{"href":"https:\/\/calor.ee\/lv\/wp-json\/wp\/v2\/types\/product"}],"replies":[{"embeddable":true,"href":"https:\/\/calor.ee\/lv\/wp-json\/wp\/v2\/comments?post=21355"}],"wp:featuredmedia":[{"embeddable":true,"href":"https:\/\/calor.ee\/lv\/wp-json\/wp\/v2\/media\/21350"}],"wp:attachment":[{"href":"https:\/\/calor.ee\/lv\/wp-json\/wp\/v2\/media?parent=21355"}],"wp:term":[{"taxonomy":"product_brand","embeddable":true,"href":"https:\/\/calor.ee\/lv\/wp-json\/wp\/v2\/product_brand?post=21355"},{"taxonomy":"product_cat","embeddable":true,"href":"https:\/\/calor.ee\/lv\/wp-json\/wp\/v2\/product_cat?post=21355"},{"taxonomy":"product_tag","embeddable":true,"href":"https:\/\/calor.ee\/lv\/wp-json\/wp\/v2\/product_tag?post=21355"}],"curies":[{"name":"wp","href":"https:\/\/api.w.org\/{rel}","templated":true}]}}