{"id":21348,"date":"2023-12-19T12:12:33","date_gmt":"2023-12-19T10:12:33","guid":{"rendered":"https:\/\/calor.ee\/elektriska-pirts-krasns-saunum-spa-session-9kw\/"},"modified":"2026-02-03T10:29:10","modified_gmt":"2026-02-03T08:29:10","slug":"elektriska-pirts-krasns-saunum-spa-session-9kw","status":"publish","type":"product","link":"https:\/\/calor.ee\/lv\/elektriska-pirts-krasns-saunum-spa-session-9kw\/","title":{"rendered":"Elektrisk\u0101 pirts kr\u0101sns Saunum Spa Session 9kW"},"content":{"rendered":"<div class=\"row row-boxed\"  id=\"row-738832108\">\n\n\t<div id=\"col-1293575864\" class=\"col medium-1\/3 large-4\"  >\n\t\t\t\t<div class=\"col-inner\"  >\n\t\t\t\n\t\t\t\n\n\t\t<div class=\"icon-box featured-box icon-box-center text-center\"  >\n\t\t\t\t<div class=\"icon-box-text last-reset\">\n\t\t\t\t\t\t\t\t\t\n<p><strong>Maigs un ilgsto\u0161s gars<\/strong><\/p>\n<p>Saunum patent\u0113t\u0101 gaisa sl\u0101\u0146u sajauk\u0161anas sist\u0113ma sajauc gaisa sl\u0101\u0146us un karsto pirts garu, p\u0113c tam novirza maigo garu atpaka\u013c pirts telp\u0101, nodro\u0161inot vienm\u0113r\u012bg\u0101ku temperat\u016bru vis\u0101 pirt\u012b.<\/p>\n\t\t<\/div>\n\t<\/div>\n\t\n\t\n\t\t<\/div>\n\t\t\t\t\t<\/div>\n\n\t\n\n\t<div id=\"col-239871418\" class=\"col medium-1\/3 large-4\"  >\n\t\t\t\t<div class=\"col-inner\"  >\n\t\t\t\n\t\t\t\n\n\t\t<div class=\"icon-box featured-box icon-box-center text-center\"  >\n\t\t\t\t<div class=\"icon-box-text last-reset\">\n\t\t\t\t\t\t\t\t\t\n<p><strong>Intens\u012bva sv\u012b\u0161ana<\/strong><\/p>\n<p>Pirts garu var uzliet bie\u017e\u0101k, un, pateicoties vienm\u0113r\u012bg\u0101kai temperat\u016brai un mitr\u0101kam, ar sk\u0101bekli bag\u0101tam gaisam, \u0137ermenis s\u0101k sv\u012bst \u0101tr\u0101k.<\/p>\n\t\t<\/div>\n\t<\/div>\n\t\n\t\n\t\t<\/div>\n\t\t\t\t\t<\/div>\n\n\t\n\n\t<div id=\"col-1333308054\" class=\"col medium-1\/3 large-4\"  >\n\t\t\t\t<div class=\"col-inner\"  >\n\t\t\t\n\t\t\t\n\n\t\t<div class=\"icon-box featured-box icon-box-center text-center\"  >\n\t\t\t\t<div class=\"icon-box-text last-reset\">\n\t\t\t\t\t\t\t\t\t\n<p><strong>Piln\u012bgi jauna pirts baud\u012b\u0161anas pieredze<\/strong><\/p>\n<p>Saunum pirt\u012b, pateicoties ar sk\u0101bekli bag\u0101tam gaisam, ir viegl\u0101k elpot, savuk\u0101rt Himalaju negat\u012bvie s\u0101ls joni labv\u0113l\u012bgi ietekm\u0113 elpce\u013cus un \u0101du. Turkl\u0101t Saunum pirts \u013cauj baud\u012bt ar\u012b pilnv\u0113rt\u012bgu un vesel\u012bgu aromterapiju.<\/p>\n\t\t<\/div>\n\t<\/div>\n\t\n\t\n\t\t<\/div>\n\t\t\t\t\t<\/div>\n\n\t\n<\/div>\n<p><iframe loading=\"lazy\" title=\"Session-ENG\" src=\"https:\/\/player.vimeo.com\/video\/870673871?dnt=1&amp;app_id=122963\" width=\"1020\" height=\"574\" frameborder=\"0\" allow=\"autoplay; fullscreen; picture-in-picture; clipboard-write; encrypted-media; web-share\" referrerpolicy=\"strict-origin-when-cross-origin\"><\/iframe><\/p>\n<p>Komplekt sisaldab <strong>elektrikerist koos sisekliimaseadmega<\/strong>, <strong>soolapalle<\/strong> ja <strong>juhtseadet <\/strong>(sh automaatikaplokki, temperatuuri- ja ukseandurit ja puutetundlikku ekraani). Keris vajab juurde 60 kilogrammi 5-10 cm l\u00e4bim\u00f5\u00f5duga kive ja temperatuurikeskkonnale vastavat toitekaablit.<\/p>\n<p>Koos kerisega on v\u00f5imalik lisada ostukorvi just Saunumi keriste jaoks m\u00f5eldud lihvitud kerisekivid, mis on vastupidavad, hea soojusmahutavusega ja n\u00e4evad visuaalselt kaunid v\u00e4lja.<\/p>\n","protected":false},"excerpt":{"rendered":"<p><strong>Elektriskais pirts kr\u0101sns Saunum Spa Session 9kW<\/strong> ar ieb\u016bv\u0113tu iek\u0161telpu klimata iek\u0101rtu un komplekt\u0101 iek\u013cauto vad\u012bbas sist\u0113mu \u013cauj baud\u012bt pirts un SPA pieredzi, neizejot no m\u0101j\u0101m. \u0160\u012b jaun\u0101, revolucion\u0101r\u0101 elektrisk\u0101 pirts kr\u0101sns ir rad\u012bta ide\u0101las pirts izveidei dz\u012bvokl\u012b vai priv\u0101tm\u0101j\u0101. Neaizmirstamu pirts pieredzi nodro\u0161ina patent\u0113t\u0101 gaisa sajauk\u0161anas tehnolo\u0123ija un iesp\u0113ja izv\u0113l\u0113ties piecus da\u017e\u0101dus pirts gara (tvaika) veidus, p\u0101rv\u0113r\u0161ot j\u016bsu pirti par relaks\u0113jo\u0161u SPA zonu. Gaisa sl\u0101\u0146u sajauk\u0161anas sist\u0113ma uztver karsto pirts tvaiku no pirts telpas aug\u0161\u0113jiem sl\u0101\u0146iem, sajauc to ar v\u0113s\u0101ku gaisu pie gr\u012bdas un vienm\u0113r\u012bgi novada maigo pirts tvaiku atpaka\u013c telp\u0101. T\u0101d\u0113j\u0101di pirts gara lie\u0161anas laik\u0101 tiek nodro\u0161in\u0101ta vienm\u0113r\u012bg\u0101ka temperat\u016bra, bet ar gaisu bag\u0101tais tvaiks \u013cauj elpot viegl\u0101k. Pirts garu var liet bie\u017e\u0101k, pirts gaiss ir mitr\u0101ks un sv\u012b\u0161ana \u2013 intens\u012bv\u0101ka.     <\/p>\n<p>Turkl\u0101t Saunum Spa Session ir apr\u012bkots ar Himalaju s\u0101ls lod\u0113m, kas bag\u0101tina gaisu ar s\u0101ls joniem un kur\u0101m ir labv\u0113l\u012bga, dziedino\u0161a iedarb\u012bba gan uz elpce\u013ciem, gan uz \u0101du.<\/p>\n<p>Saunum Spa Session gaisa sl\u0101\u0146u sajauk\u0161anas sist\u0113ma ir integr\u0113ta tie\u0161i pirts kr\u0101sn\u012b, k\u0101 rezult\u0101t\u0101 tiek ieg\u016bts klasisks un laikmet\u012bgs dizains bez redzama gaisa kan\u0101la. Kr\u0101sns ir apr\u012bkota ar divl\u012bme\u0146u akme\u0146u grozu un lielu akme\u0146u ietilp\u012bbu, kas nodro\u0161ina vienm\u0113r\u012bgu un ilgsto\u0161u siltuma izplat\u012b\u0161anos, k\u0101 ar\u012b augst\u0101ku energoefektivit\u0101ti. Pirts \u016bdens vienm\u0113r\u012bgi sadal\u0101s starp akme\u0146u sl\u0101\u0146iem, t\u0101d\u0113j\u0101di samazinot termisko \u0161oku gan sildelementiem, gan akme\u0146iem, un nodro\u0161inot vienm\u0113r\u012bgu, maigu pirts garu. Pateicoties pat\u012bkami maigajam pirts garam, \u0137ermenis lab\u0101k sv\u012bst, pirts seanss ir ilg\u0101ks, un p\u0113c pirts apmekl\u0113juma nerodas ne pirts nogurums, ne galvass\u0101pes.   <\/p>\n<p>Izmantojot da\u017e\u0101dus pirts kr\u0101sns iestat\u012bjumus, j\u016bs varat izveidot pat 5-vien\u0101 spa risin\u0101jumu, kas \u013cauj klasisko tvaika pirti p\u0101rv\u0113rst gan par ar s\u0101ls joniem bag\u0101tin\u0101tu pirti, maigu relaks\u0101cijas pirti, mitru, ar tvaiku bag\u0101tu pirti, gan ar\u012b par aromterapijas pirti.<\/p>\n","protected":false},"featured_media":21338,"comment_status":"closed","ping_status":"closed","template":"","meta":{"_acf_changed":false},"product_brand":[5528],"product_cat":[5129],"product_tag":[5148],"class_list":{"0":"post-21348","1":"product","2":"type-product","3":"status-publish","4":"has-post-thumbnail","6":"product_brand-saunum","7":"product_cat-elektriskas-pirts-krasnis","8":"product_tag-saunum-pirts-krasnis","9":"product_shipping_class-bezmaksas","10":"tm-has-options","12":"first","13":"instock","14":"taxable","15":"shipping-taxable","16":"purchasable","17":"product-type-simple"},"acf":[],"_links":{"self":[{"href":"https:\/\/calor.ee\/lv\/wp-json\/wp\/v2\/product\/21348","targetHints":{"allow":["GET"]}}],"collection":[{"href":"https:\/\/calor.ee\/lv\/wp-json\/wp\/v2\/product"}],"about":[{"href":"https:\/\/calor.ee\/lv\/wp-json\/wp\/v2\/types\/product"}],"replies":[{"embeddable":true,"href":"https:\/\/calor.ee\/lv\/wp-json\/wp\/v2\/comments?post=21348"}],"wp:featuredmedia":[{"embeddable":true,"href":"https:\/\/calor.ee\/lv\/wp-json\/wp\/v2\/media\/21338"}],"wp:attachment":[{"href":"https:\/\/calor.ee\/lv\/wp-json\/wp\/v2\/media?parent=21348"}],"wp:term":[{"taxonomy":"product_brand","embeddable":true,"href":"https:\/\/calor.ee\/lv\/wp-json\/wp\/v2\/product_brand?post=21348"},{"taxonomy":"product_cat","embeddable":true,"href":"https:\/\/calor.ee\/lv\/wp-json\/wp\/v2\/product_cat?post=21348"},{"taxonomy":"product_tag","embeddable":true,"href":"https:\/\/calor.ee\/lv\/wp-json\/wp\/v2\/product_tag?post=21348"}],"curies":[{"name":"wp","href":"https:\/\/api.w.org\/{rel}","templated":true}]}}