{"id":21304,"date":"2021-05-05T16:07:25","date_gmt":"2021-05-05T14:07:25","guid":{"rendered":"https:\/\/calor.ee\/elektriska-pirts-krasns-saunum-experience-45kw\/"},"modified":"2026-02-03T10:25:06","modified_gmt":"2026-02-03T08:25:06","slug":"elektriska-pirts-krasns-saunum-experience-45kw","status":"publish","type":"product","link":"https:\/\/calor.ee\/lv\/elektriska-pirts-krasns-saunum-experience-45kw\/","title":{"rendered":"Elektrisk\u0101 pirts kr\u0101sns Saunum Experience 4,5kW"},"content":{"rendered":"<div class=\"row row-boxed\"  id=\"row-327303261\">\n\n\t<div id=\"col-1990257503\" class=\"col medium-1\/3 large-4\"  >\n\t\t\t\t<div class=\"col-inner\"  >\n\t\t\t\n\t\t\t\n\n\t\t<div class=\"icon-box featured-box icon-box-center text-center\"  >\n\t\t\t\t<div class=\"icon-box-text last-reset\">\n\t\t\t\t\t\t\t\t\t\n<p><strong>Maigs un ilgsto\u0161s gars<\/strong><\/p>\n<p>Saunum patent\u0113t\u0101 gaisa sl\u0101\u0146u sajauk\u0161anas sist\u0113ma sajauc gaisa sl\u0101\u0146us un karsto pirts garu, p\u0113c tam novirza maigo garu atpaka\u013c pirts telp\u0101, nodro\u0161inot vienm\u0113r\u012bg\u0101ku temperat\u016bru vis\u0101 pirt\u012b.<\/p>\n\t\t<\/div>\n\t<\/div>\n\t\n\t\n\t\t<\/div>\n\t\t\t\t\t<\/div>\n\n\t\n\n\t<div id=\"col-533077501\" class=\"col medium-1\/3 large-4\"  >\n\t\t\t\t<div class=\"col-inner\"  >\n\t\t\t\n\t\t\t\n\n\t\t<div class=\"icon-box featured-box icon-box-center text-center\"  >\n\t\t\t\t<div class=\"icon-box-text last-reset\">\n\t\t\t\t\t\t\t\t\t\n<p><strong>Intens\u012bva sv\u012b\u0161ana<\/strong><\/p>\n<p>Pirts garu var uzliet bie\u017e\u0101k, un, pateicoties vienm\u0113r\u012bg\u0101kai temperat\u016brai un mitr\u0101kam, ar sk\u0101bekli bag\u0101tam gaisam, \u0137ermenis s\u0101k sv\u012bst \u0101tr\u0101k.<\/p>\n\t\t<\/div>\n\t<\/div>\n\t\n\t\n\t\t<\/div>\n\t\t\t\t\t<\/div>\n\n\t\n\n\t<div id=\"col-1838616380\" class=\"col medium-1\/3 large-4\"  >\n\t\t\t\t<div class=\"col-inner\"  >\n\t\t\t\n\t\t\t\n\n\t\t<div class=\"icon-box featured-box icon-box-center text-center\"  >\n\t\t\t\t<div class=\"icon-box-text last-reset\">\n\t\t\t\t\t\t\t\t\t\n<p><strong>Piln\u012bgi jauna pirts baud\u012b\u0161anas pieredze<\/strong><\/p>\n<p>Saunum pirt\u012b, pateicoties ar sk\u0101bekli bag\u0101tam gaisam, ir viegl\u0101k elpot, savuk\u0101rt Himalaju negat\u012bvie s\u0101ls joni labv\u0113l\u012bgi ietekm\u0113 elpce\u013cus un \u0101du. Turkl\u0101t Saunum pirts \u013cauj baud\u012bt ar\u012b pilnv\u0113rt\u012bgu un vesel\u012bgu aromterapiju.<\/p>\n\t\t<\/div>\n\t<\/div>\n\t\n\t\n\t\t<\/div>\n\t\t\t\t\t<\/div>\n\n\t\n<\/div>\n<p><iframe loading=\"lazy\" title=\"For a simply sensational sauna!\" width=\"1020\" height=\"574\" src=\"https:\/\/www.youtube.com\/embed\/isvrVEHHurg?feature=oembed\" frameborder=\"0\" allow=\"accelerometer; autoplay; clipboard-write; encrypted-media; gyroscope; picture-in-picture; web-share\" referrerpolicy=\"strict-origin-when-cross-origin\" allowfullscreen><\/iframe><\/p>\n<p>Komplekt sisaldab <strong>elektrikerist koos sisekliimaseadmega<\/strong>\u00a0ja <strong>soolapalle<\/strong>. Keris vajab juurde juhtpulti, 60 kilogrammi 5-10 cm l\u00e4bim\u00f5\u00f5duga kive ja temperatuurikeskkonnale vastavat toitekaablit.<\/p>\n<p>Koos kerisega on v\u00f5imalik lisada ostukorvi just Saunumi keriste jaoks m\u00f5eldud lihvitud kerisekivid, mis on vastupidavad, hea soojusmahutavusega ja n\u00e4evad visuaalselt kaunid v\u00e4lja.<\/p>\n","protected":false},"excerpt":{"rendered":"<p><strong>Elektrisk\u0101 pirts kr\u0101sns Saunum Experience 4,5kW<\/strong> ar ieb\u016bv\u0113tu iek\u0161telpu klimata sist\u0113mu sniedz s\u0101ls SPA cien\u012bgu pieredzi, neizejot no m\u0101j\u0101m. \u0160\u012b skaist\u0101 dizaina elektrisk\u0101 pirts kr\u0101sns ir ide\u0101la izv\u0113le maz\u0101k\u0101m pirt\u012bm (3\u20135 m\u00b3) dz\u012bvokl\u012b vai priv\u0101tm\u0101j\u0101. <\/p>\n<p>Saunum Experience ir jaun\u0101ka un v\u0113l pilnveidot\u0101ka popul\u0101r\u0101s Saunum Primary elektrisk\u0101s pirts kr\u0101sns paaudze. Tai ir t\u012br\u0101ks un modern\u0101ks dizains, t\u0101 uzsilda pirts telpu \u0101tr\u0101k un ar maz\u0101ku elektroener\u0123ijas pat\u0113ri\u0146u, k\u0101 ar\u012b ir padar\u012bta v\u0113l lietot\u0101jam un uzst\u0101d\u012b\u0161anai draudz\u012bg\u0101ka. <\/p>\n<p>Saunum Experience 4,5 kW elektrisk\u0101s pirts kr\u0101sns iek\u0161\u0113j\u0101 klimata ier\u012bce ies\u016bc sev\u012b karsto gaisu no pirts telpas aug\u0161\u0113jiem gaisa sl\u0101\u0146iem un v\u0113s\u0101ku gaisu no apak\u0161\u0113jiem sl\u0101\u0146iem. Ier\u012bces iek\u0161ien\u0113 gaisa sl\u0101\u0146i un tvaiks tiek ma\u0123iski sajaukti, un no ier\u012bces izpl\u016bst atdzes\u0113ts gaisa\u2013tvaika mais\u012bjums, kas nodro\u0161ina vienm\u0113r\u012bg\u0101ku temperat\u016bru vis\u0101 pirts telp\u0101 un sniedz pat\u012bkamu baud\u012bjumu no galvas l\u012bdz pat p\u0113d\u0101m. <\/p>\n<p>Turkl\u0101t Saunum Experience ir apr\u012bkots ar Himalaju s\u0101ls lod\u0113m, kas bag\u0101tina gaisu ar s\u0101ls joniem un kur\u0101m ir labv\u0113l\u012bga, dziedino\u0161a iedarb\u012bba gan uz elpce\u013ciem, gan uz \u0101du.<\/p>\n<p>Ar \u0161o elektrisko pirts kr\u0101sni leilis ir pat\u012bkami maigs, \u0137ermenis lab\u0101k sv\u012bst, pirts seanss ir ilg\u0101ks, un p\u0113c pirts apmekl\u0113juma nav j\u016btams ne pirts nogurums, ne galvass\u0101pes.<\/p>\n<p>Elektrisko pirts kr\u0101sni varat izv\u0113l\u0113ties atbilsto\u0161i sav\u0101m v\u0113lm\u0113m \u2013 ar atv\u0113rtu vai sl\u0113gtu akme\u0146u grozu.<\/p>\n","protected":false},"featured_media":21313,"comment_status":"closed","ping_status":"closed","template":"","meta":{"_acf_changed":false},"product_brand":[5528],"product_cat":[5129],"product_tag":[5152,5148,5151],"class_list":{"0":"post-21304","1":"product","2":"type-product","3":"status-publish","4":"has-post-thumbnail","6":"product_brand-saunum","7":"product_cat-elektriskas-pirts-krasnis","8":"product_tag-saunum-experience","9":"product_tag-saunum-pirts-krasnis","10":"product_tag-saunum-primary","11":"product_shipping_class-bezmaksas","12":"tm-has-options","14":"first","15":"instock","16":"taxable","17":"shipping-taxable","18":"purchasable","19":"product-type-simple"},"acf":[],"_links":{"self":[{"href":"https:\/\/calor.ee\/lv\/wp-json\/wp\/v2\/product\/21304","targetHints":{"allow":["GET"]}}],"collection":[{"href":"https:\/\/calor.ee\/lv\/wp-json\/wp\/v2\/product"}],"about":[{"href":"https:\/\/calor.ee\/lv\/wp-json\/wp\/v2\/types\/product"}],"replies":[{"embeddable":true,"href":"https:\/\/calor.ee\/lv\/wp-json\/wp\/v2\/comments?post=21304"}],"wp:featuredmedia":[{"embeddable":true,"href":"https:\/\/calor.ee\/lv\/wp-json\/wp\/v2\/media\/21313"}],"wp:attachment":[{"href":"https:\/\/calor.ee\/lv\/wp-json\/wp\/v2\/media?parent=21304"}],"wp:term":[{"taxonomy":"product_brand","embeddable":true,"href":"https:\/\/calor.ee\/lv\/wp-json\/wp\/v2\/product_brand?post=21304"},{"taxonomy":"product_cat","embeddable":true,"href":"https:\/\/calor.ee\/lv\/wp-json\/wp\/v2\/product_cat?post=21304"},{"taxonomy":"product_tag","embeddable":true,"href":"https:\/\/calor.ee\/lv\/wp-json\/wp\/v2\/product_tag?post=21304"}],"curies":[{"name":"wp","href":"https:\/\/api.w.org\/{rel}","templated":true}]}}