{"id":21299,"date":"2023-03-03T12:16:52","date_gmt":"2023-03-03T10:16:52","guid":{"rendered":"https:\/\/calor.ee\/stiprinajuma-ramis-uku-vadibas-pultij\/"},"modified":"2023-03-03T12:16:52","modified_gmt":"2023-03-03T10:16:52","slug":"stiprinajuma-ramis-uku-vadibas-pultij","status":"publish","type":"product","link":"https:\/\/calor.ee\/lv\/stiprinajuma-ramis-uku-vadibas-pultij\/","title":{"rendered":"Stiprin\u0101juma r\u0101mis UKU vad\u012bbas pultij"},"content":{"rendered":"","protected":false},"excerpt":{"rendered":"<p>UKU vad\u012bbas pults stiprin\u0101juma r\u0101mis ir lielisks risin\u0101jums stikla apdares UKU vad\u012bbas pul\u0161u piestiprin\u0101\u0161anai pie sienas virsmas. Stikla apdares vad\u012bbas pultis (UKU Glass, UKU Mirror, UKU Gold) p\u0113c noklus\u0113juma ir paredz\u0113tas ieb\u016bv\u0113tai uzst\u0101d\u012b\u0161anai sien\u0101, ta\u010du ne vienm\u0113r ieb\u016bv\u0113\u0161ana ir iesp\u0113jama b\u016bvniecisku iemeslu vai virsmas apdares d\u0113\u013c. \u0160\u0101dos gad\u012bjumos, izmantojot \u0161o stiprin\u0101juma r\u0101mi, vad\u012bbas pulti var uzst\u0101d\u012bt virspus\u0113ji. <\/p>\n<p>Stiprin\u0101juma r\u0101mja uzst\u0101d\u012b\u0161ana ir \u013coti vienk\u0101r\u0161a, un rezult\u0101ts ir est\u0113tisks un stabils. UKU vad\u012bbas pults stiprin\u0101juma r\u0101mis ir izgatavots no met\u0101la un p\u0101rkl\u0101ts ar melnu kr\u0101su. <\/p>\n","protected":false},"featured_media":21300,"comment_status":"closed","ping_status":"closed","template":"","meta":{"_acf_changed":false},"product_brand":[5520],"product_cat":[5135],"product_tag":[],"class_list":{"0":"post-21299","1":"product","2":"type-product","3":"status-publish","4":"has-post-thumbnail","6":"product_brand-huum","7":"product_cat-pirts-piederumi","8":"product_shipping_class-huum","9":"tm-no-options","11":"first","12":"instock","13":"taxable","14":"shipping-taxable","15":"purchasable","16":"product-type-simple"},"acf":[],"_links":{"self":[{"href":"https:\/\/calor.ee\/lv\/wp-json\/wp\/v2\/product\/21299","targetHints":{"allow":["GET"]}}],"collection":[{"href":"https:\/\/calor.ee\/lv\/wp-json\/wp\/v2\/product"}],"about":[{"href":"https:\/\/calor.ee\/lv\/wp-json\/wp\/v2\/types\/product"}],"replies":[{"embeddable":true,"href":"https:\/\/calor.ee\/lv\/wp-json\/wp\/v2\/comments?post=21299"}],"wp:featuredmedia":[{"embeddable":true,"href":"https:\/\/calor.ee\/lv\/wp-json\/wp\/v2\/media\/21300"}],"wp:attachment":[{"href":"https:\/\/calor.ee\/lv\/wp-json\/wp\/v2\/media?parent=21299"}],"wp:term":[{"taxonomy":"product_brand","embeddable":true,"href":"https:\/\/calor.ee\/lv\/wp-json\/wp\/v2\/product_brand?post=21299"},{"taxonomy":"product_cat","embeddable":true,"href":"https:\/\/calor.ee\/lv\/wp-json\/wp\/v2\/product_cat?post=21299"},{"taxonomy":"product_tag","embeddable":true,"href":"https:\/\/calor.ee\/lv\/wp-json\/wp\/v2\/product_tag?post=21299"}],"curies":[{"name":"wp","href":"https:\/\/api.w.org\/{rel}","templated":true}]}}