{"id":21298,"date":"2021-11-19T13:31:42","date_gmt":"2021-11-19T11:31:42","guid":{"rendered":"https:\/\/calor.ee\/vadibas-pults-uku-wifi-koks\/"},"modified":"2021-11-19T13:31:42","modified_gmt":"2021-11-19T11:31:42","slug":"vadibas-pults-uku-wifi-koks","status":"publish","type":"product","link":"https:\/\/calor.ee\/lv\/vadibas-pults-uku-wifi-koks\/","title":{"rendered":"Vad\u012bbas pults UKU Wifi (koks)"},"content":{"rendered":"<p>Komplekt\u0101 ietilpst koka vad\u012bbas panelis (105 x 55 x 22 mm), vad\u012bbas pane\u013ca kabelis (3 m; 4 \u00d7 0,34 mm\u00b2), galvenais modulis (142 \u00d7 90 \u00d7 58 mm), temperat\u016bras sensors, durvju sensors, kabelis temperat\u016bras un durvju sensoram (5 + 5 m; 2 \u00d7 0,22 mm\u00b2).<\/p>\n","protected":false},"excerpt":{"rendered":"<p><strong>Vad\u012bbas pults Uku Wifi (koks)<\/strong> ir lieliska izv\u0113le, ja v\u0113laties iesl\u0113gt ar elektrisko pirts kr\u0101sni apr\u012bkotu pirti gan no vad\u012bbas pults, gan ar mobil\u0101s lietotnes pal\u012bdz\u012bbu. \u0160\u012b vad\u012bbas pults ir paredz\u0113ta m\u0101jas pirt\u012bm vai cit\u0101m pirt\u012bm, kur pieejams WiFi t\u012bkls, jo savieno\u0161anai ar lietotni ir nepiecie\u0161ams bezvadu interneta savienojums. J\u016bs varat atrasties jebkur\u0101 pasaules viet\u0101 un izmantot savu viedt\u0101lruni ar mobilo lietotni (Android, iOS, t\u012bmek\u013ca versija). Kam\u0113r j\u016bsu viedt\u0101lrunim ir interneta piesl\u0113gums, j\u016bs varat vad\u012bt un kontrol\u0113t pirti sev \u0113rt\u0101 laik\u0101 un viet\u0101. Vai pabeidzat nogurdino\u0161u darba dienu vai esat skr\u0113jien\u0101 un v\u0113laties, lai, p\u0101rn\u0101kot m\u0101j\u0101s, j\u016bs jau gaid\u012btu pat\u012bkami sakars\u0113ta pirts? Pietiek ar da\u017eiem klik\u0161\u0137iem, un karsta, relaks\u0113jo\u0161a pirts b\u016bs gatava. Lietotn\u0113 varat iestat\u012bt sild\u012b\u0161anas s\u0101kuma un beigu laiku, izv\u0113l\u0113ties sev v\u0113lamo temperat\u016bru, k\u0101 ar\u012b sekot l\u012bdzi pa\u0161reiz\u0113jai temperat\u016brai. Kad sasniegta v\u0113lam\u0101 temperat\u016bra, j\u016bs sa\u0146emsiet pazi\u0146ojumu sav\u0101 telefon\u0101 \u2013 un var\u0113siet doties baud\u012bt pirts priekus.       <\/p>\n<p>UKU Wifi vad\u012bbas pultij ir vair\u0101kas funkcijas un iesp\u0113jas, kas padara pirts sild\u012b\u0161anu un pirts apmekl\u0113\u0161anu pat\u012bkamu un dro\u0161u pieredzi. \u0160o vad\u012bbas pulti var piesl\u0113gt pirts apgaismojumam, ventil\u0101cijai un tvaika \u0123eneratoram, tai ir p\u0101rkar\u0161anas aizsardz\u012bba un b\u0113rnu dro\u0161\u012bbas sl\u0113dzene, lai pirts dien\u0101 j\u016bs var\u0113tu justies mier\u012bgi un neuztraukties par dro\u0161\u012bbu. <\/p>\n<p>Vad\u012bbas pults ir piem\u0113rota vis\u0101m elektriskaj\u0101m pirts kr\u0101sn\u012bm l\u012bdz 18 kW jaudai. T\u0101 ir sader\u012bga gan ar HUUM elektriskaj\u0101m pirts kr\u0101sn\u012bm, gan ar citu ra\u017eot\u0101ju elektriskaj\u0101m pirts kr\u0101sn\u012bm. <\/p>\n<p>Vad\u012bbas pults UKU Wifi (koks) ir izgatavota ar rok\u0101m no termiski apstr\u0101d\u0101ta o\u0161a koka.<\/p>\n","protected":false},"featured_media":21271,"comment_status":"closed","ping_status":"closed","template":"","meta":{"_acf_changed":false},"product_brand":[5520],"product_cat":[5132],"product_tag":[],"class_list":{"0":"post-21298","1":"product","2":"type-product","3":"status-publish","4":"has-post-thumbnail","6":"product_brand-huum","7":"product_cat-vadibas-pultis","8":"product_shipping_class-bezmaksas","9":"tm-no-options","11":"first","12":"instock","13":"sale","14":"taxable","15":"shipping-taxable","16":"purchasable","17":"product-type-simple"},"acf":[],"_links":{"self":[{"href":"https:\/\/calor.ee\/lv\/wp-json\/wp\/v2\/product\/21298","targetHints":{"allow":["GET"]}}],"collection":[{"href":"https:\/\/calor.ee\/lv\/wp-json\/wp\/v2\/product"}],"about":[{"href":"https:\/\/calor.ee\/lv\/wp-json\/wp\/v2\/types\/product"}],"replies":[{"embeddable":true,"href":"https:\/\/calor.ee\/lv\/wp-json\/wp\/v2\/comments?post=21298"}],"wp:featuredmedia":[{"embeddable":true,"href":"https:\/\/calor.ee\/lv\/wp-json\/wp\/v2\/media\/21271"}],"wp:attachment":[{"href":"https:\/\/calor.ee\/lv\/wp-json\/wp\/v2\/media?parent=21298"}],"wp:term":[{"taxonomy":"product_brand","embeddable":true,"href":"https:\/\/calor.ee\/lv\/wp-json\/wp\/v2\/product_brand?post=21298"},{"taxonomy":"product_cat","embeddable":true,"href":"https:\/\/calor.ee\/lv\/wp-json\/wp\/v2\/product_cat?post=21298"},{"taxonomy":"product_tag","embeddable":true,"href":"https:\/\/calor.ee\/lv\/wp-json\/wp\/v2\/product_tag?post=21298"}],"curies":[{"name":"wp","href":"https:\/\/api.w.org\/{rel}","templated":true}]}}