{"id":21285,"date":"2021-03-29T19:49:25","date_gmt":"2021-03-29T17:49:25","guid":{"rendered":"https:\/\/calor.ee\/vadibas-pults-uku-wifi-glass\/"},"modified":"2026-01-19T15:48:43","modified_gmt":"2026-01-19T13:48:43","slug":"vadibas-pults-uku-wifi-glass","status":"publish","type":"product","link":"https:\/\/calor.ee\/lv\/vadibas-pults-uku-wifi-glass\/","title":{"rendered":"Vad\u012bbas pults UKU Wifi Glass"},"content":{"rendered":"<p>Komplekt\u0101 ietilpst vad\u012bbas panelis (90 x 130 x 18,2 mm), vad\u012bbas pane\u013ca kabelis (3 m; 4 \u00d7 0,34 mm\u00b2), galvenais modulis (142 \u00d7 90 \u00d7 58 mm), temperat\u016bras sensors, durvju sensors, kabelis temperat\u016bras un durvju sensoram (5 + 5 m; 2 \u00d7 0,22 mm\u00b2).<\/p>\n<p>Vad\u012bbas panelis ir paredz\u0113ts galvenok\u0101rt ieb\u016bv\u0113tai uzst\u0101d\u012b\u0161anai sien\u0101, un pirms uzst\u0101d\u012b\u0161anas izv\u0113l\u0113taj\u0101 viet\u0101 sien\u0101 j\u0101izveido padzi\u013cin\u0101jums ar izm\u0113riem 65 \u00d7 105 mm. Ja ieb\u016bv\u0113ta uzst\u0101d\u012b\u0161ana nav iesp\u0113jama b\u016bvniec\u012bbas vai apdares d\u0113\u013c, vad\u012bbas paneli var uzst\u0101d\u012bt ar\u012b virsapmetuma veid\u0101, izmantojot tam paredz\u0113to <a title=\"Stiprin\u0101juma r\u0101mis UKU vad\u012bbas pultij\" href=\"https:\/\/calor.ee\/kinnitusraam-uku-juhtpuldile\/\">UKU vad\u012bbas pults stiprin\u0101juma r\u0101mi<\/a>. <\/p>\n<p><iframe loading=\"lazy\" title=\"UKU Glass sauna controller\" width=\"1020\" height=\"574\" src=\"https:\/\/www.youtube.com\/embed\/RcKgv7myvLM?feature=oembed\" frameborder=\"0\" allow=\"accelerometer; autoplay; clipboard-write; encrypted-media; gyroscope; picture-in-picture; web-share\" referrerpolicy=\"strict-origin-when-cross-origin\" allowfullscreen><\/iframe><\/p>\n","protected":false},"excerpt":{"rendered":"<p><strong>Vad\u012bbas pults UKU Wifi Glass<\/strong> ir jaun\u0101k\u0101 HUUM elektrisk\u0101s pirts kr\u0101sns vad\u012bbas ier\u012bce, kas ar savu izcilo dizainu lieliski iederas jebkur\u0101 pirts interjer\u0101. \u0160\u012b stil\u012bg\u0101 meln\u0101 stikla vad\u012bbas pults ir ikviena interjera dizainera un pirts \u012bpa\u0161nieka sapnis. <\/p>\n<p>Ja v\u0113laties elektrisko pirts kr\u0101sni darbin\u0101t gan ar vad\u012bbas pulti, gan ar mobilo lietotni, tad UKU Wifi Glass vad\u012bbas pults ir tam ide\u0101la izv\u0113le. \u0160\u012b vad\u012bbas pults ir paredz\u0113ta m\u0101jas pirt\u012bm vai cit\u0101m pirt\u012bm, kur pieejams WiFi t\u012bkls, jo savieno\u0161anai ar lietotni ir nepiecie\u0161ams bezvadu interneta savienojums. J\u016bs varat atrasties jebkur\u0101 pasaules viet\u0101 un izmantot savu viedt\u0101lruni ar mobilo lietotni (Android, iOS, t\u012bmek\u013ca versija). Kam\u0113r j\u016bsu viedt\u0101lrunim ir interneta piesl\u0113gums, j\u016bs varat vad\u012bt un kontrol\u0113t pirti sev \u0113rt\u0101 laik\u0101 un viet\u0101. Vai pabeidzat nogurdino\u0161u darba dienu vai esat skr\u0113jien\u0101 un v\u0113laties, lai, p\u0101rn\u0101kot m\u0101j\u0101s, j\u016bs jau gaid\u012btu pat\u012bkami sakars\u0113ta pirts? Pietiek ar da\u017eiem klik\u0161\u0137iem, un karsta, relaks\u0113jo\u0161a pirts b\u016bs gatava. Lietotn\u0113 varat iestat\u012bt sild\u012b\u0161anas s\u0101kuma un beigu laiku, izv\u0113l\u0113ties sev v\u0113lamo temperat\u016bru, k\u0101 ar\u012b sekot l\u012bdzi pa\u0161reiz\u0113jai temperat\u016brai. Kad sasniegta v\u0113lam\u0101 temperat\u016bra, j\u016bs sa\u0146emsiet pazi\u0146ojumu sav\u0101 telefon\u0101 \u2013 un var\u0113siet doties baud\u012bt pirts priekus.       <\/p>\n<p>UKU Wifi vad\u012bbas pultij ir vair\u0101kas funkcijas un iesp\u0113jas, kas padara pirts sild\u012b\u0161anu un pirts apmekl\u0113\u0161anu pat\u012bkamu un dro\u0161u pieredzi. \u0160o vad\u012bbas pulti var piesl\u0113gt pirts apgaismojumam, ventil\u0101cijai un tvaika \u0123eneratoram, tai ir p\u0101rkar\u0161anas aizsardz\u012bba un b\u0113rnu dro\u0161\u012bbas sl\u0113dzene, lai pirts dien\u0101 j\u016bs var\u0113tu justies mier\u012bgi un neuztraukties par dro\u0161\u012bbu. <\/p>\n<p>Vad\u012bbas pults ir piem\u0113rota vis\u0101m elektriskaj\u0101m pirts kr\u0101sn\u012bm l\u012bdz 18 kW jaudai. T\u0101 ir sader\u012bga gan ar HUUM elektriskaj\u0101m pirts kr\u0101sn\u012bm, gan ar citu ra\u017eot\u0101ju elektriskaj\u0101m pirts kr\u0101sn\u012bm. <\/p>\n","protected":false},"featured_media":21286,"comment_status":"closed","ping_status":"closed","template":"","meta":{"_acf_changed":false},"product_brand":[76],"product_cat":[5132],"product_tag":[],"class_list":{"0":"post-21285","1":"product","2":"type-product","3":"status-publish","4":"has-post-thumbnail","6":"product_brand-huum","7":"product_cat-vadibas-pultis","8":"product_shipping_class-bezmaksas","9":"tm-no-options","11":"first","12":"instock","13":"sale","14":"taxable","15":"shipping-taxable","16":"purchasable","17":"product-type-simple"},"acf":[],"_links":{"self":[{"href":"https:\/\/calor.ee\/lv\/wp-json\/wp\/v2\/product\/21285","targetHints":{"allow":["GET"]}}],"collection":[{"href":"https:\/\/calor.ee\/lv\/wp-json\/wp\/v2\/product"}],"about":[{"href":"https:\/\/calor.ee\/lv\/wp-json\/wp\/v2\/types\/product"}],"replies":[{"embeddable":true,"href":"https:\/\/calor.ee\/lv\/wp-json\/wp\/v2\/comments?post=21285"}],"wp:featuredmedia":[{"embeddable":true,"href":"https:\/\/calor.ee\/lv\/wp-json\/wp\/v2\/media\/21286"}],"wp:attachment":[{"href":"https:\/\/calor.ee\/lv\/wp-json\/wp\/v2\/media?parent=21285"}],"wp:term":[{"taxonomy":"product_brand","embeddable":true,"href":"https:\/\/calor.ee\/lv\/wp-json\/wp\/v2\/product_brand?post=21285"},{"taxonomy":"product_cat","embeddable":true,"href":"https:\/\/calor.ee\/lv\/wp-json\/wp\/v2\/product_cat?post=21285"},{"taxonomy":"product_tag","embeddable":true,"href":"https:\/\/calor.ee\/lv\/wp-json\/wp\/v2\/product_tag?post=21285"}],"curies":[{"name":"wp","href":"https:\/\/api.w.org\/{rel}","templated":true}]}}