{"id":21267,"date":"2020-11-13T10:14:27","date_gmt":"2020-11-13T08:14:27","guid":{"rendered":"https:\/\/calor.ee\/juhtpult-uku-local\/"},"modified":"2026-01-20T09:07:31","modified_gmt":"2026-01-20T07:07:31","slug":"vadibas-pults-uku-local","status":"publish","type":"product","link":"https:\/\/calor.ee\/lv\/vadibas-pults-uku-local\/","title":{"rendered":"Vad\u012bbas pults UKU Local"},"content":{"rendered":"<p>Komplekt\u0101 ietilpst vad\u012bbas panelis (105 \u00d7 55 \u00d7 22 mm), vad\u012bbas pane\u013ca kabelis (3 m; 4 \u00d7 0,34 mm\u00b2), galvenais modulis (142 \u00d7 90 \u00d7 58 mm), temperat\u016bras sensors, durvju sensors, kabelis temperat\u016bras un durvju sensoram (5 + 5 m; 2 \u00d7 0,22 mm\u00b2).<\/p>\n<p>UKU Local vad\u012bbas pulti p\u0113c v\u0113l\u0113\u0161an\u0101s jebkur\u0101 br\u012bd\u012b ir iesp\u0113jams jaunin\u0101t uz WiFi versiju. Jaunin\u0101\u0161anu var veikt, izmantojot galven\u0101 modu\u013ca korpus\u0101 nor\u0101d\u012bto ID kodu HUUM lietotn\u0113. Jaunin\u0101\u0161anas maksa ir nor\u0101d\u012bta HUUM lietotn\u0113, un apmaksa ir \u0113rti veicama tie\u0161i lietotnes ietvaros. <\/p>\n","protected":false},"excerpt":{"rendered":"<p><strong>Vad\u012bbas pults UKU Local<\/strong> ir laba izv\u0113le, ja v\u0113laties pirt\u012b ar elektrisko pirts kr\u0101sni uzs\u0101kt kars\u0113\u0161anu tikai lok\u0101li, izmantojot vad\u012bbas pulti. \u0160\u012b vad\u012bbas pults padara saunas kurin\u0101\u0161anu \u0101rk\u0101rt\u012bgi vienk\u0101r\u0161u un \u0113rtu, ar to bez gr\u016bt\u012bb\u0101m tiks gal\u0101 visi \u0123imenes locek\u013ci. J\u016bs varat regul\u0113t saunas temperat\u016bru, izv\u0113l\u0113ties sev piem\u0113rotu sild\u012b\u0161anas laiku un izmantot taimeri sild\u012b\u0161anas s\u0101kuma laika iestat\u012b\u0161anai. Dodoties no r\u012bta uz darbu, bet vakar\u0101 p\u0101rn\u0101kot m\u0101j\u0101s, J\u016bs sagaida jau uzsild\u012bta un relaks\u0113jo\u0161a sauna \u2013 \u0113rti, vai ne?   <\/p>\n<p>UKU Local vad\u012bbas pultij ir vair\u0101kas funkcijas un iesp\u0113jas, kas padara pirts sild\u012b\u0161anu un pirts apmekl\u0113\u0161anu pat\u012bkamu un dro\u0161u pieredzi. \u0160o vad\u012bbas pulti var piesl\u0113gt pirts apgaismojumam, ventil\u0101cijai un tvaika \u0123eneratoram, tai ir p\u0101rkar\u0161anas aizsardz\u012bba un b\u0113rnu dro\u0161\u012bbas sl\u0113dzene, lai pirts dien\u0101 j\u016bs var\u0113tu justies mier\u012bgi un neuztraukties par dro\u0161\u012bbu. <\/p>\n<p>Vad\u012bbas pults ir piem\u0113rota vis\u0101m elektriskaj\u0101m pirts kr\u0101sn\u012bm l\u012bdz 18 kW jaudai. T\u0101 ir sader\u012bga gan ar HUUM elektriskaj\u0101m pirts kr\u0101sn\u012bm, gan ar citu ra\u017eot\u0101ju elektriskaj\u0101m pirts kr\u0101sn\u012bm. <\/p>\n<p>Vad\u012bbas pults UKU Local ir pieejama ar da\u017e\u0101du kr\u0101su plastmasas korpusu, no kuriem varat izv\u0113l\u0113ties sev piem\u0113rot\u0101ko.<\/p>\n","protected":false},"featured_media":21277,"comment_status":"closed","ping_status":"closed","template":"","meta":{"_acf_changed":false},"product_brand":[],"product_cat":[5132],"product_tag":[],"class_list":{"0":"post-21267","1":"product","2":"type-product","3":"status-publish","4":"has-post-thumbnail","6":"product_cat-vadibas-pultis","7":"product_shipping_class-bezmaksas","8":"tm-no-options","10":"first","11":"instock","12":"sale","13":"taxable","14":"shipping-taxable","15":"purchasable","16":"product-type-simple"},"acf":[],"_links":{"self":[{"href":"https:\/\/calor.ee\/lv\/wp-json\/wp\/v2\/product\/21267","targetHints":{"allow":["GET"]}}],"collection":[{"href":"https:\/\/calor.ee\/lv\/wp-json\/wp\/v2\/product"}],"about":[{"href":"https:\/\/calor.ee\/lv\/wp-json\/wp\/v2\/types\/product"}],"replies":[{"embeddable":true,"href":"https:\/\/calor.ee\/lv\/wp-json\/wp\/v2\/comments?post=21267"}],"wp:featuredmedia":[{"embeddable":true,"href":"https:\/\/calor.ee\/lv\/wp-json\/wp\/v2\/media\/21277"}],"wp:attachment":[{"href":"https:\/\/calor.ee\/lv\/wp-json\/wp\/v2\/media?parent=21267"}],"wp:term":[{"taxonomy":"product_brand","embeddable":true,"href":"https:\/\/calor.ee\/lv\/wp-json\/wp\/v2\/product_brand?post=21267"},{"taxonomy":"product_cat","embeddable":true,"href":"https:\/\/calor.ee\/lv\/wp-json\/wp\/v2\/product_cat?post=21267"},{"taxonomy":"product_tag","embeddable":true,"href":"https:\/\/calor.ee\/lv\/wp-json\/wp\/v2\/product_tag?post=21267"}],"curies":[{"name":"wp","href":"https:\/\/api.w.org\/{rel}","templated":true}]}}