{"id":21166,"date":"2025-02-20T12:02:14","date_gmt":"2025-02-20T10:02:14","guid":{"rendered":"https:\/\/calor.ee\/nerusejosa-terauda-dumvada-caurules-likums-0-90-ar-tirisanas-luku-cermas-d130\/"},"modified":"2025-02-20T12:02:14","modified_gmt":"2025-02-20T10:02:14","slug":"nerusejosa-terauda-dumvada-caurules-likums-0-90-ar-tirisanas-luku-cermas-d130","status":"publish","type":"product","link":"https:\/\/calor.ee\/lv\/nerusejosa-terauda-dumvada-caurules-likums-0-90-ar-tirisanas-luku-cermas-d130\/","title":{"rendered":"Ner\u016bs\u0113jo\u0161a t\u0113rauda d\u016bmvada caurules l\u012bkums 0\u201390\u00b0 ar t\u012br\u012b\u0161anas l\u016bku Cermas D130"},"content":{"rendered":"","protected":false},"excerpt":{"rendered":"<p>Regul\u0113jams <strong>ner\u016bs\u0113jo\u0161\u0101 t\u0113rauda d\u016bmvada caurules l\u012bkums 0\u201390\u00b0 ar t\u012br\u012b\u0161anas l\u016bku Cermas D130<\/strong> ir izgatavots <strong>no 0,8 mm korozijiztur\u012bga ner\u016bs\u0113jo\u0161\u0101 t\u0113rauda EN 1.4404<\/strong> (AISI 316L). Izstr\u0101d\u0101jums ir CE mar\u0137\u0113ts un atbilst vis\u0101m Latvij\u0101 un Eiropas Savien\u012bb\u0101 sp\u0113k\u0101 eso\u0161aj\u0101m norm\u0101m. P\u0101rbaud\u012bts saska\u0146\u0101 ar EN 1856-2 un tam ir mar\u0137\u0113jums 600-N1-W-Vm-L50080-G100. Piem\u0113rots lieto\u0161anai gan sausos, gan mitros apst\u0101k\u013cos, un materi\u0101la 0,8 mm biezums nodro\u0161ina ilgu kalpo\u0161anas laiku.   <\/p>\n<p>Ner\u016bs\u0113jo\u0161\u0101 t\u0113rauda d\u016bmvada caurule ir lieliski piem\u0113rota visu veidu apkures ier\u012b\u010du pievieno\u0161anai skurstenim, kuru d\u016bmg\u0101zu temperat\u016bra nep\u0101rsniedz 600\u00b0C.<\/p>\n<p>Regul\u0113jams ner\u016bs\u0113jo\u0161\u0101 t\u0113rauda d\u016bmvada caurules l\u012bkums ir apr\u012bkots ar t\u012br\u012b\u0161anas l\u016bku, kas nodro\u0161ina \u0113rtu piek\u013cuvi d\u016bmvada t\u012br\u012b\u0161anai. D\u016bmvada caurules l\u012bkuma diametrs ir 130 mm.<\/p>\n","protected":false},"featured_media":21165,"comment_status":"closed","ping_status":"closed","template":"","meta":{"_acf_changed":false},"product_brand":[5547],"product_cat":[5141],"product_tag":[],"class_list":{"0":"post-21166","1":"product","2":"type-product","3":"status-publish","4":"has-post-thumbnail","6":"product_brand-cermas","7":"product_cat-dumvada-caurules","8":"tm-no-options","10":"first","11":"instock","12":"sale","13":"taxable","14":"shipping-taxable","15":"purchasable","16":"product-type-simple"},"acf":[],"_links":{"self":[{"href":"https:\/\/calor.ee\/lv\/wp-json\/wp\/v2\/product\/21166","targetHints":{"allow":["GET"]}}],"collection":[{"href":"https:\/\/calor.ee\/lv\/wp-json\/wp\/v2\/product"}],"about":[{"href":"https:\/\/calor.ee\/lv\/wp-json\/wp\/v2\/types\/product"}],"replies":[{"embeddable":true,"href":"https:\/\/calor.ee\/lv\/wp-json\/wp\/v2\/comments?post=21166"}],"wp:featuredmedia":[{"embeddable":true,"href":"https:\/\/calor.ee\/lv\/wp-json\/wp\/v2\/media\/21165"}],"wp:attachment":[{"href":"https:\/\/calor.ee\/lv\/wp-json\/wp\/v2\/media?parent=21166"}],"wp:term":[{"taxonomy":"product_brand","embeddable":true,"href":"https:\/\/calor.ee\/lv\/wp-json\/wp\/v2\/product_brand?post=21166"},{"taxonomy":"product_cat","embeddable":true,"href":"https:\/\/calor.ee\/lv\/wp-json\/wp\/v2\/product_cat?post=21166"},{"taxonomy":"product_tag","embeddable":true,"href":"https:\/\/calor.ee\/lv\/wp-json\/wp\/v2\/product_tag?post=21166"}],"curies":[{"name":"wp","href":"https:\/\/api.w.org\/{rel}","templated":true}]}}