{"id":21146,"date":"2025-11-17T11:26:33","date_gmt":"2025-11-17T09:26:33","guid":{"rendered":"https:\/\/calor.ee\/dumvada-caurules-dubults-augsejais-aizsargekrans-90-likumam-color-d120-melns\/"},"modified":"2025-11-17T11:26:33","modified_gmt":"2025-11-17T09:26:33","slug":"dumvada-caurules-dubults-augsejais-aizsargekrans-90-likumam-color-d120-melns","status":"publish","type":"product","link":"https:\/\/calor.ee\/lv\/dumvada-caurules-dubults-augsejais-aizsargekrans-90-likumam-color-d120-melns\/","title":{"rendered":"D\u016bmvada caurules dubults aug\u0161\u0113jais aizsargekr\u0101ns 90\u00b0 l\u012bkumam COLOR D120 (melns)"},"content":{"rendered":"","protected":false},"excerpt":{"rendered":"<p>D\u016bmvada caurules 90\u00b0 l\u012bkuma dubultais aug\u0161\u0113jais aizsargekr\u0101ns b\u016btiski samazina nepiecie\u0161am\u0101s dro\u0161\u012bbas distances ap d\u016bmvada cauruli. Izmantojot aizsargekr\u0101nu, d\u016bmvadu dr\u012bkst uzst\u0101d\u012bt l\u012bdz pat 30 cm att\u0101lum\u0101 no dego\u0161iem materi\u0101liem. Piem\u0113rots 115 mm, 120 mm un 130 mm diametra d\u016bmvada caurul\u0113m.  <\/p>\n<p>Aizsargekr\u0101ns ir p\u0101rkl\u0101ta ar augstas kvalit\u0101tes karstumiztur\u012bgu melnu kr\u0101su. \u0160is produkts ir mar\u0137\u0113ts ar CE z\u012bmi un atbilst visiem Latvijas un Eiropas Savien\u012bb\u0101 noteiktajiem standartiem. <\/p>\n<p>COLOR z\u012bmola d\u016bmvada caurules un piederumi ir premium klases izstr\u0101d\u0101jumi un lab\u0101k\u0101 izv\u0113le tirg\u016b.<\/p>\n","protected":false},"featured_media":21147,"comment_status":"closed","ping_status":"closed","template":"","meta":{"_acf_changed":false},"product_brand":[5546],"product_cat":[5141],"product_tag":[],"class_list":{"0":"post-21146","1":"product","2":"type-product","3":"status-publish","4":"has-post-thumbnail","6":"product_brand-color","7":"product_cat-dumvada-caurules","8":"tm-no-options","10":"first","11":"instock","12":"sale","13":"taxable","14":"shipping-taxable","15":"purchasable","16":"product-type-simple"},"acf":[],"_links":{"self":[{"href":"https:\/\/calor.ee\/lv\/wp-json\/wp\/v2\/product\/21146","targetHints":{"allow":["GET"]}}],"collection":[{"href":"https:\/\/calor.ee\/lv\/wp-json\/wp\/v2\/product"}],"about":[{"href":"https:\/\/calor.ee\/lv\/wp-json\/wp\/v2\/types\/product"}],"replies":[{"embeddable":true,"href":"https:\/\/calor.ee\/lv\/wp-json\/wp\/v2\/comments?post=21146"}],"wp:featuredmedia":[{"embeddable":true,"href":"https:\/\/calor.ee\/lv\/wp-json\/wp\/v2\/media\/21147"}],"wp:attachment":[{"href":"https:\/\/calor.ee\/lv\/wp-json\/wp\/v2\/media?parent=21146"}],"wp:term":[{"taxonomy":"product_brand","embeddable":true,"href":"https:\/\/calor.ee\/lv\/wp-json\/wp\/v2\/product_brand?post=21146"},{"taxonomy":"product_cat","embeddable":true,"href":"https:\/\/calor.ee\/lv\/wp-json\/wp\/v2\/product_cat?post=21146"},{"taxonomy":"product_tag","embeddable":true,"href":"https:\/\/calor.ee\/lv\/wp-json\/wp\/v2\/product_tag?post=21146"}],"curies":[{"name":"wp","href":"https:\/\/api.w.org\/{rel}","templated":true}]}}