{"id":21140,"date":"2024-11-15T14:30:47","date_gmt":"2024-11-15T12:30:47","guid":{"rendered":"https:\/\/calor.ee\/divsienu-dumvada-caurules-adapteris-115-mm-color-d120-melns\/"},"modified":"2025-12-18T17:45:47","modified_gmt":"2025-12-18T15:45:47","slug":"divsienu-dumvada-caurules-adapteris-115-mm-color-d120-melns","status":"publish","type":"product","link":"https:\/\/calor.ee\/lv\/divsienu-dumvada-caurules-adapteris-115-mm-color-d120-melns\/","title":{"rendered":"Divsienu d\u016bmvada caurules adapteris 115 mm COLOR D120 (melns)"},"content":{"rendered":"","protected":false},"excerpt":{"rendered":"<p>Divsienu d\u016bmvada caurules adapteris ir paredz\u0113ts izol\u0113t\u0101s d\u016bmvada caurules savieno\u0161anai ar skursteni. \u0160is adapteris ir piem\u0113rots d\u016bmvada caurulei ar 120 mm iek\u0161\u0113jo diametru, un t\u0101 dzi\u013cums ir 115 mm. T\u0101 ir p\u0101rkl\u0101ta ar augstas kvalit\u0101tes karstumiztur\u012bgu melnu kr\u0101su, un t\u0101s darba temperat\u016bra ir l\u012bdz 600\u00b0C.   Adapteris ir CE mar\u0137\u0113ta un atbilst vis\u0101m Latvij\u0101 un Eiropas Savien\u012bb\u0101 sp\u0113k\u0101 eso\u0161aj\u0101m norm\u0101m un pras\u012bb\u0101m.<\/p>\n<p>COLOR z\u012bmola d\u016bmvada caurules un piederumi ir premium klases izstr\u0101d\u0101jumi un lab\u0101k\u0101 izv\u0113le tirg\u016b.<\/p>\n<p>&nbsp;<\/p>\n","protected":false},"featured_media":21141,"comment_status":"closed","ping_status":"closed","template":"","meta":{"_acf_changed":false},"product_brand":[5546],"product_cat":[5141],"product_tag":[],"class_list":{"0":"post-21140","1":"product","2":"type-product","3":"status-publish","4":"has-post-thumbnail","6":"product_brand-color","7":"product_cat-dumvada-caurules","8":"tm-no-options","10":"first","11":"instock","12":"sale","13":"taxable","14":"shipping-taxable","15":"purchasable","16":"product-type-simple"},"acf":[],"_links":{"self":[{"href":"https:\/\/calor.ee\/lv\/wp-json\/wp\/v2\/product\/21140","targetHints":{"allow":["GET"]}}],"collection":[{"href":"https:\/\/calor.ee\/lv\/wp-json\/wp\/v2\/product"}],"about":[{"href":"https:\/\/calor.ee\/lv\/wp-json\/wp\/v2\/types\/product"}],"replies":[{"embeddable":true,"href":"https:\/\/calor.ee\/lv\/wp-json\/wp\/v2\/comments?post=21140"}],"wp:featuredmedia":[{"embeddable":true,"href":"https:\/\/calor.ee\/lv\/wp-json\/wp\/v2\/media\/21141"}],"wp:attachment":[{"href":"https:\/\/calor.ee\/lv\/wp-json\/wp\/v2\/media?parent=21140"}],"wp:term":[{"taxonomy":"product_brand","embeddable":true,"href":"https:\/\/calor.ee\/lv\/wp-json\/wp\/v2\/product_brand?post=21140"},{"taxonomy":"product_cat","embeddable":true,"href":"https:\/\/calor.ee\/lv\/wp-json\/wp\/v2\/product_cat?post=21140"},{"taxonomy":"product_tag","embeddable":true,"href":"https:\/\/calor.ee\/lv\/wp-json\/wp\/v2\/product_tag?post=21140"}],"curies":[{"name":"wp","href":"https:\/\/api.w.org\/{rel}","templated":true}]}}