{"id":21139,"date":"2024-11-15T14:16:24","date_gmt":"2024-11-15T12:16:24","guid":{"rendered":"https:\/\/calor.ee\/dumvada-caurules-likums-0-135-ar-tirisanas-luku-color-d150-melns\/"},"modified":"2024-11-15T14:16:24","modified_gmt":"2024-11-15T12:16:24","slug":"dumvada-caurules-likums-0-135-ar-tirisanas-luku-color-d150-melns","status":"publish","type":"product","link":"https:\/\/calor.ee\/lv\/dumvada-caurules-likums-0-135-ar-tirisanas-luku-color-d150-melns\/","title":{"rendered":"D\u016bmvada caurules l\u012bkums 0\u2013135\u00b0 ar t\u012br\u012b\u0161anas l\u016bku COLOR D150 (melns)"},"content":{"rendered":"","protected":false},"excerpt":{"rendered":"<p>D\u016bmvada caurules l\u012bkums 0\u2013135\u00b0 ar t\u012br\u012b\u0161anas l\u016bku COLOR D150 ir p\u0101rkl\u0101ta ar augstas kvalit\u0101tes karstumiztur\u012bgu melnu kr\u0101su, un t\u0101s darba temperat\u016bra ir l\u012bdz 600\u00b0C. D\u016bmvada caurules l\u012bkums ir tr\u012bsda\u013c\u012bgs, regul\u0113jams 0\u2013135\u00b0 robe\u017e\u0101s un apr\u012bkots ar t\u012br\u012b\u0161anas l\u016bku. Bez skav\u0101m regul\u0113jams l\u012bkums saglab\u0101 vizu\u0101li pievilc\u012bgu un est\u0113tisku izskatu. \u0160is produkts ir mar\u0137\u0113ts ar CE z\u012bmi un atbilst visiem Latvijas un Eiropas Savien\u012bb\u0101 noteiktajiem standartiem.    <\/p>\n<p>COLOR z\u012bmola d\u016bmvada caurules ir premium klases produkti un viena no lab\u0101kaj\u0101m izv\u0113l\u0113m d\u016bmvada cauru\u013cu tirg\u016b.<\/p>\n<p>D\u016bmvada caurules l\u012bkuma diametrs ir 150 mm, bet sienas biezums \u2013 2 mm.<\/p>\n","protected":false},"featured_media":21136,"comment_status":"closed","ping_status":"closed","template":"","meta":{"_acf_changed":false},"product_brand":[5546],"product_cat":[5141],"product_tag":[],"class_list":{"0":"post-21139","1":"product","2":"type-product","3":"status-publish","4":"has-post-thumbnail","6":"product_brand-color","7":"product_cat-dumvada-caurules","8":"tm-no-options","10":"first","11":"instock","12":"sale","13":"taxable","14":"shipping-taxable","15":"purchasable","16":"product-type-simple"},"acf":[],"_links":{"self":[{"href":"https:\/\/calor.ee\/lv\/wp-json\/wp\/v2\/product\/21139","targetHints":{"allow":["GET"]}}],"collection":[{"href":"https:\/\/calor.ee\/lv\/wp-json\/wp\/v2\/product"}],"about":[{"href":"https:\/\/calor.ee\/lv\/wp-json\/wp\/v2\/types\/product"}],"replies":[{"embeddable":true,"href":"https:\/\/calor.ee\/lv\/wp-json\/wp\/v2\/comments?post=21139"}],"wp:featuredmedia":[{"embeddable":true,"href":"https:\/\/calor.ee\/lv\/wp-json\/wp\/v2\/media\/21136"}],"wp:attachment":[{"href":"https:\/\/calor.ee\/lv\/wp-json\/wp\/v2\/media?parent=21139"}],"wp:term":[{"taxonomy":"product_brand","embeddable":true,"href":"https:\/\/calor.ee\/lv\/wp-json\/wp\/v2\/product_brand?post=21139"},{"taxonomy":"product_cat","embeddable":true,"href":"https:\/\/calor.ee\/lv\/wp-json\/wp\/v2\/product_cat?post=21139"},{"taxonomy":"product_tag","embeddable":true,"href":"https:\/\/calor.ee\/lv\/wp-json\/wp\/v2\/product_tag?post=21139"}],"curies":[{"name":"wp","href":"https:\/\/api.w.org\/{rel}","templated":true}]}}