{"id":21128,"date":"2025-05-30T13:45:35","date_gmt":"2025-05-30T11:45:35","guid":{"rendered":"https:\/\/calor.ee\/teleskopiska-dumvada-caurule-330-mm-color-d180-melna\/"},"modified":"2025-12-18T15:25:53","modified_gmt":"2025-12-18T13:25:53","slug":"teleskopiska-dumvada-caurule-330-mm-color-d180-melna","status":"publish","type":"product","link":"https:\/\/calor.ee\/lv\/teleskopiska-dumvada-caurule-330-mm-color-d180-melna\/","title":{"rendered":"Teleskopisk\u0101 d\u016bmvada caurule 330 mm COLOR D180 (melna)"},"content":{"rendered":"","protected":false},"excerpt":{"rendered":"<p>Teleskopisk\u0101 d\u016bmvada caurule 330 mm COLOR D180 ir p\u0101rkl\u0101ta ar augstas kvalit\u0101tes karstumiztur\u012bgu melnu kr\u0101su, un t\u0101s darba temperat\u016bra ir l\u012bdz 600\u00b0C. D\u016bmvadu p\u0101reja ir CE mar\u0137\u0113ta un atbilst vis\u0101m Latvij\u0101 un Eiropas Savien\u012bb\u0101 sp\u0113k\u0101 eso\u0161aj\u0101m norm\u0101m un pras\u012bb\u0101m.<\/p>\n<p>COLOR z\u012bmola d\u016bmvada caurules ir premium klases produkti un viena no lab\u0101kaj\u0101m izv\u0113l\u0113m d\u016bmvada cauru\u013cu tirg\u016b.<\/p>\n<p>\u0160\u012b d\u016bmvada caurule \u013cauj \u0101tri un \u0113rti veikt apkures iek\u0101rtas uzst\u0101d\u012b\u0161anu vai p\u0101rb\u016bvi. Komplekt\u0101 ir iek\u013cauts nostiprin\u0101\u0161anas skava, kas nodro\u0161ina dro\u0161u d\u016bmvada savienojumu. <\/p>\n<p>D\u016bmvada caurules garums ir 330 mm, diametrs 180 mm, bet sienas biezums 2 mm.<\/p>\n","protected":false},"featured_media":21127,"comment_status":"closed","ping_status":"closed","template":"","meta":{"_acf_changed":false},"product_brand":[5546],"product_cat":[5141],"product_tag":[],"class_list":{"0":"post-21128","1":"product","2":"type-product","3":"status-publish","4":"has-post-thumbnail","6":"product_brand-color","7":"product_cat-dumvada-caurules","8":"tm-no-options","10":"first","11":"instock","12":"taxable","13":"shipping-taxable","14":"product-type-simple"},"acf":[],"_links":{"self":[{"href":"https:\/\/calor.ee\/lv\/wp-json\/wp\/v2\/product\/21128","targetHints":{"allow":["GET"]}}],"collection":[{"href":"https:\/\/calor.ee\/lv\/wp-json\/wp\/v2\/product"}],"about":[{"href":"https:\/\/calor.ee\/lv\/wp-json\/wp\/v2\/types\/product"}],"replies":[{"embeddable":true,"href":"https:\/\/calor.ee\/lv\/wp-json\/wp\/v2\/comments?post=21128"}],"wp:featuredmedia":[{"embeddable":true,"href":"https:\/\/calor.ee\/lv\/wp-json\/wp\/v2\/media\/21127"}],"wp:attachment":[{"href":"https:\/\/calor.ee\/lv\/wp-json\/wp\/v2\/media?parent=21128"}],"wp:term":[{"taxonomy":"product_brand","embeddable":true,"href":"https:\/\/calor.ee\/lv\/wp-json\/wp\/v2\/product_brand?post=21128"},{"taxonomy":"product_cat","embeddable":true,"href":"https:\/\/calor.ee\/lv\/wp-json\/wp\/v2\/product_cat?post=21128"},{"taxonomy":"product_tag","embeddable":true,"href":"https:\/\/calor.ee\/lv\/wp-json\/wp\/v2\/product_tag?post=21128"}],"curies":[{"name":"wp","href":"https:\/\/api.w.org\/{rel}","templated":true}]}}