{"id":21121,"date":"2025-02-06T12:20:42","date_gmt":"2025-02-06T10:20:42","guid":{"rendered":"https:\/\/calor.ee\/teleskopiska-dumvada-caurule-600-900-mm-color-d120-melna\/"},"modified":"2025-12-18T15:23:17","modified_gmt":"2025-12-18T13:23:17","slug":"teleskopiska-dumvada-caurule-600-900-mm-color-d120-melna","status":"publish","type":"product","link":"https:\/\/calor.ee\/lv\/teleskopiska-dumvada-caurule-600-900-mm-color-d120-melna\/","title":{"rendered":"Teleskopisk\u0101 d\u016bmvada caurule 600-900 mm COLOR D120 (melna)"},"content":{"rendered":"","protected":false},"excerpt":{"rendered":"<p>Teleskopisk\u0101 d\u016bmvada caurule 600-900 mm COLOR D120 ir p\u0101rkl\u0101ta ar augstas kvalit\u0101tes karstumiztur\u012bgu melnu kr\u0101su, un t\u0101s darba temperat\u016bra ir l\u012bdz 600\u00b0C. D\u016bmvadu p\u0101reja ir CE mar\u0137\u0113ta un atbilst vis\u0101m Latvij\u0101 un Eiropas Savien\u012bb\u0101 sp\u0113k\u0101 eso\u0161aj\u0101m norm\u0101m un pras\u012bb\u0101m.<\/p>\n<p>COLOR z\u012bmola d\u016bmvada caurules ir premium klases produkti un viena no lab\u0101kaj\u0101m izv\u0113l\u0113m d\u016bmvada cauru\u013cu tirg\u016b.<\/p>\n<p>D\u016bmvada caurules garums ir regul\u0113jams 600\u2013900 mm robe\u017e\u0101s, diametrs \u2013 120 mm, sienas biezums \u2013 2 mm.<\/p>\n<p>&nbsp;<\/p>\n","protected":false},"featured_media":21122,"comment_status":"closed","ping_status":"closed","template":"","meta":{"_acf_changed":false},"product_brand":[5546],"product_cat":[5141],"product_tag":[],"class_list":{"0":"post-21121","1":"product","2":"type-product","3":"status-publish","4":"has-post-thumbnail","6":"product_brand-color","7":"product_cat-dumvada-caurules","8":"tm-no-options","10":"first","11":"instock","12":"sale","13":"taxable","14":"shipping-taxable","15":"purchasable","16":"product-type-simple"},"acf":[],"_links":{"self":[{"href":"https:\/\/calor.ee\/lv\/wp-json\/wp\/v2\/product\/21121","targetHints":{"allow":["GET"]}}],"collection":[{"href":"https:\/\/calor.ee\/lv\/wp-json\/wp\/v2\/product"}],"about":[{"href":"https:\/\/calor.ee\/lv\/wp-json\/wp\/v2\/types\/product"}],"replies":[{"embeddable":true,"href":"https:\/\/calor.ee\/lv\/wp-json\/wp\/v2\/comments?post=21121"}],"wp:featuredmedia":[{"embeddable":true,"href":"https:\/\/calor.ee\/lv\/wp-json\/wp\/v2\/media\/21122"}],"wp:attachment":[{"href":"https:\/\/calor.ee\/lv\/wp-json\/wp\/v2\/media?parent=21121"}],"wp:term":[{"taxonomy":"product_brand","embeddable":true,"href":"https:\/\/calor.ee\/lv\/wp-json\/wp\/v2\/product_brand?post=21121"},{"taxonomy":"product_cat","embeddable":true,"href":"https:\/\/calor.ee\/lv\/wp-json\/wp\/v2\/product_cat?post=21121"},{"taxonomy":"product_tag","embeddable":true,"href":"https:\/\/calor.ee\/lv\/wp-json\/wp\/v2\/product_tag?post=21121"}],"curies":[{"name":"wp","href":"https:\/\/api.w.org\/{rel}","templated":true}]}}