{"id":21117,"date":"2025-02-06T14:17:27","date_gmt":"2025-02-06T12:17:27","guid":{"rendered":"https:\/\/calor.ee\/dumvada-caurules-dubults-aizsargekrans-color-d120-melns\/"},"modified":"2025-02-06T14:17:27","modified_gmt":"2025-02-06T12:17:27","slug":"dumvada-caurules-dubults-aizsargekrans-color-d120-melns","status":"publish","type":"product","link":"https:\/\/calor.ee\/lv\/dumvada-caurules-dubults-aizsargekrans-color-d120-melns\/","title":{"rendered":"D\u016bmvada caurules dubults aizsargekr\u0101ns COLOR D120 (melns)"},"content":{"rendered":"","protected":false},"excerpt":{"rendered":"<p>Dubultais d\u016bmvada caurules aizsargekr\u0101ns b\u016btiski samazina D120 d\u016bmvada caurules ugunsdro\u0161\u012bbas att\u0101lumus. Izmantojot aizsargekr\u0101nu, d\u016bmvadu dr\u012bkst uzst\u0101d\u012bt l\u012bdz pat 30 cm att\u0101lum\u0101 no dego\u0161iem materi\u0101liem. Piem\u0113rots 115 mm, 120 mm un 130 mm diametra d\u016bmvada caurul\u0113m.  <\/p>\n<p>Aizsargekr\u0101ns ir p\u0101rkl\u0101ta ar augstas kvalit\u0101tes karstumiztur\u012bgu melnu kr\u0101su. \u0160is produkts ir mar\u0137\u0113ts ar CE z\u012bmi un atbilst visiem Latvijas un Eiropas Savien\u012bb\u0101 noteiktajiem standartiem. <\/p>\n<p>\u0160is produkts ir mar\u0137\u0113ts ar CE z\u012bmi un atbilst visiem Latvijas un Eiropas Savien\u012bb\u0101 noteiktajiem standartiem.<\/p>\n","protected":false},"featured_media":21118,"comment_status":"closed","ping_status":"closed","template":"","meta":{"_acf_changed":false},"product_brand":[5546],"product_cat":[5141],"product_tag":[],"class_list":{"0":"post-21117","1":"product","2":"type-product","3":"status-publish","4":"has-post-thumbnail","6":"product_brand-color","7":"product_cat-dumvada-caurules","8":"tm-no-options","10":"first","11":"instock","12":"sale","13":"taxable","14":"shipping-taxable","15":"purchasable","16":"product-type-simple"},"acf":[],"_links":{"self":[{"href":"https:\/\/calor.ee\/lv\/wp-json\/wp\/v2\/product\/21117","targetHints":{"allow":["GET"]}}],"collection":[{"href":"https:\/\/calor.ee\/lv\/wp-json\/wp\/v2\/product"}],"about":[{"href":"https:\/\/calor.ee\/lv\/wp-json\/wp\/v2\/types\/product"}],"replies":[{"embeddable":true,"href":"https:\/\/calor.ee\/lv\/wp-json\/wp\/v2\/comments?post=21117"}],"wp:featuredmedia":[{"embeddable":true,"href":"https:\/\/calor.ee\/lv\/wp-json\/wp\/v2\/media\/21118"}],"wp:attachment":[{"href":"https:\/\/calor.ee\/lv\/wp-json\/wp\/v2\/media?parent=21117"}],"wp:term":[{"taxonomy":"product_brand","embeddable":true,"href":"https:\/\/calor.ee\/lv\/wp-json\/wp\/v2\/product_brand?post=21117"},{"taxonomy":"product_cat","embeddable":true,"href":"https:\/\/calor.ee\/lv\/wp-json\/wp\/v2\/product_cat?post=21117"},{"taxonomy":"product_tag","embeddable":true,"href":"https:\/\/calor.ee\/lv\/wp-json\/wp\/v2\/product_tag?post=21117"}],"curies":[{"name":"wp","href":"https:\/\/api.w.org\/{rel}","templated":true}]}}