{"id":21112,"date":"2025-11-06T16:05:20","date_gmt":"2025-11-06T14:05:20","guid":{"rendered":"https:\/\/calor.ee\/dumvada-caurules-trejgabals-90-ar-vacinu-color-d120-melns\/"},"modified":"2025-11-06T16:05:20","modified_gmt":"2025-11-06T14:05:20","slug":"dumvada-caurules-trejgabals-90-ar-vacinu-color-d120-melns","status":"publish","type":"product","link":"https:\/\/calor.ee\/lv\/dumvada-caurules-trejgabals-90-ar-vacinu-color-d120-melns\/","title":{"rendered":"D\u016bmvada caurules trejgabals 90\u00b0 ar v\u0101ci\u0146u COLOR D120 (melns)"},"content":{"rendered":"","protected":false},"excerpt":{"rendered":"<p>D\u016bmvada caurules trejgabals 90\u00b0 ar v\u0101ci\u0146u COLOR D120 ir p\u0101rkl\u0101ta ar augstas kvalit\u0101tes karstumiztur\u012bgu melnu kr\u0101su, un t\u0101s darba temperat\u016bra ir l\u012bdz 600\u00b0C. D\u016bmvada caurule ir CE mar\u0137\u0113ta un atbilst vis\u0101m Latvij\u0101 un Eiropas Savien\u012bb\u0101 sp\u0113k\u0101 eso\u0161aj\u0101m norm\u0101m un pras\u012bb\u0101m.<\/p>\n<p>COLOR z\u012bmola rozetes ir premium klases produkti un lab\u0101k\u0101 izv\u0113le tirg\u016b.<\/p>\n<p>D\u016bmvada caurules trejgabals garums ir 310 mm, diametrs 120 mm, bet sienas biezums 2 mm.<\/p>\n<p>&nbsp;<\/p>\n","protected":false},"featured_media":21113,"comment_status":"closed","ping_status":"closed","template":"","meta":{"_acf_changed":false},"product_brand":[5546],"product_cat":[5141],"product_tag":[],"class_list":{"0":"post-21112","1":"product","2":"type-product","3":"status-publish","4":"has-post-thumbnail","6":"product_brand-color","7":"product_cat-dumvada-caurules","8":"tm-no-options","10":"first","11":"instock","12":"taxable","13":"shipping-taxable","14":"product-type-simple"},"acf":[],"_links":{"self":[{"href":"https:\/\/calor.ee\/lv\/wp-json\/wp\/v2\/product\/21112","targetHints":{"allow":["GET"]}}],"collection":[{"href":"https:\/\/calor.ee\/lv\/wp-json\/wp\/v2\/product"}],"about":[{"href":"https:\/\/calor.ee\/lv\/wp-json\/wp\/v2\/types\/product"}],"replies":[{"embeddable":true,"href":"https:\/\/calor.ee\/lv\/wp-json\/wp\/v2\/comments?post=21112"}],"wp:featuredmedia":[{"embeddable":true,"href":"https:\/\/calor.ee\/lv\/wp-json\/wp\/v2\/media\/21113"}],"wp:attachment":[{"href":"https:\/\/calor.ee\/lv\/wp-json\/wp\/v2\/media?parent=21112"}],"wp:term":[{"taxonomy":"product_brand","embeddable":true,"href":"https:\/\/calor.ee\/lv\/wp-json\/wp\/v2\/product_brand?post=21112"},{"taxonomy":"product_cat","embeddable":true,"href":"https:\/\/calor.ee\/lv\/wp-json\/wp\/v2\/product_cat?post=21112"},{"taxonomy":"product_tag","embeddable":true,"href":"https:\/\/calor.ee\/lv\/wp-json\/wp\/v2\/product_tag?post=21112"}],"curies":[{"name":"wp","href":"https:\/\/api.w.org\/{rel}","templated":true}]}}