{"id":21098,"date":"2025-04-23T09:39:47","date_gmt":"2025-04-23T07:39:47","guid":{"rendered":"https:\/\/calor.ee\/izoletai-dumvada-caurulei-adapteris-ar-rozeti-color-izoker-d130-melns\/"},"modified":"2025-12-17T15:15:59","modified_gmt":"2025-12-17T13:15:59","slug":"izoletai-dumvada-caurulei-adapteris-ar-rozeti-color-izoker-d130-melns","status":"publish","type":"product","link":"https:\/\/calor.ee\/lv\/izoletai-dumvada-caurulei-adapteris-ar-rozeti-color-izoker-d130-melns\/","title":{"rendered":"Izol\u0113tai d\u016bmvada caurulei adapteris ar rozeti COLOR Izoker D130 (melns)"},"content":{"rendered":"","protected":false},"excerpt":{"rendered":"<p><strong>Izol\u0113t\u0101s d\u016bmvada caurules adapteris ar rozeti COLOR Izoker D130<\/strong> ir paredz\u0113ts izol\u0113t\u0101s d\u016bmvada caurules savieno\u0161anai ar skursteni.<\/p>\n<p>\u0160is adapteris ir piem\u0113rots COLOR Izoker izol\u0113tai d\u016bmvada caurulei ar 130 mm iek\u0161\u0113jo diametru, un t\u0101 dzi\u013cums ir 85 mm. T\u0101 ir p\u0101rkl\u0101ta ar augstas kvalit\u0101tes karstumiztur\u012bgu melnu kr\u0101su, un t\u0101s darba temperat\u016bra ir l\u012bdz 600\u00b0C (T600-N1-D-Vm-L01200-G240).<\/p>\n","protected":false},"featured_media":21099,"comment_status":"closed","ping_status":"closed","template":"","meta":{"_acf_changed":false},"product_brand":[5546],"product_cat":[5141],"product_tag":[],"class_list":{"0":"post-21098","1":"product","2":"type-product","3":"status-publish","4":"has-post-thumbnail","6":"product_brand-color","7":"product_cat-dumvada-caurules","8":"tm-no-options","10":"first","11":"instock","12":"sale","13":"taxable","14":"shipping-taxable","15":"purchasable","16":"product-type-simple"},"acf":[],"_links":{"self":[{"href":"https:\/\/calor.ee\/lv\/wp-json\/wp\/v2\/product\/21098","targetHints":{"allow":["GET"]}}],"collection":[{"href":"https:\/\/calor.ee\/lv\/wp-json\/wp\/v2\/product"}],"about":[{"href":"https:\/\/calor.ee\/lv\/wp-json\/wp\/v2\/types\/product"}],"replies":[{"embeddable":true,"href":"https:\/\/calor.ee\/lv\/wp-json\/wp\/v2\/comments?post=21098"}],"wp:featuredmedia":[{"embeddable":true,"href":"https:\/\/calor.ee\/lv\/wp-json\/wp\/v2\/media\/21099"}],"wp:attachment":[{"href":"https:\/\/calor.ee\/lv\/wp-json\/wp\/v2\/media?parent=21098"}],"wp:term":[{"taxonomy":"product_brand","embeddable":true,"href":"https:\/\/calor.ee\/lv\/wp-json\/wp\/v2\/product_brand?post=21098"},{"taxonomy":"product_cat","embeddable":true,"href":"https:\/\/calor.ee\/lv\/wp-json\/wp\/v2\/product_cat?post=21098"},{"taxonomy":"product_tag","embeddable":true,"href":"https:\/\/calor.ee\/lv\/wp-json\/wp\/v2\/product_tag?post=21098"}],"curies":[{"name":"wp","href":"https:\/\/api.w.org\/{rel}","templated":true}]}}