{"id":21097,"date":"2025-04-23T10:19:12","date_gmt":"2025-04-23T08:19:12","guid":{"rendered":"https:\/\/calor.ee\/regulejams-sienas-stiprinajums-240-380-mm-color-izoker-d150-melns\/"},"modified":"2025-04-23T10:19:12","modified_gmt":"2025-04-23T08:19:12","slug":"regulejams-sienas-stiprinajums-240-380-mm-color-izoker-d150-melns","status":"publish","type":"product","link":"https:\/\/calor.ee\/lv\/regulejams-sienas-stiprinajums-240-380-mm-color-izoker-d150-melns\/","title":{"rendered":"Regul\u0113jams sienas stiprin\u0101jums 240-380 mm COLOR Izoker D150 (melns)"},"content":{"rendered":"","protected":false},"excerpt":{"rendered":"<p><strong>Regul\u0113jams sienas stiprin\u0101jums 240-380 mm COLOR Izoker D130<\/strong> ir ide\u0101li piem\u0113rots COLOR Izoker D150 izol\u0113t\u0101s d\u016bmvada caurules stiprin\u0101\u0161anai pie sienas. Ir iesp\u0113jams regul\u0113t izol\u0113t\u0101s d\u016bmvada caurules att\u0101lumu no sienas diapazon\u0101 240-380 mm. <\/p>\n<p>T\u0101 ir p\u0101rkl\u0101ta ar augstas kvalit\u0101tes karstumiztur\u012bgu melnu kr\u0101su, un t\u0101s darba temperat\u016bra ir l\u012bdz 600\u00b0C (T600-N1-D-Vm-L01200-G240).<\/p>\n","protected":false},"featured_media":21096,"comment_status":"closed","ping_status":"closed","template":"","meta":{"_acf_changed":false},"product_brand":[5546],"product_cat":[5141],"product_tag":[],"class_list":{"0":"post-21097","1":"product","2":"type-product","3":"status-publish","4":"has-post-thumbnail","6":"product_brand-color","7":"product_cat-dumvada-caurules","8":"tm-no-options","10":"first","11":"instock","12":"sale","13":"taxable","14":"shipping-taxable","15":"purchasable","16":"product-type-simple"},"acf":[],"_links":{"self":[{"href":"https:\/\/calor.ee\/lv\/wp-json\/wp\/v2\/product\/21097","targetHints":{"allow":["GET"]}}],"collection":[{"href":"https:\/\/calor.ee\/lv\/wp-json\/wp\/v2\/product"}],"about":[{"href":"https:\/\/calor.ee\/lv\/wp-json\/wp\/v2\/types\/product"}],"replies":[{"embeddable":true,"href":"https:\/\/calor.ee\/lv\/wp-json\/wp\/v2\/comments?post=21097"}],"wp:featuredmedia":[{"embeddable":true,"href":"https:\/\/calor.ee\/lv\/wp-json\/wp\/v2\/media\/21096"}],"wp:attachment":[{"href":"https:\/\/calor.ee\/lv\/wp-json\/wp\/v2\/media?parent=21097"}],"wp:term":[{"taxonomy":"product_brand","embeddable":true,"href":"https:\/\/calor.ee\/lv\/wp-json\/wp\/v2\/product_brand?post=21097"},{"taxonomy":"product_cat","embeddable":true,"href":"https:\/\/calor.ee\/lv\/wp-json\/wp\/v2\/product_cat?post=21097"},{"taxonomy":"product_tag","embeddable":true,"href":"https:\/\/calor.ee\/lv\/wp-json\/wp\/v2\/product_tag?post=21097"}],"curies":[{"name":"wp","href":"https:\/\/api.w.org\/{rel}","templated":true}]}}