{"id":21079,"date":"2025-04-23T10:09:57","date_gmt":"2025-04-23T08:09:57","guid":{"rendered":"https:\/\/calor.ee\/zoleta-dumvada-caurule-500-mm-color-izoker-d150-melna\/"},"modified":"2025-12-18T20:00:47","modified_gmt":"2025-12-18T18:00:47","slug":"izoleta-dumvada-caurule-500-mm-color-izoker-d150-melna","status":"publish","type":"product","link":"https:\/\/calor.ee\/lv\/izoleta-dumvada-caurule-500-mm-color-izoker-d150-melna\/","title":{"rendered":"Izol\u0113ta d\u016bmvada caurule 500 mm COLOR Izoker D150 (melna)"},"content":{"rendered":"","protected":false},"excerpt":{"rendered":"<p><strong>Izol\u0113t\u0101 d\u016bmvada caurule 500 mm COLOR Izoker D150<\/strong> ir dro\u0161\u0101kais un ilgtermi\u0146\u0101 lab\u0101kais risin\u0101jums kr\u0101sns, kam\u012bna, pl\u012bts, katla, pirts kr\u0101sns vai citas apkures ier\u012bces ugunsdro\u0161ai uzst\u0101d\u012b\u0161anai situ\u0101cij\u0101s, kad tuvum\u0101 atrodas degtsp\u0113j\u012bgi materi\u0101li (piem\u0113ram, pirts ap\u0161uvums, koka apdare vai citi iek\u0161telpu degtsp\u0113j\u012bgi materi\u0101li). COLOR Izoker izol\u0113to d\u016bmvada cauruli ir at\u013cauts uzst\u0101d\u012bt tikai 240 mm att\u0101lum\u0101 no degtsp\u0113j\u012bga materi\u0101la, kas b\u016btiski papla\u0161ina apkures ier\u012bces uzst\u0101d\u012b\u0161anas dizaina iesp\u0113jas un nodro\u0161ina \u013coti zemu ugunsdro\u0161\u012bbas att\u0101lumu.  <\/p>\n<p>COLOR Izoker ir dro\u0161a izol\u0113ta d\u016bmvada caurule, kas pie\u0161\u0137ir apkures ier\u012bcei slaidu un est\u0113tisku izskatu. \u0160\u012b izol\u0113t\u0101 d\u016bmvada caurule ir slaid\u0101kais un dro\u0161\u0101kais uzst\u0101d\u012b\u0161anas risin\u0101jums, neuzs\u0101kot uzreiz p\u0101reju uz divsienu met\u0101la skursteni no pa\u0161as apkures ier\u012bces. <\/p>\n<p>COLOR Izoker izol\u0113t\u0101 d\u016bmvada caurule ir paredz\u0113ta iek\u0161\u0113jai lieto\u0161anai un savieno\u0161anai ar divsienu met\u0101la skursteni, modu\u013cu skursteni vai m\u016bra skursteni.<\/p>\n<p>Izol\u0113t\u0101s d\u016bmvada caurules garums ir 500 mm, iek\u0161\u0113jais diametrs 150 mm un \u0101r\u0113jais diametrs 171 mm. T\u0101 ir p\u0101rkl\u0101ta ar augstas kvalit\u0101tes karstumiztur\u012bgu melnu kr\u0101su, un t\u0101s darba temperat\u016bra ir l\u012bdz 600 \u00b0C<br \/>(T600-N1-D-Vm-L01200-G240). <\/p>\n","protected":false},"featured_media":21077,"comment_status":"closed","ping_status":"closed","template":"","meta":{"_acf_changed":false},"product_brand":[5546],"product_cat":[5141],"product_tag":[],"class_list":{"0":"post-21079","1":"product","2":"type-product","3":"status-publish","4":"has-post-thumbnail","6":"product_brand-color","7":"product_cat-dumvada-caurules","8":"tm-no-options","10":"first","11":"instock","12":"sale","13":"taxable","14":"shipping-taxable","15":"purchasable","16":"product-type-simple"},"acf":[],"_links":{"self":[{"href":"https:\/\/calor.ee\/lv\/wp-json\/wp\/v2\/product\/21079","targetHints":{"allow":["GET"]}}],"collection":[{"href":"https:\/\/calor.ee\/lv\/wp-json\/wp\/v2\/product"}],"about":[{"href":"https:\/\/calor.ee\/lv\/wp-json\/wp\/v2\/types\/product"}],"replies":[{"embeddable":true,"href":"https:\/\/calor.ee\/lv\/wp-json\/wp\/v2\/comments?post=21079"}],"wp:featuredmedia":[{"embeddable":true,"href":"https:\/\/calor.ee\/lv\/wp-json\/wp\/v2\/media\/21077"}],"wp:attachment":[{"href":"https:\/\/calor.ee\/lv\/wp-json\/wp\/v2\/media?parent=21079"}],"wp:term":[{"taxonomy":"product_brand","embeddable":true,"href":"https:\/\/calor.ee\/lv\/wp-json\/wp\/v2\/product_brand?post=21079"},{"taxonomy":"product_cat","embeddable":true,"href":"https:\/\/calor.ee\/lv\/wp-json\/wp\/v2\/product_cat?post=21079"},{"taxonomy":"product_tag","embeddable":true,"href":"https:\/\/calor.ee\/lv\/wp-json\/wp\/v2\/product_tag?post=21079"}],"curies":[{"name":"wp","href":"https:\/\/api.w.org\/{rel}","templated":true}]}}