{"id":21061,"date":"2025-02-10T13:07:16","date_gmt":"2025-02-10T11:07:16","guid":{"rendered":"https:\/\/calor.ee\/dumvadu-pareja-color-d180-150-melna\/"},"modified":"2025-12-18T19:26:58","modified_gmt":"2025-12-18T17:26:58","slug":"dumvada-caurules-pareja-color-d180-150-melna","status":"publish","type":"product","link":"https:\/\/calor.ee\/lv\/dumvada-caurules-pareja-color-d180-150-melna\/","title":{"rendered":"D\u016bmvada caurules p\u0101reja COLOR D180\/150 (melna)"},"content":{"rendered":"","protected":false},"excerpt":{"rendered":"<p>D\u016bmvada caurules p\u0101reja COLOR D180\/150 ir p\u0101rkl\u0101ta ar augstas kvalit\u0101tes karstumiztur\u012bgu melnu kr\u0101su, un t\u0101s darba temperat\u016bra ir l\u012bdz 600\u00b0C. D\u016bmvada caurules p\u0101reja ir CE mar\u0137\u0113ta un atbilst vis\u0101m Latvij\u0101 un Eiropas Savien\u012bb\u0101 sp\u0113k\u0101 eso\u0161aj\u0101m norm\u0101m un pras\u012bb\u0101m. <\/p>\n<p>COLOR z\u012bmola d\u016bmvada caurules un piederumi ir premium klases izstr\u0101d\u0101jumi un lab\u0101k\u0101 izv\u0113le tirg\u016b.<\/p>\n<p>D\u016bmvada caurules p\u0101reja \u013cauj p\u0101riet no 180 mm diametra d\u016bmvada caurules uz 150 mm diametra d\u016bmvada cauruli. D\u016bmvada caurules p\u0101rejas sienas biezums ir 2 mm. <\/p>\n<p>&nbsp;<\/p>\n","protected":false},"featured_media":21062,"comment_status":"closed","ping_status":"closed","template":"","meta":{"_acf_changed":false},"product_brand":[5546],"product_cat":[5141],"product_tag":[],"class_list":{"0":"post-21061","1":"product","2":"type-product","3":"status-publish","4":"has-post-thumbnail","6":"product_brand-color","7":"product_cat-dumvada-caurules","8":"tm-no-options","10":"first","11":"instock","12":"sale","13":"taxable","14":"shipping-taxable","15":"purchasable","16":"product-type-simple"},"acf":[],"_links":{"self":[{"href":"https:\/\/calor.ee\/lv\/wp-json\/wp\/v2\/product\/21061","targetHints":{"allow":["GET"]}}],"collection":[{"href":"https:\/\/calor.ee\/lv\/wp-json\/wp\/v2\/product"}],"about":[{"href":"https:\/\/calor.ee\/lv\/wp-json\/wp\/v2\/types\/product"}],"replies":[{"embeddable":true,"href":"https:\/\/calor.ee\/lv\/wp-json\/wp\/v2\/comments?post=21061"}],"wp:featuredmedia":[{"embeddable":true,"href":"https:\/\/calor.ee\/lv\/wp-json\/wp\/v2\/media\/21062"}],"wp:attachment":[{"href":"https:\/\/calor.ee\/lv\/wp-json\/wp\/v2\/media?parent=21061"}],"wp:term":[{"taxonomy":"product_brand","embeddable":true,"href":"https:\/\/calor.ee\/lv\/wp-json\/wp\/v2\/product_brand?post=21061"},{"taxonomy":"product_cat","embeddable":true,"href":"https:\/\/calor.ee\/lv\/wp-json\/wp\/v2\/product_cat?post=21061"},{"taxonomy":"product_tag","embeddable":true,"href":"https:\/\/calor.ee\/lv\/wp-json\/wp\/v2\/product_tag?post=21061"}],"curies":[{"name":"wp","href":"https:\/\/api.w.org\/{rel}","templated":true}]}}