{"id":21048,"date":"2025-02-06T13:08:46","date_gmt":"2025-02-06T11:08:46","guid":{"rendered":"https:\/\/calor.ee\/dumvada-caurule-ar-tirisanas-luku-1000-mm-color-d130\/"},"modified":"2025-12-16T14:34:46","modified_gmt":"2025-12-16T12:34:46","slug":"dumvada-caurule-ar-tirisanas-luku-1000-mm-color-d130","status":"publish","type":"product","link":"https:\/\/calor.ee\/lv\/dumvada-caurule-ar-tirisanas-luku-1000-mm-color-d130\/","title":{"rendered":"D\u016bmvada caurule ar t\u012br\u012b\u0161anas l\u016bku 1000 mm COLOR D130 (melna)"},"content":{"rendered":"","protected":false},"excerpt":{"rendered":"<p>D\u016bmvada caurule ar t\u012br\u012b\u0161anas l\u016bku 1000 mm COLOR D130 ir p\u0101rkl\u0101ta ar augstas kvalit\u0101tes karstumiztur\u012bgu melnu kr\u0101su, un t\u0101s darba temperat\u016bra ir l\u012bdz 600\u00b0C. D\u016bmvada caurule ir CE mar\u0137\u0113ta un atbilst vis\u0101m Latvij\u0101 un Eiropas Savien\u012bb\u0101 sp\u0113k\u0101 eso\u0161aj\u0101m norm\u0101m un pras\u012bb\u0101m. <\/p>\n<p>COLOR z\u012bmola d\u016bmvada caurules ir premium klases produkti un viena no lab\u0101kaj\u0101m izv\u0113l\u0113m d\u016bmvada cauru\u013cu tirg\u016b.<\/p>\n<p>D\u016bmvada caurules ar t\u012br\u012b\u0161anas l\u016bku garums ir 1000 mm, diametrs 130 mm un sienas biezums 2 mm.<\/p>\n<p>&nbsp;<\/p>\n","protected":false},"featured_media":21049,"comment_status":"closed","ping_status":"closed","template":"","meta":{"_acf_changed":false},"product_brand":[5546],"product_cat":[5141],"product_tag":[],"class_list":{"0":"post-21048","1":"product","2":"type-product","3":"status-publish","4":"has-post-thumbnail","6":"product_brand-color","7":"product_cat-dumvada-caurules","8":"tm-no-options","10":"first","11":"instock","12":"sale","13":"taxable","14":"shipping-taxable","15":"purchasable","16":"product-type-simple"},"acf":[],"_links":{"self":[{"href":"https:\/\/calor.ee\/lv\/wp-json\/wp\/v2\/product\/21048","targetHints":{"allow":["GET"]}}],"collection":[{"href":"https:\/\/calor.ee\/lv\/wp-json\/wp\/v2\/product"}],"about":[{"href":"https:\/\/calor.ee\/lv\/wp-json\/wp\/v2\/types\/product"}],"replies":[{"embeddable":true,"href":"https:\/\/calor.ee\/lv\/wp-json\/wp\/v2\/comments?post=21048"}],"wp:featuredmedia":[{"embeddable":true,"href":"https:\/\/calor.ee\/lv\/wp-json\/wp\/v2\/media\/21049"}],"wp:attachment":[{"href":"https:\/\/calor.ee\/lv\/wp-json\/wp\/v2\/media?parent=21048"}],"wp:term":[{"taxonomy":"product_brand","embeddable":true,"href":"https:\/\/calor.ee\/lv\/wp-json\/wp\/v2\/product_brand?post=21048"},{"taxonomy":"product_cat","embeddable":true,"href":"https:\/\/calor.ee\/lv\/wp-json\/wp\/v2\/product_cat?post=21048"},{"taxonomy":"product_tag","embeddable":true,"href":"https:\/\/calor.ee\/lv\/wp-json\/wp\/v2\/product_tag?post=21048"}],"curies":[{"name":"wp","href":"https:\/\/api.w.org\/{rel}","templated":true}]}}