{"id":21013,"date":"2024-01-15T16:02:53","date_gmt":"2024-01-15T14:02:53","guid":{"rendered":"https:\/\/calor.ee\/apkures-automatika-tatarek-rt-18-vetro-om-gx-skarienjutiga\/"},"modified":"2024-01-15T16:02:53","modified_gmt":"2024-01-15T14:02:53","slug":"apkures-automatika-tatarek-rt-18-vetro-om-gx-skarienjutiga","status":"publish","type":"product","link":"https:\/\/calor.ee\/lv\/apkures-automatika-tatarek-rt-18-vetro-om-gx-skarienjutiga\/","title":{"rendered":"Apkures autom\u0101tika Tatarek RT-18 VETRO OM \/ GX (sk\u0101rienjut\u012bga)"},"content":{"rendered":"<p>Komplekt\u0101 ietilpst sk\u0101rienjut\u012bgs lietot\u0101ja interfeiss, vad\u012bbas bloks, temperat\u016bras sensors un gaisa aizb\u012bdnis ar silikona bl\u012bv\u0113jumu (100 mm, 120 mm, 150 mm vai 180 mm) un tr\u012bs speci\u0101li \u016bdens sensori.<\/p>\n<p>Papildapr\u012bkojum\u0101 iesp\u0113jams ieg\u0101d\u0101ties durvju sensoru, CO sensoru, papildu temperat\u016bras sensoru (d\u016bmg\u0101zu temperat\u016bras m\u0113r\u012b\u0161anai skursten\u012b) un servomotoru Belimo TF230 (3T Moritz v\u0101rsta piedzi\u0146ai).<\/p>\n","protected":false},"excerpt":{"rendered":"<p>Vai v\u0113laties saudz\u0113t dabu, ilg\u0101k baud\u012bt dz\u012bvu uguni, ieg\u016bt vair\u0101k ener\u0123ijas no malkas, saglab\u0101t telp\u0101 vair\u0101k siltuma un pasarg\u0101t apkures ier\u012bci no p\u0101rkurin\u0101\u0161anas? Tas viss un v\u0113l vair\u0101k ir iesp\u0113jams ar Tatarek apkures autom\u0101tiku. <\/p>\n<p>Vairs nav j\u0101gaida nepaciet\u012bgi br\u012bdis, kad var\u0113siet aizv\u0113rt gaisa aizb\u012bdni. To J\u016bsu viet\u0101 izdara Tatarek apkures autom\u0101tika, kas p\u0113c kurin\u0101\u0161anas beig\u0101m autom\u0101tiski nosl\u0113dz gaisa padevi. <\/p>\n<p><strong>Apkures autom\u0101tika Tatarek RT-18 VETRO OM \/ GX<\/strong> ir paredz\u0113ta centr\u0101lapkures kam\u012bna kurtuvju un centr\u0101lapkures pl\u012b\u0161u deg\u0161anas procesa vad\u012bbai.<\/p>\n<p>T\u0101 ir viena no efekt\u012bv\u0101kaj\u0101m apkures autom\u0101tik\u0101m tirg\u016b, kas vienlaikus atbalsta da\u017e\u0101das \u0101r\u0113j\u0101s ier\u012bces, piem\u0113ram, ventil\u0101cijas iek\u0101rtu, rekuperatoru, d\u016bmvada ventilatoru vai siltuma akumul\u0101cijas masas v\u0101rsta piedzi\u0146u (Moritz v\u0101rstu). \u0160im modelim ir iesp\u0113jams izmantot ar\u012b durvju sensoru, kas pace\u013c apkures ier\u012bces lieto\u0161anas \u0113rtumu piln\u012bgi jaun\u0101 l\u012bmen\u012b. <\/p>\n<p>Apkures autom\u0101tika Tatarek RT-18 VETRO OM \/ GX ir apr\u012bkota ar sk\u0101rienjut\u012bgu vad\u012bbas paneli, kas padara t\u0101s lieto\u0161anu \u012bpa\u0161i \u0113rtu un intuit\u012bvu.<\/p>\n<p>Atbilsto\u0161i vajadz\u012bb\u0101m komplektu iesp\u0113jams ieg\u0101d\u0101ties ar 100 mm, 120 mm, 150 mm vai 180 mm gaisa aizb\u012bdni.<\/p>\n","protected":false},"featured_media":21002,"comment_status":"closed","ping_status":"closed","template":"","meta":{"_acf_changed":false},"product_brand":[5523],"product_cat":[5136],"product_tag":[],"class_list":{"0":"post-21013","1":"product","2":"type-product","3":"status-publish","4":"has-post-thumbnail","6":"product_brand-tatarek","7":"product_cat-apkures-automatika","8":"tm-no-options","10":"first","11":"instock","12":"taxable","13":"shipping-taxable","14":"purchasable","15":"product-type-variable"},"acf":[],"_links":{"self":[{"href":"https:\/\/calor.ee\/lv\/wp-json\/wp\/v2\/product\/21013","targetHints":{"allow":["GET"]}}],"collection":[{"href":"https:\/\/calor.ee\/lv\/wp-json\/wp\/v2\/product"}],"about":[{"href":"https:\/\/calor.ee\/lv\/wp-json\/wp\/v2\/types\/product"}],"replies":[{"embeddable":true,"href":"https:\/\/calor.ee\/lv\/wp-json\/wp\/v2\/comments?post=21013"}],"wp:featuredmedia":[{"embeddable":true,"href":"https:\/\/calor.ee\/lv\/wp-json\/wp\/v2\/media\/21002"}],"wp:attachment":[{"href":"https:\/\/calor.ee\/lv\/wp-json\/wp\/v2\/media?parent=21013"}],"wp:term":[{"taxonomy":"product_brand","embeddable":true,"href":"https:\/\/calor.ee\/lv\/wp-json\/wp\/v2\/product_brand?post=21013"},{"taxonomy":"product_cat","embeddable":true,"href":"https:\/\/calor.ee\/lv\/wp-json\/wp\/v2\/product_cat?post=21013"},{"taxonomy":"product_tag","embeddable":true,"href":"https:\/\/calor.ee\/lv\/wp-json\/wp\/v2\/product_tag?post=21013"}],"curies":[{"name":"wp","href":"https:\/\/api.w.org\/{rel}","templated":true}]}}