{"id":20983,"date":"2020-11-30T23:57:03","date_gmt":"2020-11-30T21:57:03","guid":{"rendered":"https:\/\/calor.ee\/apkures-automatika-tatarek-rt-08-omg-balts\/"},"modified":"2020-11-30T23:57:03","modified_gmt":"2020-11-30T21:57:03","slug":"apkures-automatika-tatarek-rt-08-omg-balts","status":"publish","type":"product","link":"https:\/\/calor.ee\/lv\/apkures-automatika-tatarek-rt-08-omg-balts\/","title":{"rendered":"Apkures autom\u0101tika Tatarek RT-08-OMG (balts)"},"content":{"rendered":"<p>Deg\u0161anas procesa kontroles m\u0113r\u0137is ir nodro\u0161in\u0101t optim\u0101lu deg\u0161anas gaisa padevi l\u012bdz v\u0113lamajai temperat\u016brai p\u0113c iesp\u0113jas ilg\u0101k un pagarin\u0101t deg\u0161anas procesu.<\/p>\n<p>Vad\u012bbas ier\u012bcei ir tr\u012bs deg\u0161anas jaudas programmas: MIN, MIDI un MAX. Katrai programmai ir savi temperat\u016bras iestat\u012bjumi. Atkar\u012bb\u0101 no izmantot\u0101s malkas daudzuma un v\u0113lam\u0101s deg\u0161anas temperat\u016bras lietot\u0101js var \u0101tri un vienk\u0101r\u0161i izv\u0113l\u0113ties piem\u0113rot\u0101ko programmu.  <\/p>\n<p>Apkures ier\u012bces kurtuves maksim\u0101lo temperat\u016bru var regul\u0113t ar pogu, k\u0101 ar\u012b iesp\u0113jams ierobe\u017eot piek\u013cuvi ier\u012bces vad\u012bbai.<\/p>\n","protected":false},"excerpt":{"rendered":"<p>Vai v\u0113laties saudz\u0113t dabu, ilg\u0101k baud\u012bt dz\u012bvu uguni, ieg\u016bt vair\u0101k ener\u0123ijas no malkas, saglab\u0101t telp\u0101 vair\u0101k siltuma un pasarg\u0101t apkures ier\u012bci no p\u0101rkurin\u0101\u0161anas? Tas viss un v\u0113l vair\u0101k ir iesp\u0113jams ar Tatarek apkures autom\u0101tiku. <\/p>\n<p>Jums vairs nav nepaciet\u012bgi j\u0101gaida br\u012bdis, kad var\u0113siet aizv\u0113rt gaisa padeves aizb\u012bdni \u2014 to J\u016bsu viet\u0101 izdara Tatarek apkures autom\u0101tika, kas p\u0113c kurin\u0101\u0161anas beig\u0101m autom\u0101tiski nosl\u0113dz gaisa padevi. T\u0101d\u0113j\u0101di J\u016bs vid\u0113ji ietaup\u0101t apm\u0113ram 1,5 stundas v\u0113rt\u012bga laika katr\u0101 kurin\u0101\u0161anas reiz\u0113.  <\/p>\n<p><strong>Apkures autom\u0101tika Tatarek RT-08-OMG<\/strong> ir paredz\u0113ta deg\u0161anas procesa vad\u012bbai gan tradicion\u0101lajiem, gan m\u016bsdien\u012bgajiem <strong>kam\u012bniem un pl\u012bt\u012bm<\/strong>. T\u0101s uzst\u0101d\u012b\u0161ana ir vienk\u0101r\u0161a gan individu\u0101li m\u016br\u0113t\u0101m, gan r\u016bpnieciski ra\u017eot\u0101m kam\u012bnu un kr\u0101\u0161\u0146u sist\u0113m\u0101m. <\/p>\n","protected":false},"featured_media":20995,"comment_status":"closed","ping_status":"closed","template":"","meta":{"_acf_changed":false},"product_brand":[5523],"product_cat":[5136],"product_tag":[],"class_list":{"0":"post-20983","1":"product","2":"type-product","3":"status-publish","4":"has-post-thumbnail","6":"product_brand-tatarek","7":"product_cat-apkures-automatika","8":"tm-no-options","10":"first","11":"instock","12":"taxable","13":"shipping-taxable","14":"purchasable","15":"product-type-simple"},"acf":[],"_links":{"self":[{"href":"https:\/\/calor.ee\/lv\/wp-json\/wp\/v2\/product\/20983","targetHints":{"allow":["GET"]}}],"collection":[{"href":"https:\/\/calor.ee\/lv\/wp-json\/wp\/v2\/product"}],"about":[{"href":"https:\/\/calor.ee\/lv\/wp-json\/wp\/v2\/types\/product"}],"replies":[{"embeddable":true,"href":"https:\/\/calor.ee\/lv\/wp-json\/wp\/v2\/comments?post=20983"}],"wp:featuredmedia":[{"embeddable":true,"href":"https:\/\/calor.ee\/lv\/wp-json\/wp\/v2\/media\/20995"}],"wp:attachment":[{"href":"https:\/\/calor.ee\/lv\/wp-json\/wp\/v2\/media?parent=20983"}],"wp:term":[{"taxonomy":"product_brand","embeddable":true,"href":"https:\/\/calor.ee\/lv\/wp-json\/wp\/v2\/product_brand?post=20983"},{"taxonomy":"product_cat","embeddable":true,"href":"https:\/\/calor.ee\/lv\/wp-json\/wp\/v2\/product_cat?post=20983"},{"taxonomy":"product_tag","embeddable":true,"href":"https:\/\/calor.ee\/lv\/wp-json\/wp\/v2\/product_tag?post=20983"}],"curies":[{"name":"wp","href":"https:\/\/api.w.org\/{rel}","templated":true}]}}