{"id":20934,"date":"2024-12-02T10:04:43","date_gmt":"2024-12-02T08:04:43","guid":{"rendered":"https:\/\/calor.ee\/elektriskais-kamins-ar-udens-tvaiku-infire-invapo-inside-1200\/"},"modified":"2025-12-12T12:27:23","modified_gmt":"2025-12-12T10:27:23","slug":"elektriskais-kamins-ar-udens-tvaiku-infire-invapo-inside-1200","status":"publish","type":"product","link":"https:\/\/calor.ee\/lv\/elektriskais-kamins-ar-udens-tvaiku-infire-invapo-inside-1200\/","title":{"rendered":"Elektriskais kam\u012bns ar \u016bdens tvaiku InFire Invapo Inside 1200"},"content":{"rendered":"<p>Komplekt\u0101 ietilpst elektriskais kam\u012bns ar \u016bdens tvaiku, stikla panelis un pults.<\/p>\n","protected":false},"excerpt":{"rendered":"<p>InFire Invapo Inside 1200 ir skaisti apdarin\u0101ts sien\u0101 ieb\u016bv\u0113jams elektriskais kam\u012bns ar \u016bdens tvaiku, kas kop\u0101 ar 4 mm r\u016bd\u012bto stiklu veido vienotu un est\u0113tisku kopskatu. Tam nav nepiecie\u0161ams d\u016bmvads, speci\u0101la ventil\u0101cijas sist\u0113ma vai jebk\u0101da veida kurin\u0101mais. T\u0101 k\u0101 elektriskais kam\u012bns ar \u016bdens tvaiku nav ugunsb\u012bstams, tas ir ide\u0101li piem\u0113rots dz\u012bvok\u013ciem, priv\u0101tm\u0101j\u0101m, viesn\u012bc\u0101m, restor\u0101niem un citiem interjeriem. Tas ir ar\u012b dro\u0161s risin\u0101jums \u0123imen\u0113m ar maziem b\u0113rniem un m\u0101jdz\u012bvniekiem, jo tvaiks ir piln\u012bgi auksts un nerada apdeguma riski.   <\/p>\n<p>Dz\u012bvas liesmas un d\u016bmu efekts tiek rad\u012bts, kombin\u0113jot \u016bdens tvaiku un gaismu. <strong>InFire Invapo Inside 1200<\/strong> ir apr\u012bkots ar unik\u0101lu un augstas kvalit\u0101tes Optimyst 3D liesmu tehnolo\u0123iju. Liesmu kr\u0101su iesp\u0113jams main\u012bt vis\u0101 RGB spektr\u0101, izmantojot pulti vai t\u0101lru\u0146a lietotni. <\/p>\n<p>Kurin\u0101m\u0101 viet\u0101 tiek izmantots parasts \u016bdens (lai izvair\u012btos no ka\u013c\u0137akmens \u2013 v\u0113lams destil\u0113ts, filtr\u0113ts vai pudel\u0113s pild\u012bts \u016bdens), bet LED apgaismojumam nepiecie\u0161ams elektr\u012bbas piesl\u0113gums (230 V).<\/p>\n<p>Kam\u012bns ir apr\u012bkots ar\u012b ar ska\u0146as emul\u0101toru, kas imit\u0113 spr\u0113g\u0101jo\u0161as malkas ska\u0146u.<\/p>\n<p>InFire Invapo Inside 1200 sast\u0101v no 1000 mm garas kasetes, kuras tvertnes ietilp\u012bba ir 2,4 litri \u016bdens, nodro\u0161inot 8\u201310 stundu ilgu liesmu efektu. P\u0113c tam \u016bdens tvertne manu\u0101li j\u0101uzpilda un var atkal baud\u012bt liesmu sp\u0113li n\u0101kam\u0101s 8\u201310 stundas. \u0160im modelim ir pieejama ar\u012b autom\u0101tisk\u0101 versija, ko var piesl\u0113gt \u0113kas \u016bdens padeves sist\u0113mai, nodro\u0161inot autom\u0101tisku uzpildi.  <\/p>\n","protected":false},"featured_media":20935,"comment_status":"closed","ping_status":"closed","template":"","meta":{"_acf_changed":false},"product_brand":[1156],"product_cat":[5115],"product_tag":[],"class_list":{"0":"post-20934","1":"product","2":"type-product","3":"status-publish","4":"has-post-thumbnail","6":"product_brand-infire","7":"product_cat-elektriskie-kamini","8":"product_shipping_class-bezmaksas","9":"tm-no-options","11":"first","12":"instock","13":"taxable","14":"shipping-taxable","15":"purchasable","16":"product-type-variable","17":"has-default-attributes"},"acf":[],"_links":{"self":[{"href":"https:\/\/calor.ee\/lv\/wp-json\/wp\/v2\/product\/20934","targetHints":{"allow":["GET"]}}],"collection":[{"href":"https:\/\/calor.ee\/lv\/wp-json\/wp\/v2\/product"}],"about":[{"href":"https:\/\/calor.ee\/lv\/wp-json\/wp\/v2\/types\/product"}],"replies":[{"embeddable":true,"href":"https:\/\/calor.ee\/lv\/wp-json\/wp\/v2\/comments?post=20934"}],"wp:featuredmedia":[{"embeddable":true,"href":"https:\/\/calor.ee\/lv\/wp-json\/wp\/v2\/media\/20935"}],"wp:attachment":[{"href":"https:\/\/calor.ee\/lv\/wp-json\/wp\/v2\/media?parent=20934"}],"wp:term":[{"taxonomy":"product_brand","embeddable":true,"href":"https:\/\/calor.ee\/lv\/wp-json\/wp\/v2\/product_brand?post=20934"},{"taxonomy":"product_cat","embeddable":true,"href":"https:\/\/calor.ee\/lv\/wp-json\/wp\/v2\/product_cat?post=20934"},{"taxonomy":"product_tag","embeddable":true,"href":"https:\/\/calor.ee\/lv\/wp-json\/wp\/v2\/product_tag?post=20934"}],"curies":[{"name":"wp","href":"https:\/\/api.w.org\/{rel}","templated":true}]}}