{"id":20809,"date":"2024-01-10T15:03:37","date_gmt":"2024-01-10T13:03:37","guid":{"rendered":"https:\/\/calor.ee\/centralapkures-kamins-aquaflam-vario-lend-11-7kw\/"},"modified":"2024-01-10T15:03:37","modified_gmt":"2024-01-10T13:03:37","slug":"centralapkures-kamins-aquaflam-vario-lend-11-7kw","status":"publish","type":"product","link":"https:\/\/calor.ee\/lv\/centralapkures-kamins-aquaflam-vario-lend-11-7kw\/","title":{"rendered":"Centr\u0101lapkures kam\u012bns Aquaflam Vario Lend 11\/7kW"},"content":{"rendered":"<p><strong>Manu\u0101l\u0101 regul\u0113\u0161ana<\/strong><br \/>Gaisa \u0161\u012bberi regul\u0113 manu\u0101li ar sviras pal\u012bdz\u012bbu.<\/p>\n<p><strong>Pusautom\u0101tisk\u0101 regul\u0113\u0161ana<\/strong><br \/>Potenciometrs regul\u0113 gaisa padeves \u0161\u012bberi \u2013 to var atv\u0113rt vai aizv\u0113rt, pagrie\u017eot pogu. Ja kam\u012bna \u016bdens temperat\u016bra p\u0101rsniedz 85\u00b0C, \u0161\u012bberis autom\u0101tiski aizveras. Kad temperat\u016bra nokr\u012btas zem 75\u00b0C, potenciometrs \u0161\u012bberi atver autom\u0101tiski.  <\/p>\n<p>Komplekts ietver piln\u012bb\u0101 nokomplekt\u0113tu centr\u0101lapkures kam\u012bnu.<\/p>\n<p><img loading=\"lazy\" decoding=\"async\" class=\"alignnone size-full wp-image-11446\" src=\"https:\/\/calor.ee\/wp-content\/uploads\/2024\/01\/flamingo-maja.webp\" alt=\"\" width=\"1000\" height=\"611\" srcset=\"https:\/\/calor.ee\/wp-content\/uploads\/2024\/01\/flamingo-maja.webp 1000w, https:\/\/calor.ee\/wp-content\/uploads\/2024\/01\/flamingo-maja-300x183.webp 300w, https:\/\/calor.ee\/wp-content\/uploads\/2024\/01\/flamingo-maja-768x469.webp 768w, https:\/\/calor.ee\/wp-content\/uploads\/2024\/01\/flamingo-maja-140x86.webp 140w\" sizes=\"auto, (max-width: 1000px) 100vw, 1000px\" \/><\/p>\n","protected":false},"excerpt":{"rendered":"<p><strong>Centr\u0101lapkures kam\u012bns Aquaflam Vario Lend 11\/7kW<\/strong> ir lieliska izv\u0113le ikvienam, kur\u0161 v\u0113las apsild\u012bt dz\u012bvojam\u0101s telpas vai sadz\u012bves \u016bdeni un vienlaikus baud\u012bt dz\u012bvas uguns burv\u012bbu. Kaminam ir 8,7 litru siltummainis, un tas sp\u0113j apsild\u012bt l\u012bdz pat 300 m\u00b3 lielas telpas. <\/p>\n<p>Centr\u0101lapkures kam\u012bns ir ide\u0101ls pal\u012bgs situ\u0101cij\u0101s, kad eso\u0161\u0101 apkures sist\u0113ma (piem\u0113ram, gaiss\u2013\u016bdens siltums\u016bknis) sp\u0113c\u012bga sala laik\u0101 nesp\u0113j nodro\u0161in\u0101t pietiekamu siltumu vai ar\u012b eso\u0161\u0101 sist\u0113ma k\u0101du iemeslu d\u0113\u013c nedarbojas.<\/p>\n<p>Aquaflam Vario Lend 11\/7kW ir apr\u012bkots ar t\u012bra stikla sist\u0113mu, kas, pateicoties priek\u0161sild\u012btai gaisa pl\u016bsmai, kav\u0113 kv\u0113pu nogulsn\u0113\u0161anos uz stikla.<\/p>\n<p>Centr\u0101lapkures kam\u012bnu Aquaflam Vario Lend 11\/7kW var iesp\u0113jams ieg\u0101d\u0101ties ar pieciem da\u017e\u0101diem keramikas pane\u013ciem (pel\u0113ks, kr\u0113mkr\u0101sas, br\u016bns, sarkans, ol\u012bvu) un ar div\u0101m da\u017e\u0101d\u0101m gaisa padeves regul\u0113\u0161anas sist\u0113m\u0101m \u2013 manu\u0101lo un pusautom\u0101tisko.<\/p>\n<p>Kam\u012bna aizmugur\u0113 ir pieejama \u0101r\u0113j\u0101 gaisa piepl\u016bdes iesp\u0113ja, kas nodro\u0161ina svaiga gaisa novad\u012b\u0161anu tie\u0161i kurtuv\u0113, k\u0101 rezult\u0101t\u0101 uzlabojas deg\u0161anas process. Gaisa piepl\u016bdes atveres diametrs ir 120 mm. <\/p>\n<p>\u0160is centr\u0101lapkures kam\u012bns atbilst visstingr\u0101kajiem Eiropas standartiem \u2013 BImSchV \u2013 Stufe 2, Ekodesign.<\/p>\n","protected":false},"featured_media":20787,"comment_status":"closed","ping_status":"closed","template":"","meta":{"_acf_changed":false},"product_brand":[5540],"product_cat":[5119,5171,5275],"product_tag":[],"class_list":{"0":"post-20809","1":"product","2":"type-product","3":"status-publish","4":"has-post-thumbnail","6":"product_brand-aquaflam-vario","7":"product_cat-centralapkures-kamini","8":"product_cat-brivi-stavosie-kamini","9":"product_cat-kamins-ar-udens-apvalku","10":"product_shipping_class-bezmaksas","11":"tm-no-options","13":"first","14":"instock","15":"taxable","16":"shipping-taxable","17":"purchasable","18":"product-type-variable","19":"has-default-attributes"},"acf":[],"_links":{"self":[{"href":"https:\/\/calor.ee\/lv\/wp-json\/wp\/v2\/product\/20809","targetHints":{"allow":["GET"]}}],"collection":[{"href":"https:\/\/calor.ee\/lv\/wp-json\/wp\/v2\/product"}],"about":[{"href":"https:\/\/calor.ee\/lv\/wp-json\/wp\/v2\/types\/product"}],"replies":[{"embeddable":true,"href":"https:\/\/calor.ee\/lv\/wp-json\/wp\/v2\/comments?post=20809"}],"wp:featuredmedia":[{"embeddable":true,"href":"https:\/\/calor.ee\/lv\/wp-json\/wp\/v2\/media\/20787"}],"wp:attachment":[{"href":"https:\/\/calor.ee\/lv\/wp-json\/wp\/v2\/media?parent=20809"}],"wp:term":[{"taxonomy":"product_brand","embeddable":true,"href":"https:\/\/calor.ee\/lv\/wp-json\/wp\/v2\/product_brand?post=20809"},{"taxonomy":"product_cat","embeddable":true,"href":"https:\/\/calor.ee\/lv\/wp-json\/wp\/v2\/product_cat?post=20809"},{"taxonomy":"product_tag","embeddable":true,"href":"https:\/\/calor.ee\/lv\/wp-json\/wp\/v2\/product_tag?post=20809"}],"curies":[{"name":"wp","href":"https:\/\/api.w.org\/{rel}","templated":true}]}}