{"id":20666,"date":"2024-01-05T11:12:53","date_gmt":"2024-01-05T09:12:53","guid":{"rendered":"https:\/\/calor.ee\/centralapkures-kamins-aquaflam-12\/"},"modified":"2024-01-05T11:12:53","modified_gmt":"2024-01-05T09:12:53","slug":"centralapkures-kamins-aquaflam-12","status":"publish","type":"product","link":"https:\/\/calor.ee\/lv\/centralapkures-kamins-aquaflam-12\/","title":{"rendered":"Centr\u0101lapkures kam\u012bns Aquaflam 12"},"content":{"rendered":"<p><strong>Manu\u0101l\u0101 regul\u0113\u0161ana<\/strong><br \/>Gaisa \u0161\u012bberi regul\u0113 manu\u0101li ar sviras pal\u012bdz\u012bbu.<\/p>\n<p><strong>Pusautom\u0101tisk\u0101 regul\u0113\u0161ana<\/strong><br \/>Potenciometrs regul\u0113 gaisa padeves \u0161\u012bberi \u2013 to var atv\u0113rt vai aizv\u0113rt, pagrie\u017eot pogu. Ja kam\u012bna \u016bdens temperat\u016bra p\u0101rsniedz 85\u00b0C, \u0161\u012bberis autom\u0101tiski aizveras. Kad temperat\u016bra nokr\u012btas zem 75\u00b0C, potenciometrs \u0161\u012bberi atver autom\u0101tiski.  <\/p>\n<p><strong>Piln\u012bb\u0101 autom\u0101tisk\u0101 regul\u0113\u0161ana<\/strong><br \/>Kam\u012bns ir apr\u012bkots ar grafisko displeju un apkures autom\u0101tiku, kas vada gan deg\u0161anas procesu, gan gaisa padeves \u0161\u012bberi. Autom\u0101tika atbalsta 3 sensorus un 3 s\u016bk\u0146u vad\u012bbu, padarot apkuri \u0113rtu un ekonomisku.  <\/p>\n<p>Komplekts ietver piln\u012bb\u0101 nokomplekt\u0113tu centr\u0101lapkures kam\u012bnu.<\/p>\n<p><img loading=\"lazy\" decoding=\"async\" class=\"alignnone size-full wp-image-11446\" src=\"https:\/\/calor.ee\/wp-content\/uploads\/2024\/01\/flamingo-maja.webp\" alt=\"\" width=\"1000\" height=\"611\" srcset=\"https:\/\/calor.ee\/wp-content\/uploads\/2024\/01\/flamingo-maja.webp 1000w, https:\/\/calor.ee\/wp-content\/uploads\/2024\/01\/flamingo-maja-300x183.webp 300w, https:\/\/calor.ee\/wp-content\/uploads\/2024\/01\/flamingo-maja-768x469.webp 768w, https:\/\/calor.ee\/wp-content\/uploads\/2024\/01\/flamingo-maja-140x86.webp 140w\" sizes=\"auto, (max-width: 1000px) 100vw, 1000px\" \/><\/p>\n","protected":false},"excerpt":{"rendered":"<p><strong>Centr\u0101lapkures kam\u012bns Aquaflam 12<\/strong> ir lieliska izv\u0113le ikvienam, kur\u0161 v\u0113las apsild\u012bt dz\u012bvojam\u0101s telpas vai sadz\u012bves \u016bdeni un vienlaikus baud\u012bt dz\u012bvas uguns burv\u012bbu. Kaminam ir 27 litru siltummainis, un tas sp\u0113j apsild\u012bt l\u012bdz pat 320 m\u00b3 lielas telpas. \u0112rt\u0101kai pievieno\u0161anai apkures sist\u0113mai kaminam ir savienojumi ab\u0101s pus\u0113s.  <\/p>\n<p>Centr\u0101lapkures kam\u012bns ir ide\u0101ls pal\u012bgs situ\u0101cij\u0101s, kad eso\u0161\u0101 apkures sist\u0113ma (piem\u0113ram, gaiss\u2013\u016bdens siltums\u016bknis) sp\u0113c\u012bga sala laik\u0101 nesp\u0113j nodro\u0161in\u0101t pietiekamu siltumu vai ar\u012b eso\u0161\u0101 sist\u0113ma k\u0101du iemeslu d\u0113\u013c nedarbojas.<\/p>\n<p>Aquaflam 12 ir apr\u012bkots ar t\u012bra stikla sist\u0113mu, kas, pateicoties priek\u0161sild\u012btai gaisa pl\u016bsmai, kav\u0113 kv\u0113pu nogulsn\u0113\u0161anos uz stikla.<\/p>\n<p>Centr\u0101lapkures kam\u012bnu Aquaflam 12 esp\u0113jams izv\u0113l\u0113ties \u010detr\u0101s da\u017e\u0101d\u0101s kr\u0101s\u0101s un ar trim gaisa padeves regul\u0113\u0161anas sist\u0113m\u0101m \u2013 manu\u0101lo, pusautom\u0101tisko un piln\u012bb\u0101 autom\u0101tisko.<\/p>\n<p>Kam\u012bn\u0101 ir integr\u0113ta \u0101r\u0113j\u0101 gaisa pievada iesp\u0113ja, kas nodro\u0161ina svaiga gaisa piepl\u016bdi tie\u0161i kurtuv\u0113, uzlabojot deg\u0161anas procesu. Gaisa pievada diametrs ir 120 mm. <\/p>\n<p>\u0160is centr\u0101lapkures kam\u012bns atbilst visstingr\u0101kajiem Eiropas standartiem &#8211; BImSchV \u2013 Stufe 2, 15a B-VG, DINplus, Flamme Verte.<\/p>\n","protected":false},"featured_media":20640,"comment_status":"closed","ping_status":"closed","template":"","meta":{"_acf_changed":false},"product_brand":[5539],"product_cat":[5119,5171,5275],"product_tag":[],"class_list":{"0":"post-20666","1":"product","2":"type-product","3":"status-publish","4":"has-post-thumbnail","6":"product_brand-aquaflam","7":"product_cat-centralapkures-kamini","8":"product_cat-brivi-stavosie-kamini","9":"product_cat-kamins-ar-udens-apvalku","10":"product_shipping_class-bezmaksas","11":"tm-no-options","13":"first","14":"instock","15":"taxable","16":"shipping-taxable","17":"purchasable","18":"product-type-variable","19":"has-default-attributes"},"acf":[],"_links":{"self":[{"href":"https:\/\/calor.ee\/lv\/wp-json\/wp\/v2\/product\/20666","targetHints":{"allow":["GET"]}}],"collection":[{"href":"https:\/\/calor.ee\/lv\/wp-json\/wp\/v2\/product"}],"about":[{"href":"https:\/\/calor.ee\/lv\/wp-json\/wp\/v2\/types\/product"}],"replies":[{"embeddable":true,"href":"https:\/\/calor.ee\/lv\/wp-json\/wp\/v2\/comments?post=20666"}],"wp:featuredmedia":[{"embeddable":true,"href":"https:\/\/calor.ee\/lv\/wp-json\/wp\/v2\/media\/20640"}],"wp:attachment":[{"href":"https:\/\/calor.ee\/lv\/wp-json\/wp\/v2\/media?parent=20666"}],"wp:term":[{"taxonomy":"product_brand","embeddable":true,"href":"https:\/\/calor.ee\/lv\/wp-json\/wp\/v2\/product_brand?post=20666"},{"taxonomy":"product_cat","embeddable":true,"href":"https:\/\/calor.ee\/lv\/wp-json\/wp\/v2\/product_cat?post=20666"},{"taxonomy":"product_tag","embeddable":true,"href":"https:\/\/calor.ee\/lv\/wp-json\/wp\/v2\/product_tag?post=20666"}],"curies":[{"name":"wp","href":"https:\/\/api.w.org\/{rel}","templated":true}]}}