{"id":20567,"date":"2025-09-03T11:40:42","date_gmt":"2025-09-03T09:40:42","guid":{"rendered":"https:\/\/calor.ee\/kamina-kurtuve-saven-energy-up-85x50x47r-17-kw-eco\/"},"modified":"2025-09-03T11:40:42","modified_gmt":"2025-09-03T09:40:42","slug":"kamina-kurtuve-saven-energy-up-85x50x47r-17-kw-eco","status":"publish","type":"product","link":"https:\/\/calor.ee\/lv\/kamina-kurtuve-saven-energy-up-85x50x47r-17-kw-eco\/","title":{"rendered":"Kam\u012bna kurtuve SAVEN Energy Up 85x50x47R (17 kW) ECO"},"content":{"rendered":"","protected":false},"excerpt":{"rendered":"<p>Lab\u0101 st\u016bra <strong>kam\u012bna kurtuve<\/strong> ar pace\u013cam\u0101m durv\u012bm SAVEN Energy Up 85\u044550x47R (17 kW) ECO ir rad\u012bta tiem, kuri nov\u0113rt\u0113 m\u016bsdien\u012bgas tehnolo\u0123ijas un laikmet\u012bgu m\u0101j\u012bgumu. T\u0101 ir jaud\u012bga 17 kW t\u0113rauda kam\u012bna kurtuve, kas nodro\u0161ina augstu lietder\u012bbas koeficientu un ilgsto\u0161u uzticam\u012bbu. Viedi izstr\u0101d\u0101t\u0101 d\u016bmg\u0101zu vad\u012bbas sist\u0113ma \u013cauj maksim\u0101li izmantot siltumu, savuk\u0101rt t\u012brais un p\u0101rdom\u0101tais deg\u0161anas process nodro\u0161ina skaidru un skaistu liesmu sp\u0113li. Kam\u012bna kurtuve lieliski piem\u0113rota ar\u012b m\u0101jok\u013ciem ar siltuma rekuper\u0101cijas sist\u0113mu, jo t\u0101s konstrukcija ir izstr\u0101d\u0101ta, \u0146emot v\u0113r\u0101 m\u016bsdien\u012bgu ventil\u0101ciju.   <\/p>\n<p>Visu deg\u0161anas procesu atbalsta svaiga gaisa padeves iesp\u0113jas (125 mm) gan no apak\u0161as, gan no aizmugures, kas nodro\u0161ina vienm\u0113r\u012bgu un kontrol\u0113tu sadeg\u0161anu. Dubultais deflektors b\u016btiski palielina siltuma p\u0101rnesi un padara kurin\u0101\u0161anu v\u0113l efekt\u012bv\u0101ku.  Pateicoties iztur\u012bgai t\u0113rauda konstrukcijai, kam\u012bna kurtuve nedeform\u0113jas ar\u012b augstu temperat\u016bru ietekm\u0113, bet speci\u0101l\u0101s karstumiztur\u012bg\u0101s bl\u012bves nodro\u0161ina papildu herm\u0113tiskumu. Mont\u0101\u017eas darbus atvieglo unik\u0101ls regul\u0113jamu k\u0101ju risin\u0101jums, kas \u013cauj \u0101tri un \u0113rti uzst\u0101d\u012bt gan kam\u012bna kurtuvi, gan ventil\u0101cijas restes.  Liesmas intensit\u0101ti iesp\u0113jams regul\u0113t ar vienu sviru, padarot lieto\u0161anu \u012bpa\u0161i vienk\u0101r\u0161u un pat\u012bkamu.<\/p>\n<p>Ra\u017eo\u0161an\u0101 izmantoti tikai p\u0101rbaud\u012bti un augst\u0101k\u0101s kvalit\u0101tes materi\u0101li \u2013 kam\u012bna kurtuve izgatavota no 3\u20135 mm bieza karsti velm\u0113ta t\u0113rauda, izkl\u0101ta ar pastiprin\u0101t\u0101m ugunsiztur\u012bg\u0101m pl\u0101ksn\u0113m un kr\u0101sota ar videi draudz\u012bgu karstumiztur\u012bgu kr\u0101su, kas deg\u0161anas laik\u0101 neizdala d\u016bmus un smaku un ir notur\u012bga pret kras\u0101m temperat\u016bras sv\u0101rst\u012bb\u0101m. Pacel\u0161anas durvju meh\u0101nism\u0101 ir izmantoti augstas kvalit\u0101tes meh\u0101nismi, kas nodro\u0161ina klusu un vienm\u0113r\u012bgu durvju atv\u0113r\u0161anu un aizv\u0113r\u0161anu, k\u0101 ar\u012b nevainojamu darb\u012bbu. Vajadz\u012bbas gad\u012bjum\u0101 durvis ir iesp\u0113jams atv\u0113rt ar\u012b uz s\u0101niem, lai b\u016btu \u0113rti not\u012br\u012bt stiklu. T\u0101pat ir iesp\u0113jams pievienot vai no\u0146emt pretsvarus, lai noregul\u0113tu durvju atv\u0113r\u0161an\u0101s un aizv\u0113r\u0161an\u0101s smagumu atbilsto\u0161i lietot\u0101ja v\u0113lm\u0113m.    Kam\u012bna kurtuves durvis ir apr\u012bkotas ar augstas kvalit\u0101tes 4 mm biezu karstumiztur\u012bgu Schott Robax stiklu, kas ra\u017eots V\u0101cij\u0101 un sp\u0113j iztur\u0113t temperat\u016bru l\u012bdz pat 760\u00b0C. Kam\u012bnam ir ar\u012b t\u012br\u0101 stikla sist\u0113ma, kur deg\u0161anas laik\u0101 stikla priek\u0161\u0101 veidojas gaisa aizkars, kas nov\u0113r\u0161 kv\u0113pu nos\u0113\u0161anos uz stikla. <\/p>\n<p>SAVEN Energy Up 85x50x47R ECO ir kas vair\u0101k nek\u0101 tikai kam\u012bna kurtuve \u2013 t\u0101 ir invest\u012bcija m\u0101j\u012bg\u0101 noska\u0146\u0101, silt\u0101 m\u0101jokl\u012b un dro\u0161\u0101 kvalit\u0101t\u0113 daudzu gadu garum\u0101. Pateicoties jaudai un iztur\u012bbai, t\u0101 ir ide\u0101li piem\u0113rota izmanto\u0161anai ar siltumu akumul\u0113jo\u0161u apvalku, piem\u0113ram, BRULA Heat u.c., \u013caujot izb\u016bv\u0113t tie\u0161i t\u0101du siltumu akumul\u0113jo\u0161u kam\u012bnu, k\u0101du J\u016bs v\u0113laties.  <\/p>\n<p>Degkameras iek\u0161\u0113jo apdari iesp\u0113jams piel\u0101got atbilsto\u0161i J\u016bsu vai interjera dizainera iecerei \u2013 pieejams gai\u0161s vai tum\u0161s kurtuves iek\u0161puses variants, kas izskat\u0101s \u012bpa\u0161i iespaid\u012bgi.<\/p>\n","protected":false},"featured_media":20568,"comment_status":"closed","ping_status":"closed","template":"","meta":{"_acf_changed":false},"product_brand":[5549],"product_cat":[5116],"product_tag":[],"class_list":{"0":"post-20567","1":"product","2":"type-product","3":"status-publish","4":"has-post-thumbnail","6":"product_brand-saven","7":"product_cat-kaminu-kurtuves","8":"product_shipping_class-bezmaksas","9":"tm-no-options","11":"first","12":"instock","13":"sale","14":"taxable","15":"shipping-taxable","16":"purchasable","17":"product-type-variable","18":"has-default-attributes"},"acf":[],"_links":{"self":[{"href":"https:\/\/calor.ee\/lv\/wp-json\/wp\/v2\/product\/20567","targetHints":{"allow":["GET"]}}],"collection":[{"href":"https:\/\/calor.ee\/lv\/wp-json\/wp\/v2\/product"}],"about":[{"href":"https:\/\/calor.ee\/lv\/wp-json\/wp\/v2\/types\/product"}],"replies":[{"embeddable":true,"href":"https:\/\/calor.ee\/lv\/wp-json\/wp\/v2\/comments?post=20567"}],"wp:featuredmedia":[{"embeddable":true,"href":"https:\/\/calor.ee\/lv\/wp-json\/wp\/v2\/media\/20568"}],"wp:attachment":[{"href":"https:\/\/calor.ee\/lv\/wp-json\/wp\/v2\/media?parent=20567"}],"wp:term":[{"taxonomy":"product_brand","embeddable":true,"href":"https:\/\/calor.ee\/lv\/wp-json\/wp\/v2\/product_brand?post=20567"},{"taxonomy":"product_cat","embeddable":true,"href":"https:\/\/calor.ee\/lv\/wp-json\/wp\/v2\/product_cat?post=20567"},{"taxonomy":"product_tag","embeddable":true,"href":"https:\/\/calor.ee\/lv\/wp-json\/wp\/v2\/product_tag?post=20567"}],"curies":[{"name":"wp","href":"https:\/\/api.w.org\/{rel}","templated":true}]}}