{"id":20149,"date":"2023-05-19T13:04:40","date_gmt":"2023-05-19T11:04:40","guid":{"rendered":"https:\/\/calor.ee\/kamina-kurtuve-kratki-vn-12kw-l-lift\/"},"modified":"2023-05-19T13:04:40","modified_gmt":"2023-05-19T11:04:40","slug":"kamina-kurtuve-kratki-vn-12kw-l-lift","status":"publish","type":"product","link":"https:\/\/calor.ee\/lv\/kamina-kurtuve-kratki-vn-12kw-l-lift\/","title":{"rendered":"Kam\u012bna kurtuve Kratki VN 12kW L Lift"},"content":{"rendered":"<p>Kam\u012bna kurtuves Kratki VN 12kW L Lift uzst\u0101d\u012b\u0161ana ir \u0113rta \u2013 tai ir regul\u0113jamas k\u0101jas un par 360\u00b0 regul\u0113jams d\u016bmvada piesl\u0113gums, kas \u013cauj kam\u012bnu piesl\u0113gt skurstenim no jebkura le\u0146\u0137a.<br \/>\nKam\u012bna kurtuvei ir paredz\u0113ta ar\u012b \u0101r\u0113j\u0101 gaisa padeves iesp\u0113ja \u2013 apak\u0161da\u013c\u0101 ir gaisa iepl\u016bdes atvere ar diametru 125 mm, kuru iesp\u0113jams regul\u0113t ar ieb\u016bv\u0113tas sviras pal\u012bdz\u012bbu.<\/p>\n<p><iframe loading=\"lazy\" title=\"Rewolucja w Ogrzewaniu: Odkryj Unikalny i Elegancki Wk\u0142ad Kominkowy VN z Systemem Lift-Up!\" width=\"1020\" height=\"574\" src=\"https:\/\/www.youtube.com\/embed\/M5upD-4jpXo?feature=oembed\" frameborder=\"0\" allow=\"accelerometer; autoplay; clipboard-write; encrypted-media; gyroscope; picture-in-picture; web-share\" referrerpolicy=\"strict-origin-when-cross-origin\" allowfullscreen><\/iframe><\/p>\n","protected":false},"excerpt":{"rendered":"<p><strong>Kam\u012bna kurtuve<\/strong> ar pace\u013cam\u0101m durv\u012bm Kratki VN 12kW L Lift ir izdev\u012bgs risin\u0101jums m\u016bsdien\u012bga un eleganta st\u016bra kam\u012bna izb\u016bvei. Izmantojot \u0161o kam\u012bna kurtuvi, iesp\u0113jams izb\u016bv\u0113t un noform\u0113t tie\u0161i t\u0101du kam\u012bnu, par k\u0101du vienm\u0113r esat sap\u0146oju\u0161i. <\/p>\n<p>Kam\u012bna kurtuve Kratki VN 12kW L Lift ir izgatavota no augstas kvalit\u0101tes augst\u0101m temperat\u016br\u0101m iztur\u012bga t\u0113rauda. T\u0113rauda elementi ir izgriezti ar modern\u0101m l\u0101zeriek\u0101rt\u0101m un prec\u012bzi saloc\u012bti ar CNC liek\u0161anas iek\u0101rt\u0101m. Kurtuves izcilu herm\u0113tiskumu nodro\u0161ina iztur\u012bgas un kvalitat\u012bvas metin\u0101juma \u0161uves.  <\/p>\n<p>Kam\u012bna kurtuves degkamer\u0101 ir izmantota karstumiztur\u012bga TERMOTEC keramika, kas ir siltumu akumul\u0113jo\u0161s materi\u0101ls un iztur temperat\u016bru l\u012bdz pat 660 \u00b0C. Degkameras iek\u0161\u0113jo apdari iesp\u0113jams izv\u0113l\u0113ties atbilsto\u0161i J\u016bsu vai interjera dizainera redz\u0113jumam \u2013 pieejama gan gai\u0161a, gan tum\u0161a degkameras apdare, kas izskat\u0101s \u012bpa\u0161i iespaid\u012bgi. Kam\u012bna kurtuve ir apr\u012bkota ar diviem d\u016bmg\u0101zu deflektoriem, kas nodro\u0161ina deg\u0161anas laik\u0101 neizdedzin\u0101to da\u013ci\u0146u p\u0113cdedzi. Deflektors vienlaikus palielina deg\u0161anas efektivit\u0101ti, nodro\u0161ina lab\u0101ku ener\u0123ijas izmanto\u0161anu un samazina kait\u012bgo vielu non\u0101k\u0161anu apk\u0101rt\u0113j\u0101 vid\u0113.    Pateicoties modernajiem tehniskajiem risin\u0101jumiem, \u0161\u012b kam\u012bna kurtuve atbilst pat visstingr\u0101kajiem vides standartiem, tostarp V\u0101cijas BImSchV 2 standartam.<\/p>\n<p>Kam\u012bna kurtuvei ir lielas pace\u013camas stikla durvis, kuru stikls ir dekor\u0113ts ar stil\u012bgu melnu apdruku gar mal\u0101m. Liel\u0101 stikla virsma \u013cauj vienlaikus izbaud\u012bt dz\u012bvu un m\u0101j\u012bgu uguni no div\u0101m pus\u0113m. Pace\u013camo durvju meh\u0101nism\u0101 ir izmantoti augstas kvalit\u0101tes risin\u0101jumi, kas nodro\u0161ina klusu un nevainojamu darb\u012bbu. Vajadz\u012bbas gad\u012bjum\u0101 durvis iesp\u0113jams atv\u0113rt ar\u012b uz s\u0101niem, lai b\u016btu \u0113rti not\u012br\u012bt stiklu. Durvju r\u0101mis ir izgatavots no sl\u0113gta profila, kas padara to stabilu un iztur\u012bgu pret augst\u0101s temperat\u016bras rad\u012bto slodzi.    <\/p>\n<p>Kam\u012bna kurtuve ir apr\u012bkota ar t\u012br\u0101 stikla sist\u0113mu \u2014 v\u0113s\u0101ks \u0101r\u0113jais gaiss tiek virz\u012bts uz stiklu, veidojot gaisa aizkaru, kas nov\u0113r\u0161 p\u0101rm\u0113r\u012bgu sodr\u0113ju nos\u0113\u0161anos uz stikla virsmas.<\/p>\n","protected":false},"featured_media":20150,"comment_status":"closed","ping_status":"closed","template":"","meta":{"_acf_changed":false},"product_brand":[5536],"product_cat":[5116],"product_tag":[],"class_list":{"0":"post-20149","1":"product","2":"type-product","3":"status-publish","4":"has-post-thumbnail","6":"product_brand-kratki","7":"product_cat-kaminu-kurtuves","8":"product_shipping_class-bezmaksas","9":"tm-no-options","11":"first","12":"instock","13":"taxable","14":"shipping-taxable","15":"purchasable","16":"product-type-variable","17":"has-default-attributes"},"acf":[],"_links":{"self":[{"href":"https:\/\/calor.ee\/lv\/wp-json\/wp\/v2\/product\/20149","targetHints":{"allow":["GET"]}}],"collection":[{"href":"https:\/\/calor.ee\/lv\/wp-json\/wp\/v2\/product"}],"about":[{"href":"https:\/\/calor.ee\/lv\/wp-json\/wp\/v2\/types\/product"}],"replies":[{"embeddable":true,"href":"https:\/\/calor.ee\/lv\/wp-json\/wp\/v2\/comments?post=20149"}],"wp:featuredmedia":[{"embeddable":true,"href":"https:\/\/calor.ee\/lv\/wp-json\/wp\/v2\/media\/20150"}],"wp:attachment":[{"href":"https:\/\/calor.ee\/lv\/wp-json\/wp\/v2\/media?parent=20149"}],"wp:term":[{"taxonomy":"product_brand","embeddable":true,"href":"https:\/\/calor.ee\/lv\/wp-json\/wp\/v2\/product_brand?post=20149"},{"taxonomy":"product_cat","embeddable":true,"href":"https:\/\/calor.ee\/lv\/wp-json\/wp\/v2\/product_cat?post=20149"},{"taxonomy":"product_tag","embeddable":true,"href":"https:\/\/calor.ee\/lv\/wp-json\/wp\/v2\/product_tag?post=20149"}],"curies":[{"name":"wp","href":"https:\/\/api.w.org\/{rel}","templated":true}]}}