{"id":20038,"date":"2024-09-06T14:37:01","date_gmt":"2024-09-06T12:37:01","guid":{"rendered":"https:\/\/calor.ee\/kamina-kurtuve-kratki-zibi-11kw-lift\/"},"modified":"2024-09-06T14:37:01","modified_gmt":"2024-09-06T12:37:01","slug":"kamina-kurtuve-kratki-zibi-11kw-lift","status":"publish","type":"product","link":"https:\/\/calor.ee\/lv\/kamina-kurtuve-kratki-zibi-11kw-lift\/","title":{"rendered":"Kam\u012bna kurtuve Kratki Zibi 11kW Lift"},"content":{"rendered":"<p>Kam\u012bna kurtuve Kratki Zibi 11kW Lift ir apr\u012bkota ar regul\u0113jam\u0101m k\u0101j\u0101m, kas atvieglo uzst\u0101d\u012b\u0161anu ar\u012b uz nel\u012bdzenas virsmas un nodro\u0161ina stabilit\u0101ti un dro\u0161u ekspluat\u0101ciju.<\/p>\n<p>Kam\u012bna kurtuvei ir paredz\u0113ta ar\u012b \u0101r\u0113j\u0101 gaisa padeves iesp\u0113ja \u2013 apak\u0161da\u013c\u0101 ir gaisa iepl\u016bdes atvere ar diametru 125 mm, kuru iesp\u0113jams regul\u0113t ar ieb\u016bv\u0113tas sviras pal\u012bdz\u012bbu. D\u016bmg\u0101zu izvada atvere ir regul\u0113jama 360\u00b0 le\u0146\u0137\u012b, kas padara kam\u012bna uzst\u0101d\u012b\u0161anu elast\u012bgu un vienk\u0101r\u0161u jebkur\u0101 interjer\u0101. <\/p>\n","protected":false},"excerpt":{"rendered":"<p>Kam\u012bna kurtuve ar pace\u013cam\u0101m durv\u012bm Kratki Zibi 11kW Lift ir ide\u0101ls risin\u0101jums m\u016bsdien\u012bga un eleganta kam\u012bna izb\u016bvei. Izmantojot \u0161o kam\u012bna kurtuvi, iesp\u0113jams izb\u016bv\u0113t un noform\u0113t tie\u0161i t\u0101du kam\u012bnu, par k\u0101du vienm\u0113r esat sap\u0146oju\u0161i. <\/p>\n<p>Kam\u012bna kurtuve Kratki Zibi 11kW Lift ir izgatavota no augstas kvalit\u0101tes augst\u0101m temperat\u016br\u0101m iztur\u012bga t\u0113rauda. T\u0113rauda elementi ir izgriezti ar modern\u0101m l\u0101zeriek\u0101rt\u0101m un prec\u012bzi saloc\u012bti ar CNC liek\u0161anas iek\u0101rt\u0101m. Kurtuves izcilu herm\u0113tiskumu nodro\u0161ina iztur\u012bgas un kvalitat\u012bvas metin\u0101juma \u0161uves. Uz virsmas izvietot\u0101s ribas nodro\u0161ina izcilu siltuma atdevi.   <\/p>\n<p>Kam\u012bna kurtuve ir apr\u012bkota ar karstumiztur\u012bgu TERMOTEC keramiku, kas ir siltumu akumul\u0113jo\u0161s materi\u0101ls un iztur temperat\u016bru l\u012bdz pat 660\u00b0C. Kurtuves iek\u0161\u0113jo apdari iesp\u0113jams piel\u0101got p\u0113c J\u016bsu vai interjera dizainera iecer\u0113m \u2014 pieejama gan gai\u0161a, gan tum\u0161a kurtuves apdare, kas izskat\u0101s \u012bpa\u0161i iespaid\u012bgi. No malkas ieg\u016bt\u0101 siltumener\u0123ija tiek izmantota maksim\u0101li efekt\u012bvi \u2014 koks sadeg smalk\u0101s pelnos, kuru daudzums ir minim\u0101ls, t\u0101d\u0113\u013c \u0161im kam\u012bna kurtuves modelim pat nav nepiecie\u0161ams pelnu re\u017e\u0123is.   Pateicoties modernajiem tehniskajiem risin\u0101jumiem, \u0161\u012b kam\u012bna kurtuve atbilst pat visstingr\u0101kajiem vides standartiem, tostarp V\u0101cijas BImSchV 2 standartam.<\/p>\n<p>Kam\u012bna kurtuvei ir lielas pace\u013camas stikla durvis, kas \u013cauj maksim\u0101li izbaud\u012bt dz\u012bvu uguni. Kam\u012bna kurtuve ir apr\u012bkota ar t\u012br\u0101 stikla sist\u0113mu \u2014 v\u0113s\u0101ks \u0101r\u0113jais gaiss tiek virz\u012bts uz stiklu, veidojot gaisa aizkaru, kas nov\u0113r\u0161 p\u0101rm\u0113r\u012bgu sodr\u0113ju nos\u0113\u0161anos uz stikla virsmas. <\/p>\n","protected":false},"featured_media":20039,"comment_status":"closed","ping_status":"closed","template":"","meta":{"_acf_changed":false},"product_brand":[5536],"product_cat":[5116],"product_tag":[],"class_list":{"0":"post-20038","1":"product","2":"type-product","3":"status-publish","4":"has-post-thumbnail","6":"product_brand-kratki","7":"product_cat-kaminu-kurtuves","8":"product_shipping_class-bezmaksas","9":"tm-no-options","11":"first","12":"instock","13":"taxable","14":"shipping-taxable","15":"product-type-variable","16":"has-default-attributes"},"acf":[],"_links":{"self":[{"href":"https:\/\/calor.ee\/lv\/wp-json\/wp\/v2\/product\/20038","targetHints":{"allow":["GET"]}}],"collection":[{"href":"https:\/\/calor.ee\/lv\/wp-json\/wp\/v2\/product"}],"about":[{"href":"https:\/\/calor.ee\/lv\/wp-json\/wp\/v2\/types\/product"}],"replies":[{"embeddable":true,"href":"https:\/\/calor.ee\/lv\/wp-json\/wp\/v2\/comments?post=20038"}],"wp:featuredmedia":[{"embeddable":true,"href":"https:\/\/calor.ee\/lv\/wp-json\/wp\/v2\/media\/20039"}],"wp:attachment":[{"href":"https:\/\/calor.ee\/lv\/wp-json\/wp\/v2\/media?parent=20038"}],"wp:term":[{"taxonomy":"product_brand","embeddable":true,"href":"https:\/\/calor.ee\/lv\/wp-json\/wp\/v2\/product_brand?post=20038"},{"taxonomy":"product_cat","embeddable":true,"href":"https:\/\/calor.ee\/lv\/wp-json\/wp\/v2\/product_cat?post=20038"},{"taxonomy":"product_tag","embeddable":true,"href":"https:\/\/calor.ee\/lv\/wp-json\/wp\/v2\/product_tag?post=20038"}],"curies":[{"name":"wp","href":"https:\/\/api.w.org\/{rel}","templated":true}]}}