{"id":19891,"date":"2024-11-06T12:53:17","date_gmt":"2024-11-06T10:53:17","guid":{"rendered":"https:\/\/calor.ee\/kamina-kurtuve-kratki-floki-m-10kw\/"},"modified":"2024-11-06T12:53:17","modified_gmt":"2024-11-06T10:53:17","slug":"kamina-kurtuve-kratki-floki-m-10kw","status":"publish","type":"product","link":"https:\/\/calor.ee\/lv\/kamina-kurtuve-kratki-floki-m-10kw\/","title":{"rendered":"Kam\u012bna kurtuve Kratki Floki M 10kW"},"content":{"rendered":"<p>Kam\u012bna kurtuve Kratki Floki M 10kW ir apr\u012bkota ar regul\u0113jam\u0101m k\u0101j\u0101m, kas atvieglo uzst\u0101d\u012b\u0161anu ar\u012b uz nel\u012bdzenas virsmas un nodro\u0161ina stabilit\u0101ti un dro\u0161u ekspluat\u0101ciju.<\/p>\n<p>Kam\u012bna kurtuvei ir paredz\u0113ta ar\u012b \u0101r\u0113j\u0101 gaisa padeves iesp\u0113ja \u2013 apak\u0161da\u013c\u0101 ir gaisa iepl\u016bdes atvere ar diametru 125 mm, kuru iesp\u0113jams regul\u0113t ar ieb\u016bv\u0113tas sviras pal\u012bdz\u012bbu. D\u016bmg\u0101zu izvada atvere ir regul\u0113jama 360\u00b0 le\u0146\u0137\u012b, kas padara kam\u012bna uzst\u0101d\u012b\u0161anu elast\u012bgu un vienk\u0101r\u0161u jebkur\u0101 interjer\u0101. <\/p>\n","protected":false},"excerpt":{"rendered":"<p><strong>Kam\u012bna kurtuve Kratki Floki M 10kW<\/strong> apvieno elegantu dizainu ar inovat\u012bvu deg\u0161anas tehnolo\u0123iju, lieliski iederoties m\u016bsdien\u012bg\u0101 interjer\u0101. Izmantojot \u0161o kam\u012bna kurtuvi, ir iesp\u0113jams izb\u016bv\u0113t un noform\u0113t tie\u0161i t\u0101du kam\u012bnu, par k\u0101du J\u016bs vienm\u0113r esat sap\u0146oju\u0161i. Liel\u0101s stikla durvis ne tikai vizu\u0101li papla\u0161ina telpu, bet ar\u012b \u013cauj pat\u012bkami baud\u012bt dejojo\u0161o liesmu burv\u012bbu.  <\/p>\n<p>Kam\u012bna kurtuve Kratki Floki M 10kW ir izgatavota no augstas kvalit\u0101tes augst\u0101m temperat\u016br\u0101m iztur\u012bga t\u0113rauda. T\u0113rauda elementi ir izgriezti ar modern\u0101m l\u0101zeriek\u0101rt\u0101m un prec\u012bzi saloc\u012bti ar CNC liek\u0161anas iek\u0101rt\u0101m. Kurtuves izcilu herm\u0113tiskumu nodro\u0161ina iztur\u012bgas un kvalitat\u012bvas metin\u0101juma \u0161uves.  <\/p>\n<p>Degkamera ir apr\u012bkota ar karstumiztur\u012bgu TERMOTEC keramikas ap\u0161uvumu, kas iztur temperat\u016bru l\u012bdz pat 660\u00b0C. Tas ir siltumu akumul\u0113jo\u0161s materi\u0101ls, kas izstaro siltumu ar\u012b p\u0113c tam, kad uguns degkamer\u0101 ir izdzisusi. Degkameras iek\u0161\u0113jo apdari iesp\u0113jams izv\u0113l\u0113ties atbilsto\u0161i J\u016bsu vai interjera dizainera redz\u0113jumam \u2013 pieejama gan gai\u0161a, gan tum\u0161a degkameras apdare, kas izskat\u0101s \u012bpa\u0161i iespaid\u012bgi. <\/p>\n<p>\u0160\u012b videi draudz\u012bg\u0101 kam\u012bna kurtuve ir apr\u012bkota ar\u012b ar vermikul\u012bta deflektoru, kas pagarina d\u016bmg\u0101zu ce\u013cu, palielina deg\u0161anas efektivit\u0101ti un nodro\u0161ina lab\u0101ku ener\u0123ijas izmanto\u0161anu. T\u0101d\u0113j\u0101di tiek samazin\u0101ta kait\u012bgo vielu izdal\u012b\u0161an\u0101s atmosf\u0113r\u0101. <\/p>\n<p>Kam\u012bna kurtuvei ir \u010duguna pelnu re\u017e\u0123is, kas nodro\u0161ina vienm\u0113r\u012bgu un efekt\u012bvu malkas sadeg\u0161anu. Zem pelnu re\u017e\u0123a atrodas pelnu atvilktne, kas \u013cauj \u0101tri un \u0113rti izt\u012br\u012bt pelnus. <\/p>\n<p>Kratki Floki M 10kW kam\u012bna kurtuve ir apr\u012bkota ar tr\u012bsk\u0101r\u0161u gaisa cirkul\u0101cijas sist\u0113mu, kas nodro\u0161ina augstu deg\u0161anas efektivit\u0101ti. Prim\u0101rais gaiss tiek pievad\u012bts zem pelnu re\u017e\u0123a, veicinot malkas aizdeg\u0161anos. Sekund\u0101rais gaiss tiek novad\u012bts uz degkameras aizmugures un s\u0101nu sien\u0101m, nodro\u0161inot efekt\u012bvu g\u0101zu sadeg\u0161anu un samazinot d\u016bmu un kait\u012bgo vielu emisiju. Papildus tiek izmantota ar\u012b t\u012br\u0101 stikla sist\u0113ma, kur v\u0113s\u0101ks \u0101r\u0113jais gaiss tiek novirz\u012bts uz stiklu, veidojot gaisa aizkaru, kas nov\u0113r\u0161 p\u0101rm\u0113r\u012bgu sodr\u0113ju nos\u0113\u0161anos uz stikla virsmas un pal\u012bdz to saglab\u0101t t\u012bru.   <\/p>\n<p>Pateicoties modernajiem tehniskajiem risin\u0101jumiem, \u0161\u012b kam\u012bna kurtuve atbilst pat visstingr\u0101kajiem vides standartiem, tostarp V\u0101cijas BImSchV 2 standartam.<\/p>\n","protected":false},"featured_media":19892,"comment_status":"closed","ping_status":"closed","template":"","meta":{"_acf_changed":false},"product_brand":[5536],"product_cat":[5116],"product_tag":[],"class_list":{"0":"post-19891","1":"product","2":"type-product","3":"status-publish","4":"has-post-thumbnail","6":"product_brand-kratki","7":"product_cat-kaminu-kurtuves","8":"product_shipping_class-bezmaksas","9":"tm-no-options","11":"first","12":"instock","13":"taxable","14":"shipping-taxable","15":"product-type-variable","16":"has-default-attributes"},"acf":[],"_links":{"self":[{"href":"https:\/\/calor.ee\/lv\/wp-json\/wp\/v2\/product\/19891","targetHints":{"allow":["GET"]}}],"collection":[{"href":"https:\/\/calor.ee\/lv\/wp-json\/wp\/v2\/product"}],"about":[{"href":"https:\/\/calor.ee\/lv\/wp-json\/wp\/v2\/types\/product"}],"replies":[{"embeddable":true,"href":"https:\/\/calor.ee\/lv\/wp-json\/wp\/v2\/comments?post=19891"}],"wp:featuredmedia":[{"embeddable":true,"href":"https:\/\/calor.ee\/lv\/wp-json\/wp\/v2\/media\/19892"}],"wp:attachment":[{"href":"https:\/\/calor.ee\/lv\/wp-json\/wp\/v2\/media?parent=19891"}],"wp:term":[{"taxonomy":"product_brand","embeddable":true,"href":"https:\/\/calor.ee\/lv\/wp-json\/wp\/v2\/product_brand?post=19891"},{"taxonomy":"product_cat","embeddable":true,"href":"https:\/\/calor.ee\/lv\/wp-json\/wp\/v2\/product_cat?post=19891"},{"taxonomy":"product_tag","embeddable":true,"href":"https:\/\/calor.ee\/lv\/wp-json\/wp\/v2\/product_tag?post=19891"}],"curies":[{"name":"wp","href":"https:\/\/api.w.org\/{rel}","templated":true}]}}