{"id":19779,"date":"2023-04-05T10:17:20","date_gmt":"2023-04-05T08:17:20","guid":{"rendered":"https:\/\/calor.ee\/cuguna-kamina-kurtuve-kratki-zuzia-eco-12kw-deco\/"},"modified":"2023-04-05T10:17:20","modified_gmt":"2023-04-05T08:17:20","slug":"cuguna-kamina-kurtuve-kratki-zuzia-eco-12kw-deco","status":"publish","type":"product","link":"https:\/\/calor.ee\/lv\/cuguna-kamina-kurtuve-kratki-zuzia-eco-12kw-deco\/","title":{"rendered":"\u010cuguna kam\u012bna kurtuve Kratki Zuzia Eco 12kW Deco"},"content":{"rendered":"<p><iframe loading=\"lazy\" title=\"Ekologiczne ciep\u0142o domowe: ZUZIA ECO i jej innowacyjny system spalania!\" width=\"1020\" height=\"574\" src=\"https:\/\/www.youtube.com\/embed\/e9ajmmutg_k?feature=oembed\" frameborder=\"0\" allow=\"accelerometer; autoplay; clipboard-write; encrypted-media; gyroscope; picture-in-picture; web-share\" referrerpolicy=\"strict-origin-when-cross-origin\" allowfullscreen><\/iframe><\/p>\n","protected":false},"excerpt":{"rendered":"<p><strong>\u010cuguna kam\u012bna kurtuve Kratki Zuzia Eco 12kW Deco<\/strong> ir izdev\u012bgs risin\u0101jums J\u016bsu jaun\u0101 kam\u012bna izb\u016bvei. Izmantojot \u0161o \u010duguna kam\u012bna kurtuvi, ir iesp\u0113jams uzb\u016bv\u0113t un dizain\u0113t tie\u0161i t\u0101du kam\u012bnu, par k\u0101du J\u016bs vienm\u0113r esat sap\u0146oju\u0161i. <\/p>\n<p>\u010cuguna kam\u012bna kurtuve Kratki Zuzia Eco 12kW Deco ir izgatavota no augstas kvalit\u0101tes 8 mm bieza \u010duguna, kas kop\u0101 ar uz virsmas bl\u012bvi izvietotaj\u0101m rib\u0101m nodro\u0161ina lielisku siltuma atdevi. ECO s\u0113rijai ir pla\u0161\u0101ka kurtuve, kas apr\u012bkota ar karstumiztur\u012bgu keramiku (iztur l\u012bdz 660 \u00b0C temperat\u016bru), d\u016bmg\u0101zu deflektoru un nesadegu\u0161o g\u0101zu p\u0113capdeg\u0161anas sist\u0113mu, kas kop\u0101 ar citiem izmantotajiem tehniskajiem risin\u0101jumiem padara \u0161o kam\u012bna kurtuvi par videi draudz\u012bgu apkures ier\u012bci. \u0160\u012b \u010duguna kam\u012bna kurtuve atbilst visstingr\u0101kajiem vides standartiem, tostarp V\u0101cijas BImSchV 2 standartam.  <\/p>\n<p>DECO kam\u012bna kurtuvei ir lielas stikla durvis ar t\u0113rauda r\u0101mi, kuru stikls ir eleganti apdruk\u0101ts ar melnu apmali. Liel\u0101 stikla virsma \u013cauj maksim\u0101li izbaud\u012bt dz\u012bvo un m\u0101j\u012bgo uguni. <\/p>\n<p>Kam\u012bna kurtuves apak\u0161da\u013c\u0101 ir dro\u0161a aizsargbarjera, kas nov\u0113r\u0161 malkas izkri\u0161anu no kurtuves vai triecienu pret stiklu.<\/p>\n<p>Prim\u0101r\u0101 \u0101r\u0113j\u0101 gaisa iepl\u016bdes atvere atrodas kam\u012bna kurtuves apak\u0161da\u013c\u0101. Sekund\u0101r\u0101 svaig\u0101 gaisa iepl\u016bdes atvere atrodas pelnu atvilktnes s\u0101nos, ar kuras pal\u012bdz\u012bbu ir \u0113rti regul\u0113t gaisa piepl\u016bdi.  V\u0113s\u0101ks \u0101r\u0113jais gaiss tiek novirz\u012bts uz stiklu, veidojot gaisa aizkaru, kas nov\u0113r\u0161 p\u0101rm\u0113r\u012bgu sodr\u0113ju nogulsn\u0113\u0161anos uz stikla virsmas.<\/p>\n","protected":false},"featured_media":19780,"comment_status":"closed","ping_status":"closed","template":"","meta":{"_acf_changed":false},"product_brand":[5536],"product_cat":[5116],"product_tag":[],"class_list":{"0":"post-19779","1":"product","2":"type-product","3":"status-publish","4":"has-post-thumbnail","6":"product_brand-kratki","7":"product_cat-kaminu-kurtuves","8":"product_shipping_class-bezmaksas","9":"tm-no-options","11":"first","12":"instock","13":"taxable","14":"shipping-taxable","15":"purchasable","16":"product-type-simple"},"acf":[],"_links":{"self":[{"href":"https:\/\/calor.ee\/lv\/wp-json\/wp\/v2\/product\/19779","targetHints":{"allow":["GET"]}}],"collection":[{"href":"https:\/\/calor.ee\/lv\/wp-json\/wp\/v2\/product"}],"about":[{"href":"https:\/\/calor.ee\/lv\/wp-json\/wp\/v2\/types\/product"}],"replies":[{"embeddable":true,"href":"https:\/\/calor.ee\/lv\/wp-json\/wp\/v2\/comments?post=19779"}],"wp:featuredmedia":[{"embeddable":true,"href":"https:\/\/calor.ee\/lv\/wp-json\/wp\/v2\/media\/19780"}],"wp:attachment":[{"href":"https:\/\/calor.ee\/lv\/wp-json\/wp\/v2\/media?parent=19779"}],"wp:term":[{"taxonomy":"product_brand","embeddable":true,"href":"https:\/\/calor.ee\/lv\/wp-json\/wp\/v2\/product_brand?post=19779"},{"taxonomy":"product_cat","embeddable":true,"href":"https:\/\/calor.ee\/lv\/wp-json\/wp\/v2\/product_cat?post=19779"},{"taxonomy":"product_tag","embeddable":true,"href":"https:\/\/calor.ee\/lv\/wp-json\/wp\/v2\/product_tag?post=19779"}],"curies":[{"name":"wp","href":"https:\/\/api.w.org\/{rel}","templated":true}]}}