{"id":19730,"date":"2023-04-04T14:45:13","date_gmt":"2023-04-04T12:45:13","guid":{"rendered":"https:\/\/calor.ee\/cuguna-kamina-kurtuve-kratki-zuzia-15kw-l\/"},"modified":"2023-04-04T14:45:13","modified_gmt":"2023-04-04T12:45:13","slug":"cuguna-kamina-kurtuve-kratki-zuzia-15kw-l","status":"publish","type":"product","link":"https:\/\/calor.ee\/lv\/cuguna-kamina-kurtuve-kratki-zuzia-15kw-l\/","title":{"rendered":"\u010cuguna kam\u012bna kurtuve Kratki Zuzia 15kW L"},"content":{"rendered":"","protected":false},"excerpt":{"rendered":"<p><strong>\u010cuguna kam\u012bna kurtuve Kratki Zuzia 15kW L<\/strong> ir izdev\u012bgs risin\u0101jums J\u016bsu jaun\u0101 st\u016bra kam\u012bna izb\u016bvei. Izmantojot \u0161o \u010duguna kam\u012bna kurtuvi, ir iesp\u0113jams uzb\u016bv\u0113t un noform\u0113t tie\u0161i t\u0101du st\u016bra kam\u012bnu, par k\u0101du J\u016bs vienm\u0113r esat sap\u0146oju\u0161i. <\/p>\n<p>St\u016bra \u010duguna kam\u012bna kurtuve Kratki Zuzia 15kW L ir izgatavota no augstas kvalit\u0101tes 8 mm bieza \u010duguna, kas kop\u0101 ar bl\u012bvi izvietotaj\u0101m riev\u0101m uz virsmas nodro\u0161ina lielisku siltuma atdevi. Kam\u012bna kurtuve ir apr\u012bkota ar karstumiztur\u012bgu keramiku, kas iztur temperat\u016bru l\u012bdz 660\u00b0C, k\u0101 ar\u012b ar kurtuves deflektoru, kas nodro\u0161ina d\u016bmg\u0101zu p\u0113cdedzi. <\/p>\n<p>Kam\u012bna kurtuvei ir liela uz kreiso pusi verama stikla durvis, kas \u013cauj vienlaikus baud\u012bt dz\u012bvo un m\u0101j\u012bgo uguni no div\u0101m pus\u0113m.<\/p>\n<p>Kam\u012bna kurtuves apak\u0161da\u013c\u0101 ir dro\u0161a aizsargbarjera, kas nov\u0113r\u0161 malkas izkri\u0161anu no kurtuves vai triecienu pret stiklu.<\/p>\n<p>Svaig\u0101 gaisa pievads atrodas pelnu atvilktnes s\u0101nos, kas \u013cauj \u0113rti regul\u0113t gaisa padevi deg\u0161anai. V\u0113s\u0101ks \u0101r\u0113jais gaiss tiek novirz\u012bts uz stiklu, veidojot gaisa aizkaru, kas nov\u0113r\u0161 p\u0101rm\u0113r\u012bgu sodr\u0113ju nogulsn\u0113\u0161anos uz stikla virsmas.<\/p>\n<p>&nbsp;<\/p>\n","protected":false},"featured_media":19731,"comment_status":"closed","ping_status":"closed","template":"","meta":{"_acf_changed":false},"product_brand":[5536],"product_cat":[5116],"product_tag":[],"class_list":{"0":"post-19730","1":"product","2":"type-product","3":"status-publish","4":"has-post-thumbnail","6":"product_brand-kratki","7":"product_cat-kaminu-kurtuves","8":"product_shipping_class-bezmaksas","9":"tm-no-options","11":"first","12":"instock","13":"taxable","14":"shipping-taxable","15":"purchasable","16":"product-type-simple"},"acf":[],"_links":{"self":[{"href":"https:\/\/calor.ee\/lv\/wp-json\/wp\/v2\/product\/19730","targetHints":{"allow":["GET"]}}],"collection":[{"href":"https:\/\/calor.ee\/lv\/wp-json\/wp\/v2\/product"}],"about":[{"href":"https:\/\/calor.ee\/lv\/wp-json\/wp\/v2\/types\/product"}],"replies":[{"embeddable":true,"href":"https:\/\/calor.ee\/lv\/wp-json\/wp\/v2\/comments?post=19730"}],"wp:featuredmedia":[{"embeddable":true,"href":"https:\/\/calor.ee\/lv\/wp-json\/wp\/v2\/media\/19731"}],"wp:attachment":[{"href":"https:\/\/calor.ee\/lv\/wp-json\/wp\/v2\/media?parent=19730"}],"wp:term":[{"taxonomy":"product_brand","embeddable":true,"href":"https:\/\/calor.ee\/lv\/wp-json\/wp\/v2\/product_brand?post=19730"},{"taxonomy":"product_cat","embeddable":true,"href":"https:\/\/calor.ee\/lv\/wp-json\/wp\/v2\/product_cat?post=19730"},{"taxonomy":"product_tag","embeddable":true,"href":"https:\/\/calor.ee\/lv\/wp-json\/wp\/v2\/product_tag?post=19730"}],"curies":[{"name":"wp","href":"https:\/\/api.w.org\/{rel}","templated":true}]}}