{"id":19644,"date":"2023-03-09T14:17:02","date_gmt":"2023-03-09T12:17:02","guid":{"rendered":"https:\/\/calor.ee\/cuguna-kamina-kurtuve-kawmet-w16-pb-135kw-eco\/"},"modified":"2023-03-09T14:17:02","modified_gmt":"2023-03-09T12:17:02","slug":"cuguna-kamina-kurtuve-kawmet-w16-pb-135kw-eco","status":"publish","type":"product","link":"https:\/\/calor.ee\/lv\/cuguna-kamina-kurtuve-kawmet-w16-pb-135kw-eco\/","title":{"rendered":"\u010cuguna kam\u012bna kurtuve KAWMET W16 PB 13,5kW ECO"},"content":{"rendered":"<p><iframe loading=\"lazy\" title=\"Wk\u0142ad kominkowy KAWMET W16 PB\/LB (13.5 kW) ECO\" width=\"1020\" height=\"574\" src=\"https:\/\/www.youtube.com\/embed\/dx7tIH9SkKg?feature=oembed\" frameborder=\"0\" allow=\"accelerometer; autoplay; clipboard-write; encrypted-media; gyroscope; picture-in-picture; web-share\" referrerpolicy=\"strict-origin-when-cross-origin\" allowfullscreen><\/iframe><\/p>\n","protected":false},"excerpt":{"rendered":"<p><strong>\u010cuguna kam\u012bna kurtuve KAWMET W16 PB 13,5kW ECO<\/strong> ir izdev\u012bgs un \u0101trs risin\u0101jums J\u016bsu jaun\u0101 st\u016bra kam\u012bna izb\u016bvei. Izmantojot \u0161o kam\u012bna kurtuvi, ir iesp\u0113jams uzb\u016bv\u0113t un dizain\u0113t tie\u0161i t\u0101du st\u016bra kam\u012bnu, par k\u0101du J\u016bs vienm\u0113r esat sap\u0146oju\u0161i. <\/p>\n<p>Malmist kaminas\u00fcdamik KAWMET W16 PB 13,5kW ECO on varustatud koldelae peegli ehk deflektoriga, mis koos heitgaaside j\u00e4relp\u00f5letuss\u00fcsteemiga tagavad puhta ja t\u00f5husa p\u00f5lemise.<\/p>\n<p>Liel\u0101s stikla durvis \u013cauj baud\u012bt dz\u012bvu uguni, bet vienlaikus ar\u012b pat\u012bkamu siltumu, jo siltuma ilg\u0101kai un vienm\u0113r\u012bg\u0101kai atdevei kurtuves virsm\u0101 ir bl\u012bvi izvietotas siltumu izstarojo\u0161as ribas.<\/p>\n<p>Protams, kurtuve ir apr\u012bkota ar\u012b ar t\u012br\u0101 stikla sist\u0113mu, kas novada v\u0113su \u0101r\u0113jo gaisu gar stiklu, veidojot gaisa aizkaru un samazinot sodr\u0113ju nos\u0113\u0161anos uz stikla.<\/p>\n<p>Kam\u012bna kurtuves apak\u0161da\u013c\u0101 ir dro\u0161a aizsargbarjera, kas nov\u0113r\u0161 malkas izkri\u0161anu no kurtuves vai triecienu pret stiklu.<\/p>\n<p>Svaig\u0101 gaisa pievads atrodas pelnu atvilktnes s\u0101nos, kas \u013cauj \u0113rti regul\u0113t gaisa padevi deg\u0161anai.<\/p>\n<p>P\u0113c izv\u0113les iesp\u0113jams papildus ieg\u0101d\u0101ties stabilu met\u0101la pamatni ar regul\u0113jam\u0101m k\u0101j\u0101m izm\u0113r\u0101 70 x 40 x 38,3 cm, kas nodro\u0161ina kam\u012bna kurtuves dro\u0161u un prec\u012bzu uzst\u0101d\u012b\u0161anu.<\/p>\n","protected":false},"featured_media":19645,"comment_status":"closed","ping_status":"closed","template":"","meta":{"_acf_changed":false},"product_brand":[5532],"product_cat":[5116],"product_tag":[],"class_list":{"0":"post-19644","1":"product","2":"type-product","3":"status-publish","4":"has-post-thumbnail","6":"product_brand-kawmet","7":"product_cat-kaminu-kurtuves","8":"product_shipping_class-bezmaksas","9":"tm-has-options","11":"first","12":"instock","13":"taxable","14":"shipping-taxable","15":"purchasable","16":"product-type-simple"},"acf":[],"_links":{"self":[{"href":"https:\/\/calor.ee\/lv\/wp-json\/wp\/v2\/product\/19644","targetHints":{"allow":["GET"]}}],"collection":[{"href":"https:\/\/calor.ee\/lv\/wp-json\/wp\/v2\/product"}],"about":[{"href":"https:\/\/calor.ee\/lv\/wp-json\/wp\/v2\/types\/product"}],"replies":[{"embeddable":true,"href":"https:\/\/calor.ee\/lv\/wp-json\/wp\/v2\/comments?post=19644"}],"wp:featuredmedia":[{"embeddable":true,"href":"https:\/\/calor.ee\/lv\/wp-json\/wp\/v2\/media\/19645"}],"wp:attachment":[{"href":"https:\/\/calor.ee\/lv\/wp-json\/wp\/v2\/media?parent=19644"}],"wp:term":[{"taxonomy":"product_brand","embeddable":true,"href":"https:\/\/calor.ee\/lv\/wp-json\/wp\/v2\/product_brand?post=19644"},{"taxonomy":"product_cat","embeddable":true,"href":"https:\/\/calor.ee\/lv\/wp-json\/wp\/v2\/product_cat?post=19644"},{"taxonomy":"product_tag","embeddable":true,"href":"https:\/\/calor.ee\/lv\/wp-json\/wp\/v2\/product_tag?post=19644"}],"curies":[{"name":"wp","href":"https:\/\/api.w.org\/{rel}","templated":true}]}}