{"id":19582,"date":"2022-03-18T15:34:27","date_gmt":"2022-03-18T13:34:27","guid":{"rendered":"https:\/\/calor.ee\/cuguna-kamina-kurtuve-kawmet-w17-161kw-decor-eco\/"},"modified":"2022-03-18T15:34:27","modified_gmt":"2022-03-18T13:34:27","slug":"cuguna-kamina-kurtuve-kawmet-w17-161kw-decor-eco","status":"publish","type":"product","link":"https:\/\/calor.ee\/lv\/cuguna-kamina-kurtuve-kawmet-w17-161kw-decor-eco\/","title":{"rendered":"\u010cuguna kam\u012bna kurtuve KAWMET W17 16,1kW Decor ECO"},"content":{"rendered":"","protected":false},"excerpt":{"rendered":"<p><strong>\u010cuguna kam\u012bna kurtuve KAWMET W17 16,1kW Decor ECO<\/strong> ir izdev\u012bgs un \u0101trs risin\u0101jums J\u016bsu jaun\u0101 kam\u012bna izb\u016bvei. Izmantojot \u0161o kam\u012bna kurtuvi, iesp\u0113jams izb\u016bv\u0113t un noform\u0113t tie\u0161i t\u0101du kam\u012bnu, par k\u0101du vienm\u0113r esat sap\u0146oju\u0161i. <\/p>\n<p>\u010cuguna kam\u012bna kurtuve KAWMET W17 16,1kW Decor ECO ir apr\u012bkota ar liesmas deflektoru jeb d\u016bmg\u0101zu atstarot\u0101ju, kas kop\u0101 ar p\u0113cdedzin\u0101\u0161anas sist\u0113mu nodro\u0161ina t\u012bru un efekt\u012bvu deg\u0161anas procesu.<\/p>\n<p>Kam\u012bna kurtuves liel\u0101s stikla durvis ir veidotas m\u016bsdien\u012bg\u0101 dizain\u0101 ar kvalitat\u012bvu apdari \u2013 t\u0101s rot\u0101 stil\u012bgas sudraba kr\u0101sas l\u012bstes un melns apdruk\u0101ts durvju stikls. Tas viss \u013cauj pat\u012bkami baud\u012bt dz\u012bvo uguni, bet papildus ar\u012b m\u0101j\u012bgu siltumu, jo ilg\u0101kai un efekt\u012bv\u0101kai siltuma atdevei uz kam\u012bna kurtuves korpusa ir bl\u012bvi izvietotas siltumu izstarojo\u0161as ribas. <\/p>\n<p>Protams, kam\u012bna kurtuvei ir ar\u012b t\u012br\u0101 stikla sist\u0113ma, kas novirza v\u0113su \u0101r\u0113jo gaisu uz stikla virsmu, veidojot gaisa aizkaru un nov\u0113r\u0161ot p\u0101rm\u0113r\u012bgu kv\u0113pu nos\u0113\u0161anos.<\/p>\n<p>Kam\u012bna kurtuves apak\u0161da\u013c\u0101 ir dro\u0161a aizsargbarjera, kas nov\u0113r\u0161 malkas izkri\u0161anu no kurtuves vai triecienu pret stiklu.<\/p>\n<p>Svaig\u0101 gaisa pievads atrodas pelnu atvilktnes s\u0101nos, kas \u013cauj \u0113rti regul\u0113t gaisa padevi deg\u0161anai.<\/p>\n<p>P\u0113c izv\u0113les iesp\u0113jams papildus ieg\u0101d\u0101ties stabilu met\u0101la pamatni ar regul\u0113jam\u0101m k\u0101j\u0101m izm\u0113r\u0101 39 x 71,5 x 43 cm, kas nodro\u0161ina kam\u012bna kurtuves dro\u0161u un prec\u012bzu uzst\u0101d\u012b\u0161anu.<\/p>\n","protected":false},"featured_media":19594,"comment_status":"closed","ping_status":"closed","template":"","meta":{"_acf_changed":false},"product_brand":[5532],"product_cat":[5116],"product_tag":[],"class_list":{"0":"post-19582","1":"product","2":"type-product","3":"status-publish","4":"has-post-thumbnail","6":"product_brand-kawmet","7":"product_cat-kaminu-kurtuves","8":"product_shipping_class-bezmaksas","9":"tm-has-options","11":"first","12":"instock","13":"taxable","14":"shipping-taxable","15":"purchasable","16":"product-type-simple"},"acf":[],"_links":{"self":[{"href":"https:\/\/calor.ee\/lv\/wp-json\/wp\/v2\/product\/19582","targetHints":{"allow":["GET"]}}],"collection":[{"href":"https:\/\/calor.ee\/lv\/wp-json\/wp\/v2\/product"}],"about":[{"href":"https:\/\/calor.ee\/lv\/wp-json\/wp\/v2\/types\/product"}],"replies":[{"embeddable":true,"href":"https:\/\/calor.ee\/lv\/wp-json\/wp\/v2\/comments?post=19582"}],"wp:featuredmedia":[{"embeddable":true,"href":"https:\/\/calor.ee\/lv\/wp-json\/wp\/v2\/media\/19594"}],"wp:attachment":[{"href":"https:\/\/calor.ee\/lv\/wp-json\/wp\/v2\/media?parent=19582"}],"wp:term":[{"taxonomy":"product_brand","embeddable":true,"href":"https:\/\/calor.ee\/lv\/wp-json\/wp\/v2\/product_brand?post=19582"},{"taxonomy":"product_cat","embeddable":true,"href":"https:\/\/calor.ee\/lv\/wp-json\/wp\/v2\/product_cat?post=19582"},{"taxonomy":"product_tag","embeddable":true,"href":"https:\/\/calor.ee\/lv\/wp-json\/wp\/v2\/product_tag?post=19582"}],"curies":[{"name":"wp","href":"https:\/\/api.w.org\/{rel}","templated":true}]}}