{"id":19467,"date":"2024-02-16T19:25:53","date_gmt":"2024-02-16T17:25:53","guid":{"rendered":"https:\/\/calor.ee\/cuguna-kamins-westbo-victoria-240\/"},"modified":"2024-02-16T19:25:53","modified_gmt":"2024-02-16T17:25:53","slug":"cuguna-kamins-westbo-victoria-240","status":"publish","type":"product","link":"https:\/\/calor.ee\/lv\/cuguna-kamins-westbo-victoria-240\/","title":{"rendered":"\u010cuguna kam\u012bns Westbo Victoria 240"},"content":{"rendered":"","protected":false},"excerpt":{"rendered":"<p><strong>Westbo Viktoria 240 \u010duguna kam\u012bns<\/strong> ir apr\u012bkots ar pl\u012bti un siltumu uzturo\u0161u nodal\u012bjumu, kas \u013cauj gatavot \u0113dienu un uztur\u0113t to siltu. Tas ir tradicion\u0101la skandin\u0101vu stila \u010duguna kam\u012bns, kas lieliski piem\u0113rots lauku m\u0101j\u0101m, k\u0101 ar\u012b atp\u016btas vai med\u012bbu namiem. \u0160\u012b \u010duguna kam\u012bna kurtuv\u0113 tiek izmantota Clean Burning tehnolo\u0123ija, kas nodro\u0161ina t\u012br\u0101ku un videi draudz\u012bg\u0101ku sadeg\u0161anu.  <\/p>\n<p>Westbo Viktoria 240 \u010duguna kam\u012bna s\u0101nu da\u013cas rot\u0101 ornamenti, kas pie\u0161\u0137ir tam \u012bpa\u0161i skaistu un izteiksm\u012bgu izskatu.<\/p>\n<p>P\u0113c v\u0113l\u0113\u0161an\u0101s siltumu uzturo\u0161aj\u0101 nodal\u012bjum\u0101 iesp\u0113jams pievienot papildu siltumu akumul\u0113jo\u0161us elementus, lai \u010duguna kam\u012bns izdal\u012btu pat\u012bkamu siltumu v\u0113l ilgi p\u0113c tam, kad kurtuv\u0113 uguns ir izdzisusi, un uztur\u0113tu \u0113dienu siltu v\u0113l ilg\u0101k.<\/p>\n","protected":false},"featured_media":19468,"comment_status":"closed","ping_status":"closed","template":"","meta":{"_acf_changed":false},"product_brand":[5525],"product_cat":[5120],"product_tag":[],"class_list":{"0":"post-19467","1":"product","2":"type-product","3":"status-publish","4":"has-post-thumbnail","6":"product_brand-westbo","7":"product_cat-cuguna-kamini","8":"product_shipping_class-bezmaksas","9":"tm-has-options","11":"first","12":"instock","13":"taxable","14":"shipping-taxable","15":"purchasable","16":"product-type-simple"},"acf":[],"_links":{"self":[{"href":"https:\/\/calor.ee\/lv\/wp-json\/wp\/v2\/product\/19467","targetHints":{"allow":["GET"]}}],"collection":[{"href":"https:\/\/calor.ee\/lv\/wp-json\/wp\/v2\/product"}],"about":[{"href":"https:\/\/calor.ee\/lv\/wp-json\/wp\/v2\/types\/product"}],"replies":[{"embeddable":true,"href":"https:\/\/calor.ee\/lv\/wp-json\/wp\/v2\/comments?post=19467"}],"wp:featuredmedia":[{"embeddable":true,"href":"https:\/\/calor.ee\/lv\/wp-json\/wp\/v2\/media\/19468"}],"wp:attachment":[{"href":"https:\/\/calor.ee\/lv\/wp-json\/wp\/v2\/media?parent=19467"}],"wp:term":[{"taxonomy":"product_brand","embeddable":true,"href":"https:\/\/calor.ee\/lv\/wp-json\/wp\/v2\/product_brand?post=19467"},{"taxonomy":"product_cat","embeddable":true,"href":"https:\/\/calor.ee\/lv\/wp-json\/wp\/v2\/product_cat?post=19467"},{"taxonomy":"product_tag","embeddable":true,"href":"https:\/\/calor.ee\/lv\/wp-json\/wp\/v2\/product_tag?post=19467"}],"curies":[{"name":"wp","href":"https:\/\/api.w.org\/{rel}","templated":true}]}}