{"id":19454,"date":"2021-04-28T12:30:05","date_gmt":"2021-04-28T10:30:05","guid":{"rendered":"https:\/\/calor.ee\/cuguna-kamins-westbo-victoria-100\/"},"modified":"2021-04-28T12:30:05","modified_gmt":"2021-04-28T10:30:05","slug":"cuguna-kamins-westbo-victoria-100","status":"publish","type":"product","link":"https:\/\/calor.ee\/lv\/cuguna-kamins-westbo-victoria-100\/","title":{"rendered":"\u010cuguna kam\u012bns Westbo Victoria 100"},"content":{"rendered":"","protected":false},"excerpt":{"rendered":"<p>Westbo Viktoria 100 ir maz\u0101kais <strong>\u010duguna kam\u012bns<\/strong> Viktoria s\u0113rij\u0101. Tas ir tradicion\u0101ls skandin\u0101vu \u010duguna kam\u012bns, kas lieliski piem\u0113rots atp\u016btas vai med\u012bbu m\u0101ji\u0146\u0101m. \u0160\u012b \u010duguna kam\u012bna kurtuv\u0113 tiek izmantota Clean Burning tehnolo\u0123ija, kas nodro\u0161ina t\u012br\u0101ku un videi draudz\u012bg\u0101ku sadeg\u0161anu.  <\/p>\n<p>Westbo Viktoria 100 ir pieejams gan ar s\u0101nu stikliem, kas \u013cauj baud\u012bt dz\u012bvo uguni pat no trim pus\u0113m, gan ar\u012b bez s\u0101nu stikliem. Kam\u012bna s\u0101nos ir izteikti ar\u012b dekorat\u012bvi ziedu ornamenti, kas pie\u0161\u0137ir tam \u012bpa\u0161i greznu un pievilc\u012bgu izskatu. <\/p>\n<p>\u0160is \u010duguna kam\u012bns ir apr\u012bkots ar pl\u012bts virsmu, uz kuras iesp\u0113jams pagatavot zupu, t\u0113ju vai kafiju. Lai izmantotu pl\u012bts virsmu, pietiek vienk\u0101r\u0161i no\u0146emt aug\u0161\u0113jo v\u0101ku jeb kroni. <\/p>\n","protected":false},"featured_media":19455,"comment_status":"closed","ping_status":"closed","template":"","meta":{"_acf_changed":false},"product_brand":[5525],"product_cat":[5120],"product_tag":[],"class_list":{"0":"post-19454","1":"product","2":"type-product","3":"status-publish","4":"has-post-thumbnail","6":"product_brand-westbo","7":"product_cat-cuguna-kamini","8":"product_shipping_class-bezmaksas","9":"tm-has-options","11":"first","12":"instock","13":"taxable","14":"shipping-taxable","15":"purchasable","16":"product-type-simple"},"acf":[],"_links":{"self":[{"href":"https:\/\/calor.ee\/lv\/wp-json\/wp\/v2\/product\/19454","targetHints":{"allow":["GET"]}}],"collection":[{"href":"https:\/\/calor.ee\/lv\/wp-json\/wp\/v2\/product"}],"about":[{"href":"https:\/\/calor.ee\/lv\/wp-json\/wp\/v2\/types\/product"}],"replies":[{"embeddable":true,"href":"https:\/\/calor.ee\/lv\/wp-json\/wp\/v2\/comments?post=19454"}],"wp:featuredmedia":[{"embeddable":true,"href":"https:\/\/calor.ee\/lv\/wp-json\/wp\/v2\/media\/19455"}],"wp:attachment":[{"href":"https:\/\/calor.ee\/lv\/wp-json\/wp\/v2\/media?parent=19454"}],"wp:term":[{"taxonomy":"product_brand","embeddable":true,"href":"https:\/\/calor.ee\/lv\/wp-json\/wp\/v2\/product_brand?post=19454"},{"taxonomy":"product_cat","embeddable":true,"href":"https:\/\/calor.ee\/lv\/wp-json\/wp\/v2\/product_cat?post=19454"},{"taxonomy":"product_tag","embeddable":true,"href":"https:\/\/calor.ee\/lv\/wp-json\/wp\/v2\/product_tag?post=19454"}],"curies":[{"name":"wp","href":"https:\/\/api.w.org\/{rel}","templated":true}]}}