{"id":19445,"date":"2021-04-19T19:09:03","date_gmt":"2021-04-19T17:09:03","guid":{"rendered":"https:\/\/calor.ee\/cuguna-kamins-westbo-classic\/"},"modified":"2021-04-19T19:09:03","modified_gmt":"2021-04-19T17:09:03","slug":"cuguna-kamins-westbo-classic","status":"publish","type":"product","link":"https:\/\/calor.ee\/lv\/cuguna-kamins-westbo-classic\/","title":{"rendered":"\u010cuguna kam\u012bns Westbo Classic"},"content":{"rendered":"","protected":false},"excerpt":{"rendered":"<p>Westbo Classic ir popul\u0101r\u0101kais Westbo z\u012bmola <strong>\u010duguna kam\u012bns<\/strong>, kas ar savu tradicion\u0101lo 19. gadsimta skandin\u0101vu dizainu neatst\u0101j vienaldz\u012bgu nevienu. T\u0101 majest\u0101tiskais dizains izstaro eleganci un, protams, ar\u012b pat\u012bkamu siltumu.  <\/p>\n<p>Westbo Classic \u010duguna kam\u012bns ir pieejams divos kr\u0101su variantos \u2013 kr\u0101sots meln\u0101 kr\u0101s\u0101 un emalj\u0113ts balt\u0101 kr\u0101s\u0101. Papildus ir iesp\u0113jams ieg\u0101d\u0101ties sudraba lauvas embl\u0113mu, kas kop\u0101 ar aug\u0161pus\u0113 eso\u0161o kroni pie\u0161\u0137ir kam\u012bnam v\u0113l izteikt\u0101ku majest\u0101tiskumu. <\/p>\n<p>P\u0113c J\u016bsu v\u0113lmes kam\u012bnam iesp\u0113jams pievienot ar\u012b 35 kg smagu siltuma akumul\u0101cijas elementu, kas kam\u012bna mont\u0101\u017eas laik\u0101 tiek ievietots kam\u012bna aug\u0161\u0113j\u0101 iek\u0161pus\u0113, \u013caujot \u010duguna kam\u012bnam izstarot pat\u012bkamu siltumu v\u0113l ilgi p\u0113c tam, kad uguns kurtuv\u0113 ir nodzisusi.<\/p>\n","protected":false},"featured_media":19450,"comment_status":"closed","ping_status":"closed","template":"","meta":{"_acf_changed":false},"product_brand":[5525],"product_cat":[5120,5171],"product_tag":[],"class_list":{"0":"post-19445","1":"product","2":"type-product","3":"status-publish","4":"has-post-thumbnail","6":"product_brand-westbo","7":"product_cat-cuguna-kamini","8":"product_cat-brivi-stavosie-kamini","9":"product_shipping_class-bezmaksas","10":"tm-has-options","12":"first","13":"instock","14":"taxable","15":"shipping-taxable","16":"purchasable","17":"product-type-simple"},"acf":[],"_links":{"self":[{"href":"https:\/\/calor.ee\/lv\/wp-json\/wp\/v2\/product\/19445","targetHints":{"allow":["GET"]}}],"collection":[{"href":"https:\/\/calor.ee\/lv\/wp-json\/wp\/v2\/product"}],"about":[{"href":"https:\/\/calor.ee\/lv\/wp-json\/wp\/v2\/types\/product"}],"replies":[{"embeddable":true,"href":"https:\/\/calor.ee\/lv\/wp-json\/wp\/v2\/comments?post=19445"}],"wp:featuredmedia":[{"embeddable":true,"href":"https:\/\/calor.ee\/lv\/wp-json\/wp\/v2\/media\/19450"}],"wp:attachment":[{"href":"https:\/\/calor.ee\/lv\/wp-json\/wp\/v2\/media?parent=19445"}],"wp:term":[{"taxonomy":"product_brand","embeddable":true,"href":"https:\/\/calor.ee\/lv\/wp-json\/wp\/v2\/product_brand?post=19445"},{"taxonomy":"product_cat","embeddable":true,"href":"https:\/\/calor.ee\/lv\/wp-json\/wp\/v2\/product_cat?post=19445"},{"taxonomy":"product_tag","embeddable":true,"href":"https:\/\/calor.ee\/lv\/wp-json\/wp\/v2\/product_tag?post=19445"}],"curies":[{"name":"wp","href":"https:\/\/api.w.org\/{rel}","templated":true}]}}