{"id":19432,"date":"2021-02-02T16:35:32","date_gmt":"2021-02-02T14:35:32","guid":{"rendered":"https:\/\/calor.ee\/cuguna-kamins-westbo-carl\/"},"modified":"2021-02-02T16:35:32","modified_gmt":"2021-02-02T14:35:32","slug":"cuguna-kamins-westbo-carl","status":"publish","type":"product","link":"https:\/\/calor.ee\/lv\/cuguna-kamins-westbo-carl\/","title":{"rendered":"\u010cuguna kam\u012bns Westbo Carl"},"content":{"rendered":"","protected":false},"excerpt":{"rendered":"<p>Westbo Carl ir tipiska zviedru dizaina <strong>\u010duguna kam\u012bns<\/strong>, kas lieliski piem\u0113rots atp\u016btas vai med\u012bbu m\u0101j\u0101m ar telpas plat\u012bbu 20\u201330 m\u00b2. \u0160is \u010duguna kam\u012bns uzsilst \u013coti \u0101tri un uzkr\u0101j siltumu sav\u0101 \u010duguna korpus\u0101. Lai gan Westbo Carl ir maz\u0101kais Westbo z\u012bmola \u010duguna kam\u012bns, tas ar savu uzdevumu tiek gal\u0101 lieliski.  <\/p>\n<p>&nbsp;<\/p>\n","protected":false},"featured_media":19433,"comment_status":"closed","ping_status":"closed","template":"","meta":{"_acf_changed":false},"product_brand":[5525],"product_cat":[5120,5171],"product_tag":[],"class_list":{"0":"post-19432","1":"product","2":"type-product","3":"status-publish","4":"has-post-thumbnail","6":"product_brand-westbo","7":"product_cat-cuguna-kamini","8":"product_cat-brivi-stavosie-kamini","9":"product_shipping_class-bezmaksas","10":"tm-no-options","12":"first","13":"instock","14":"taxable","15":"shipping-taxable","16":"purchasable","17":"product-type-simple"},"acf":[],"_links":{"self":[{"href":"https:\/\/calor.ee\/lv\/wp-json\/wp\/v2\/product\/19432","targetHints":{"allow":["GET"]}}],"collection":[{"href":"https:\/\/calor.ee\/lv\/wp-json\/wp\/v2\/product"}],"about":[{"href":"https:\/\/calor.ee\/lv\/wp-json\/wp\/v2\/types\/product"}],"replies":[{"embeddable":true,"href":"https:\/\/calor.ee\/lv\/wp-json\/wp\/v2\/comments?post=19432"}],"wp:featuredmedia":[{"embeddable":true,"href":"https:\/\/calor.ee\/lv\/wp-json\/wp\/v2\/media\/19433"}],"wp:attachment":[{"href":"https:\/\/calor.ee\/lv\/wp-json\/wp\/v2\/media?parent=19432"}],"wp:term":[{"taxonomy":"product_brand","embeddable":true,"href":"https:\/\/calor.ee\/lv\/wp-json\/wp\/v2\/product_brand?post=19432"},{"taxonomy":"product_cat","embeddable":true,"href":"https:\/\/calor.ee\/lv\/wp-json\/wp\/v2\/product_cat?post=19432"},{"taxonomy":"product_tag","embeddable":true,"href":"https:\/\/calor.ee\/lv\/wp-json\/wp\/v2\/product_tag?post=19432"}],"curies":[{"name":"wp","href":"https:\/\/api.w.org\/{rel}","templated":true}]}}