{"id":19420,"date":"2021-02-02T14:59:14","date_gmt":"2021-02-02T12:59:14","guid":{"rendered":"https:\/\/calor.ee\/cuguna-kamins-westbo-wera\/"},"modified":"2021-02-02T14:59:14","modified_gmt":"2021-02-02T12:59:14","slug":"cuguna-kamins-westbo-wera","status":"publish","type":"product","link":"https:\/\/calor.ee\/lv\/cuguna-kamins-westbo-wera\/","title":{"rendered":"\u010cuguna kam\u012bns Westbo WeRa"},"content":{"rendered":"","protected":false},"excerpt":{"rendered":"<p>Westbo WeRa ir jaud\u012bg\u0101kais Westbo z\u012bmola <strong>\u010duguna kam\u012bns<\/strong>, kas lieliski piem\u0113rots atp\u016btas vai med\u012bbu m\u0101j\u0101m k\u0101 siltuma avots un\/vai \u0113diena gatavo\u0161anai. Ta\u010du k\u0101p\u0113c ne ar\u012b darbn\u012bc\u0101s, virtuv\u0113s vai gar\u0101\u017e\u0101s. \u010cuguna kam\u012bna degkamerai ir pietiekami liels tilpums, kas \u013cauj vienlaikus izmantot liel\u0101ku malkas daudzumu, t\u0101d\u0113j\u0101di nav nepiecie\u0161ams past\u0101v\u012bgi papildin\u0101t kurtuvi. Turkl\u0101t, pateicoties kvalitat\u012bvai \u0161amota oder\u0113\u0161anai un \u010duguna korpusam, Westbo WeRa ar\u012b uzkr\u0101j siltumu un to atdod telp\u0101 v\u0113l k\u0101du laiku p\u0113c uguns izdzi\u0161anas.   <\/p>\n<p>\u010cuguna kam\u012bns ir apr\u012bkots ar stikla durti\u0146\u0101m, un t\u0101 aug\u0161pus\u0113 ir integr\u0113ta pl\u012bts virsma, kas padara to par \u012bpa\u0161u \u010duguna kam\u012bnu vai pat par \u010duguna pl\u012bti, uz kuras J\u016bs varat nepiecie\u0161am\u012bbas gad\u012bjum\u0101 pagatavot vai uzsild\u012bt zupu, picu, t\u0113ju vai kafiju. Pl\u012bts virsmas diametrs ir 27 cm. <\/p>\n","protected":false},"featured_media":19426,"comment_status":"closed","ping_status":"closed","template":"","meta":{"_acf_changed":false},"product_brand":[5525],"product_cat":[5120,5171],"product_tag":[],"class_list":{"0":"post-19420","1":"product","2":"type-product","3":"status-publish","4":"has-post-thumbnail","6":"product_brand-westbo","7":"product_cat-cuguna-kamini","8":"product_cat-brivi-stavosie-kamini","9":"product_shipping_class-bezmaksas","10":"tm-no-options","12":"first","13":"instock","14":"taxable","15":"shipping-taxable","16":"purchasable","17":"product-type-simple"},"acf":[],"_links":{"self":[{"href":"https:\/\/calor.ee\/lv\/wp-json\/wp\/v2\/product\/19420","targetHints":{"allow":["GET"]}}],"collection":[{"href":"https:\/\/calor.ee\/lv\/wp-json\/wp\/v2\/product"}],"about":[{"href":"https:\/\/calor.ee\/lv\/wp-json\/wp\/v2\/types\/product"}],"replies":[{"embeddable":true,"href":"https:\/\/calor.ee\/lv\/wp-json\/wp\/v2\/comments?post=19420"}],"wp:featuredmedia":[{"embeddable":true,"href":"https:\/\/calor.ee\/lv\/wp-json\/wp\/v2\/media\/19426"}],"wp:attachment":[{"href":"https:\/\/calor.ee\/lv\/wp-json\/wp\/v2\/media?parent=19420"}],"wp:term":[{"taxonomy":"product_brand","embeddable":true,"href":"https:\/\/calor.ee\/lv\/wp-json\/wp\/v2\/product_brand?post=19420"},{"taxonomy":"product_cat","embeddable":true,"href":"https:\/\/calor.ee\/lv\/wp-json\/wp\/v2\/product_cat?post=19420"},{"taxonomy":"product_tag","embeddable":true,"href":"https:\/\/calor.ee\/lv\/wp-json\/wp\/v2\/product_tag?post=19420"}],"curies":[{"name":"wp","href":"https:\/\/api.w.org\/{rel}","templated":true}]}}