{"id":19409,"date":"2021-02-01T22:51:22","date_gmt":"2021-02-01T20:51:22","guid":{"rendered":"https:\/\/calor.ee\/cuguna-kamins-westbo-nobel\/"},"modified":"2021-02-01T22:51:22","modified_gmt":"2021-02-01T20:51:22","slug":"cuguna-kamins-westbo-nobel","status":"publish","type":"product","link":"https:\/\/calor.ee\/lv\/cuguna-kamins-westbo-nobel\/","title":{"rendered":"\u010cuguna kam\u012bns Westbo Nobel"},"content":{"rendered":"","protected":false},"excerpt":{"rendered":"<p>Westbo Nobel ir vienk\u0101r\u0161s, stil\u012bgs un praktisks <strong>\u010duguna kam\u012bns<\/strong>, kas lieliski piem\u0113rots atp\u016btas vai med\u012bbu m\u0101j\u0101m.<\/p>\n<p>T\u0101 skandin\u0101visko dizainu lieliski raksturo taisnas l\u012bnijas un minim\u0101listiska pieeja. Bakel\u012bta rokturi un noapa\u013cot\u0101 kam\u012bna aug\u0161da\u013ca pie\u0161\u0137ir \u0161im \u010duguna kam\u012bnam neatk\u0101rtojamu retro stilu. <\/p>\n<p>Dz\u012bvo uguni J\u016bs varat baud\u012bt pat no trim pus\u0113m, jo Westbo Nobel s\u0101nu \u010duguna sienas ir apr\u012bkotas ar stikliem.<\/p>\n<p>Uz \u010duguna kam\u012bna aug\u0161da\u013cas ir integr\u0113ta pl\u012bts virsma, kas padara to par \u012bpa\u0161u \u010duguna kam\u012bnu vai pat par \u010duguna pl\u012bti, uz kuras nepiecie\u0161am\u012bbas gad\u012bjum\u0101 varat pagatavot zupu, t\u0113ju vai kafiju.<\/p>\n<p>Piesl\u0113gums skurstenim ir iesp\u0113jams gan no aizmugures, gan no aug\u0161as (aug\u0161\u0113j\u0101 piesl\u0113guma gad\u012bjum\u0101 pl\u012bts virsmu izmantot nevar), k\u0101 ar\u012b \u0161o \u010duguna kam\u012bnu ir iesp\u0113jams piesl\u0113gt \u0101r\u0113j\u0101s gaisa padeves sist\u0113mai.<\/p>\n","protected":false},"featured_media":19410,"comment_status":"closed","ping_status":"closed","template":"","meta":{"_acf_changed":false},"product_brand":[5525],"product_cat":[5120,5171],"product_tag":[],"class_list":{"0":"post-19409","1":"product","2":"type-product","3":"status-publish","4":"has-post-thumbnail","6":"product_brand-westbo","7":"product_cat-cuguna-kamini","8":"product_cat-brivi-stavosie-kamini","9":"product_shipping_class-bezmaksas","10":"tm-no-options","12":"first","13":"instock","14":"taxable","15":"shipping-taxable","16":"purchasable","17":"product-type-simple"},"acf":[],"_links":{"self":[{"href":"https:\/\/calor.ee\/lv\/wp-json\/wp\/v2\/product\/19409","targetHints":{"allow":["GET"]}}],"collection":[{"href":"https:\/\/calor.ee\/lv\/wp-json\/wp\/v2\/product"}],"about":[{"href":"https:\/\/calor.ee\/lv\/wp-json\/wp\/v2\/types\/product"}],"replies":[{"embeddable":true,"href":"https:\/\/calor.ee\/lv\/wp-json\/wp\/v2\/comments?post=19409"}],"wp:featuredmedia":[{"embeddable":true,"href":"https:\/\/calor.ee\/lv\/wp-json\/wp\/v2\/media\/19410"}],"wp:attachment":[{"href":"https:\/\/calor.ee\/lv\/wp-json\/wp\/v2\/media?parent=19409"}],"wp:term":[{"taxonomy":"product_brand","embeddable":true,"href":"https:\/\/calor.ee\/lv\/wp-json\/wp\/v2\/product_brand?post=19409"},{"taxonomy":"product_cat","embeddable":true,"href":"https:\/\/calor.ee\/lv\/wp-json\/wp\/v2\/product_cat?post=19409"},{"taxonomy":"product_tag","embeddable":true,"href":"https:\/\/calor.ee\/lv\/wp-json\/wp\/v2\/product_tag?post=19409"}],"curies":[{"name":"wp","href":"https:\/\/api.w.org\/{rel}","templated":true}]}}