{"id":19389,"date":"2023-05-25T13:15:32","date_gmt":"2023-05-25T11:15:32","guid":{"rendered":"https:\/\/calor.ee\/cuguna-kamins-kratki-koza-k7\/"},"modified":"2023-05-25T13:15:32","modified_gmt":"2023-05-25T11:15:32","slug":"cuguna-kamins-kratki-koza-k7","status":"publish","type":"product","link":"https:\/\/calor.ee\/lv\/cuguna-kamins-kratki-koza-k7\/","title":{"rendered":"\u010cuguna kam\u012bns Kratki Koza K7"},"content":{"rendered":"<p>Komplekt\u0101 iek\u013cauts \u010duguna kam\u012bns un 130 mm adapteris d\u016bmvada piesl\u0113g\u0161anai.<\/p>\n<p><iframe loading=\"lazy\" title=\"Koza K7 - Tradycja w Nowoczesnym Wydaniu | Bezpieczne i Wygodne Ogrzewanie\" width=\"1020\" height=\"574\" src=\"https:\/\/www.youtube.com\/embed\/c5SWrGa5FW4?feature=oembed\" frameborder=\"0\" allow=\"accelerometer; autoplay; clipboard-write; encrypted-media; gyroscope; picture-in-picture; web-share\" referrerpolicy=\"strict-origin-when-cross-origin\" allowfullscreen><\/iframe><\/p>\n","protected":false},"excerpt":{"rendered":"<p><strong>\u010cuguna kam\u012bns Kratki Koza K7<\/strong> lieliski iederas stil\u012bg\u0101 interjer\u0101 un ir lieliska izv\u0113le tiem, kas nov\u0113rt\u0113 tradicion\u0101lu dizainu. Kam\u012bns ir izgatavots no augstas kvalit\u0101tes 8 mm bieza \u010duguna, kas kurin\u0101\u0161anas laik\u0101 \u0101tri izdala siltumu apk\u0101rt\u0113j\u0101 telp\u0101. <\/p>\n<p>\u010cuguna kam\u012bna kurtuve ir apr\u012bkota ar karstumiztur\u012bgu keramiku, kas iztur temperat\u016bru l\u012bdz 660 \u00b0C, k\u0101 ar\u012b ar d\u016bmg\u0101zu deflektoru (spoguli kurtuves aug\u0161da\u013c\u0101), kas pagarina d\u016bmg\u0101zu ce\u013cu un nodro\u0161ina p\u0113cdedzi. Kurtuves apak\u0161da\u013c\u0101 ir dro\u0161a aizsargbarjera, kas nov\u0113r\u0161 malkas izkri\u0161anu no kam\u012bna vai t\u0101s nokri\u0161anu pret stiklu. <\/p>\n<p>Kratki Koza K7 \u010duguna kam\u012bna durvju rokturi ir iesp\u0113jams p\u0113c nepiecie\u0161am\u012bbas no\u0146emt kurin\u0101\u0161anas laik\u0101, pateicoties tam rokturis paliek v\u0113ss br\u012b\u017eos, kad nepiecie\u0161ams kam\u012bnam pievienot malku.<\/p>\n<p>\u0160is \u010duguna kam\u012bns ir apr\u012bkots ar t\u012bra stikla sist\u0113mu \u2013 deg\u0161anas laik\u0101 gar stiklu veidojas gaisa aizkars, kas samazina kv\u0113pu nos\u0113\u0161anos uz stikla virsmas.<\/p>\n<p>Piesl\u0113gums skurstenim ir iesp\u0113jams gan no aizmugures, gan no aug\u0161as.<\/p>\n","protected":false},"featured_media":19390,"comment_status":"closed","ping_status":"closed","template":"","meta":{"_acf_changed":false},"product_brand":[5536],"product_cat":[5120,5171],"product_tag":[],"class_list":{"0":"post-19389","1":"product","2":"type-product","3":"status-publish","4":"has-post-thumbnail","6":"product_brand-kratki","7":"product_cat-cuguna-kamini","8":"product_cat-brivi-stavosie-kamini","9":"product_shipping_class-bezmaksas","10":"tm-no-options","12":"first","13":"instock","14":"taxable","15":"shipping-taxable","16":"purchasable","17":"product-type-simple"},"acf":[],"_links":{"self":[{"href":"https:\/\/calor.ee\/lv\/wp-json\/wp\/v2\/product\/19389","targetHints":{"allow":["GET"]}}],"collection":[{"href":"https:\/\/calor.ee\/lv\/wp-json\/wp\/v2\/product"}],"about":[{"href":"https:\/\/calor.ee\/lv\/wp-json\/wp\/v2\/types\/product"}],"replies":[{"embeddable":true,"href":"https:\/\/calor.ee\/lv\/wp-json\/wp\/v2\/comments?post=19389"}],"wp:featuredmedia":[{"embeddable":true,"href":"https:\/\/calor.ee\/lv\/wp-json\/wp\/v2\/media\/19390"}],"wp:attachment":[{"href":"https:\/\/calor.ee\/lv\/wp-json\/wp\/v2\/media?parent=19389"}],"wp:term":[{"taxonomy":"product_brand","embeddable":true,"href":"https:\/\/calor.ee\/lv\/wp-json\/wp\/v2\/product_brand?post=19389"},{"taxonomy":"product_cat","embeddable":true,"href":"https:\/\/calor.ee\/lv\/wp-json\/wp\/v2\/product_cat?post=19389"},{"taxonomy":"product_tag","embeddable":true,"href":"https:\/\/calor.ee\/lv\/wp-json\/wp\/v2\/product_tag?post=19389"}],"curies":[{"name":"wp","href":"https:\/\/api.w.org\/{rel}","templated":true}]}}