{"id":19359,"date":"2023-05-02T18:01:58","date_gmt":"2023-05-02T16:01:58","guid":{"rendered":"https:\/\/calor.ee\/automatiskais-biodeglis-gloss-fire-dalex-1100\/"},"modified":"2023-05-02T18:01:58","modified_gmt":"2023-05-02T16:01:58","slug":"automatiskais-biodeglis-gloss-fire-dalex-1100","status":"publish","type":"product","link":"https:\/\/calor.ee\/lv\/automatiskais-biodeglis-gloss-fire-dalex-1100\/","title":{"rendered":"Autom\u0101tiskais biodeglis Gloss Fire Dalex 1100"},"content":{"rendered":"<p>Komplekt\u0101 ietilpst autom\u0101tiskais biodeglis, aizsargstikls, stikla stiprin\u0101jumi (2 gab.) un baro\u0161anas kabelis.<\/p>\n<p><iframe loading=\"lazy\" title=\"\u0410\u0432\u0442\u043e\u043c\u0430\u0442\u0438\u0447\u0435\u0441\u043a\u0438\u0439 \u0431\u0438\u043e\u043a\u0430\u043c\u0438\u043d \u043d\u043e\u0432\u043e\u0433\u043e \u043f\u043e\u043a\u043e\u043b\u0435\u043d\u0438\u044f \u043e\u0442 Gloss Fire\" width=\"1020\" height=\"574\" src=\"https:\/\/www.youtube.com\/embed\/ki_nFFYMSL4?feature=oembed\" frameborder=\"0\" allow=\"accelerometer; autoplay; clipboard-write; encrypted-media; gyroscope; picture-in-picture; web-share\" referrerpolicy=\"strict-origin-when-cross-origin\" allowfullscreen><\/iframe><\/p>\n","protected":false},"excerpt":{"rendered":"<p>Pla\u0161i paz\u012bstam\u0101 Ukrainas z\u012bmola <strong>Gloss Fire autom\u0101tiskais biodeglis Dalex 1100<\/strong> ir paredz\u0113ts ikvienam, kur\u0161 nov\u0113rt\u0113 inovat\u012bvus risin\u0101jumus un augstu lieto\u0161anas komfortu.<strong> <\/strong><\/p>\n<p>\u0160is biodeglis ir apr\u012bkots ar inteli\u0123entu vad\u012bbas sist\u0113mu, kuru var vad\u012bt gan no vad\u012bbas pane\u013ca, gan ar t\u0101lvad\u012bbas pulti.<\/p>\n<p>Vad\u012bbas panelis ir ieb\u016bv\u0113ts korpus\u0101 un \u013cauj biodegli iesl\u0113gt un izsl\u0113gt, regul\u0113t liesmas augstumu (kopum\u0101 4 da\u017e\u0101di liesmas l\u012bme\u0146i), blo\u0137\u0113t un atblo\u0137\u0113t degli, atv\u0113rt degvielas kameru, sekot deg\u013ca darb\u012bbai un ar LED indikatoru pal\u012bdz\u012bbu att\u0113lot k\u013c\u016bdu pazi\u0146ojumus.<\/p>\n<p>T\u0101lvad\u012bbas pults \u013cauj \u0113rti un att\u0101lin\u0101ti izmantot visas iepriek\u0161 min\u0113t\u0101s funkcijas.<\/p>\n<p>Autom\u0101tiskais biodeglis Gloss Fire Dalex 1100 ar savu 110 cm kopgarumu nodro\u0161ina iespaid\u012bgu 100 cm garu liesmas l\u012bniju. Tas ir apr\u012bkots ar da\u017e\u0101diem dro\u0161\u012bbas sensoriem, kas garant\u0113 dro\u0161u lieto\u0161anu un b\u012bstam\u012bbas gad\u012bjum\u0101 autom\u0101tiski izsl\u0113dz biodegli. Deglis ir apr\u012bkots ar temperat\u016bras sensoru, telpas mitruma sensoru, degvielas nopl\u016bdes sensoru, p\u0101rkar\u0161anas sensoru, seismisko sensoru, sl\u012bpuma sensoru, liesmas atteices sensoru, CO\u2082 sensoru (br\u012bdina, ja telp\u0101 paaugstin\u0101s og\u013csk\u0101b\u0101s g\u0101zes l\u012bmenis), k\u0101 ar\u012b degvielas p\u0101rpildes sensoru (inform\u0113 par degvielas p\u0101rpl\u016bdi bioetanola uzpildes laik\u0101).  <\/p>\n<p>Papildus viedajiem sensoriem autom\u0101tiskais biodeglis ir apr\u012bkots ar akt\u012bvo dzes\u0113\u0161anas sist\u0113mu, kuras ventilatori nepiecie\u0161am\u012bbas gad\u012bjum\u0101 iesl\u0113dzas, atdzes\u0113 biodegli un nodro\u0161ina dro\u0161u darb\u012bbu.<\/p>\n<p>Biodeglis ir apr\u012bkots ar 7 cm augstu stiklu, kas v\u0113l vair\u0101k palielina dro\u0161\u012bbu un stabiliz\u0113 liesmas l\u012bniju.<\/p>\n<p>is autom\u0101tiskais biodeglis izmanto k\u0101 degvielu ekolo\u0123iski t\u012bru bioetanolu, kas deg \u0101rk\u0101rt\u012bgi t\u012bri, nodro\u0161inot uguns burv\u012bbu bez d\u016bmiem, bez g\u0101zes, bez smar\u017eas un dro\u0161i. 4,8 litri bioetanola \u013cauj baud\u012bt liesmu un siltumu atkar\u012bb\u0101 no liesmas augstuma 3,21\u20138,24 stundas. <\/p>\n","protected":false},"featured_media":19360,"comment_status":"closed","ping_status":"closed","template":"","meta":{"_acf_changed":false},"product_brand":[2053],"product_cat":[5117],"product_tag":[5157,5155],"class_list":{"0":"post-19359","1":"product","2":"type-product","3":"status-publish","4":"has-post-thumbnail","6":"product_brand-gloss-fire","7":"product_cat-biokamini","8":"product_tag-biokamina-deglis","9":"product_tag-galda-biokamins","10":"product_shipping_class-bezmaksas","11":"tm-no-options","13":"first","14":"instock","15":"taxable","16":"shipping-taxable","17":"purchasable","18":"product-type-simple"},"acf":[],"_links":{"self":[{"href":"https:\/\/calor.ee\/lv\/wp-json\/wp\/v2\/product\/19359","targetHints":{"allow":["GET"]}}],"collection":[{"href":"https:\/\/calor.ee\/lv\/wp-json\/wp\/v2\/product"}],"about":[{"href":"https:\/\/calor.ee\/lv\/wp-json\/wp\/v2\/types\/product"}],"replies":[{"embeddable":true,"href":"https:\/\/calor.ee\/lv\/wp-json\/wp\/v2\/comments?post=19359"}],"wp:featuredmedia":[{"embeddable":true,"href":"https:\/\/calor.ee\/lv\/wp-json\/wp\/v2\/media\/19360"}],"wp:attachment":[{"href":"https:\/\/calor.ee\/lv\/wp-json\/wp\/v2\/media?parent=19359"}],"wp:term":[{"taxonomy":"product_brand","embeddable":true,"href":"https:\/\/calor.ee\/lv\/wp-json\/wp\/v2\/product_brand?post=19359"},{"taxonomy":"product_cat","embeddable":true,"href":"https:\/\/calor.ee\/lv\/wp-json\/wp\/v2\/product_cat?post=19359"},{"taxonomy":"product_tag","embeddable":true,"href":"https:\/\/calor.ee\/lv\/wp-json\/wp\/v2\/product_tag?post=19359"}],"curies":[{"name":"wp","href":"https:\/\/api.w.org\/{rel}","templated":true}]}}