{"id":19303,"date":"2025-05-08T14:38:06","date_gmt":"2025-05-08T12:38:06","guid":{"rendered":"https:\/\/calor.ee\/biokamins-slimfire-incyrcle-slim-inside\/"},"modified":"2025-12-08T12:46:27","modified_gmt":"2025-12-08T10:46:27","slug":"biokamins-slimfire-incyrcle-slim-inside","status":"publish","type":"product","link":"https:\/\/calor.ee\/lv\/biokamins-slimfire-incyrcle-slim-inside\/","title":{"rendered":"Biokam\u012bns Slimfire Incyrcle Slim Inside"},"content":{"rendered":"","protected":false},"excerpt":{"rendered":"<p>SlimFire Incyrcle Slim Inside ir stil\u012bgs biokam\u012bns ieb\u016bv\u0113\u0161anai sien\u0101 (ni\u0161as diametram j\u0101b\u016bt 69 cm), kas ar savu skaisto dizainu lieliski iederas gan m\u016bsdien\u012bg\u0101, gan loft-tipa interjer\u0101.<\/p>\n<p>Biokam\u012bnam nav nepiecie\u0161ams skurste\u0146a savienojums, k\u0101 ar\u012b nav vajadz\u012bga speci\u0101la ventil\u0101cijas sist\u0113ma, t\u0101p\u0113c tas lieliski piem\u0113rots jebkurai vietai \u2013 m\u0101j\u0101m, birojiem, restor\u0101niem vai cit\u0101m klientu apkalpo\u0161anas telp\u0101m. J\u016bs varat b\u016bt dro\u0161i, ka <strong>SlimFire Incyrcle Slim Inside biokam\u012bns <\/strong>ar savu izsmalcin\u0101to dizainu neatst\u0101s vienaldz\u012bgu nevienu. <\/p>\n<p>Vi\u013c\u0146veida deglis rada papildu 3D efektu, kas padara liesmas v\u0113ro\u0161anu \u012bpa\u0161i aizraujo\u0161u. Ar \u0113rtu b\u012bd\u0101mo v\u0101ku var regul\u0113t liesmas augstumu un ar\u012b to nodz\u0113st. Biokam\u012bns ir apr\u012bkots ar 8 mm r\u016bd\u012btu Opti-White stiklu, kas palielina dro\u0161\u012bbu un stabiliz\u0113 liesmas l\u012bniju.  <\/p>\n<p>\u0160is biokam\u012bns izmanto ekolo\u0123iski t\u012bru bioetanolu, kas deg \u0101rk\u0101rt\u012bgi t\u012bri \u2014 bez d\u016bmiem, g\u0101z\u0113m un smak\u0101m, nodro\u0161inot dro\u0161u un pat\u012bkamu dz\u012bvas uguns baud\u012b\u0161anu.<\/p>\n<p>Biokam\u012bna lieto\u0161ana ir \u0101rk\u0101rt\u012bgi vienk\u0101r\u0161a \u2014 vienk\u0101r\u0161i ielejiet bioetanolu kam\u012bna deg\u013c\u012b, aizdedziniet to un J\u016bs uzreiz var\u0113siet baud\u012bt dz\u012bvu liesmu un tai l\u012bdzi n\u0101ko\u0161o siltumu. Ar vienu litru bioetanola liesmu un siltumu var baud\u012bt 1,5\u20132,5 stundas. <\/p>\n<p>Biokam\u012bns ir pieejams meln\u0101 un balt\u0101 kr\u0101s\u0101.<\/p>\n","protected":false},"featured_media":19304,"comment_status":"closed","ping_status":"closed","template":"","meta":{"_acf_changed":false},"product_brand":[5545],"product_cat":[5117],"product_tag":[],"class_list":{"0":"post-19303","1":"product","2":"type-product","3":"status-publish","4":"has-post-thumbnail","6":"product_brand-slimfire","7":"product_cat-biokamini","8":"product_shipping_class-bezmaksas","9":"tm-no-options","11":"first","12":"instock","13":"taxable","14":"shipping-taxable","15":"purchasable","16":"product-type-variable","17":"has-default-attributes"},"acf":[],"_links":{"self":[{"href":"https:\/\/calor.ee\/lv\/wp-json\/wp\/v2\/product\/19303","targetHints":{"allow":["GET"]}}],"collection":[{"href":"https:\/\/calor.ee\/lv\/wp-json\/wp\/v2\/product"}],"about":[{"href":"https:\/\/calor.ee\/lv\/wp-json\/wp\/v2\/types\/product"}],"replies":[{"embeddable":true,"href":"https:\/\/calor.ee\/lv\/wp-json\/wp\/v2\/comments?post=19303"}],"wp:featuredmedia":[{"embeddable":true,"href":"https:\/\/calor.ee\/lv\/wp-json\/wp\/v2\/media\/19304"}],"wp:attachment":[{"href":"https:\/\/calor.ee\/lv\/wp-json\/wp\/v2\/media?parent=19303"}],"wp:term":[{"taxonomy":"product_brand","embeddable":true,"href":"https:\/\/calor.ee\/lv\/wp-json\/wp\/v2\/product_brand?post=19303"},{"taxonomy":"product_cat","embeddable":true,"href":"https:\/\/calor.ee\/lv\/wp-json\/wp\/v2\/product_cat?post=19303"},{"taxonomy":"product_tag","embeddable":true,"href":"https:\/\/calor.ee\/lv\/wp-json\/wp\/v2\/product_tag?post=19303"}],"curies":[{"name":"wp","href":"https:\/\/api.w.org\/{rel}","templated":true}]}}