{"id":19238,"date":"2024-08-14T10:16:28","date_gmt":"2024-08-14T08:16:28","guid":{"rendered":"https:\/\/calor.ee\/biokamins-slimfire-2side-1400-slim-vertical\/"},"modified":"2024-08-14T10:16:28","modified_gmt":"2024-08-14T08:16:28","slug":"biokamins-slimfire-2side-1400-slim-vertical","status":"publish","type":"product","link":"https:\/\/calor.ee\/lv\/biokamins-slimfire-2side-1400-slim-vertical\/","title":{"rendered":"Biokam\u012bns SLIMfire 2Side 1400 Slim Vertical"},"content":{"rendered":"<p>Komplekt\u0101 iek\u013cauts biokam\u012bns, r\u016bd\u012bt\u0101 stikla pane\u013ci (2 gab.) un aizdedzin\u0101t\u0101js.<\/p>\n","protected":false},"excerpt":{"rendered":"<p>Biokam\u012bns SLIMfire 2Side 1400 Slim Vertical ir paredz\u0113ts vertik\u0101lai ieb\u016bv\u0113\u0161anai sien\u0101 starp div\u0101m telp\u0101m. Biokam\u012bnam nav nepiecie\u0161ams piesl\u0113gums skurstenim vai speci\u0101la ventil\u0101cijas sist\u0113ma, jo k\u0101 kurin\u0101mo tas izmanto ekolo\u0123iski t\u012bru bioetanolu, kas deg \u0101rk\u0101rt\u012bgi t\u012bri \u2014 bez d\u016bmiem, g\u0101z\u0113m, smar\u017eas un piln\u012bgi dro\u0161i, vienlaikus pied\u0101v\u0101jot dz\u012bvas uguns ma\u0123iju. Lieliski piem\u0113rots dz\u012bvoklim, priv\u0101tm\u0101jai, viesn\u012bcai, restor\u0101nam un citiem interjeriem.  <\/p>\n<p>Biokam\u012bna deglim ir keramikas \u0161\u0137iedras iek\u0161\u0113j\u0101 da\u013ca ar sietu, kas uzlabo dro\u0161\u012bbu un vienlaikus pagarina un optimiz\u0113 deg\u0161anas procesu. Vi\u013c\u0146veida deglis rada papildu 3D efektu, padarot dz\u012bv\u0101s liesmas v\u0113ro\u0161anu v\u0113l aizraujo\u0161\u0101ku. Ar \u0113rtu b\u012bd\u0101mo aizvaru ir iesp\u0113jams regul\u0113t liesmas augstumu un ar\u012b to nodz\u0113st. <strong>Biokam\u012bns SLIMfire 2Side 1400 Slim Vertical<\/strong> ir apr\u012bkots ar abpus\u0113ji uzst\u0101d\u012btu 8 mm r\u016bd\u012bto Opti-White stiklu, kas palielina dro\u0161\u012bbu un stabiliz\u0113 liesmas l\u012bniju.  <\/p>\n<p>Biokam\u012bna lieto\u0161ana ir \u0101rk\u0101rt\u012bgi vienk\u0101r\u0161a \u2014 vienk\u0101r\u0161i ielejiet bioetanolu kam\u012bna deg\u013c\u012b, aizdedziniet to un J\u016bs uzreiz var\u0113siet baud\u012bt dz\u012bvu liesmu un tai l\u012bdzi n\u0101ko\u0161o siltumu. 1,2 litri bioetanola \u013cauj baud\u012bt liesmu un siltumu 1,5\u20132,5 stundas. <\/p>\n","protected":false},"featured_media":19239,"comment_status":"closed","ping_status":"closed","template":"","meta":{"_acf_changed":false},"product_brand":[3050],"product_cat":[5117],"product_tag":[],"class_list":{"0":"post-19238","1":"product","2":"type-product","3":"status-publish","4":"has-post-thumbnail","6":"product_brand-slimfire","7":"product_cat-biokamini","8":"product_shipping_class-bezmaksas","9":"tm-no-options","11":"first","12":"instock","13":"taxable","14":"shipping-taxable","15":"purchasable","16":"product-type-simple"},"acf":[],"_links":{"self":[{"href":"https:\/\/calor.ee\/lv\/wp-json\/wp\/v2\/product\/19238","targetHints":{"allow":["GET"]}}],"collection":[{"href":"https:\/\/calor.ee\/lv\/wp-json\/wp\/v2\/product"}],"about":[{"href":"https:\/\/calor.ee\/lv\/wp-json\/wp\/v2\/types\/product"}],"replies":[{"embeddable":true,"href":"https:\/\/calor.ee\/lv\/wp-json\/wp\/v2\/comments?post=19238"}],"wp:featuredmedia":[{"embeddable":true,"href":"https:\/\/calor.ee\/lv\/wp-json\/wp\/v2\/media\/19239"}],"wp:attachment":[{"href":"https:\/\/calor.ee\/lv\/wp-json\/wp\/v2\/media?parent=19238"}],"wp:term":[{"taxonomy":"product_brand","embeddable":true,"href":"https:\/\/calor.ee\/lv\/wp-json\/wp\/v2\/product_brand?post=19238"},{"taxonomy":"product_cat","embeddable":true,"href":"https:\/\/calor.ee\/lv\/wp-json\/wp\/v2\/product_cat?post=19238"},{"taxonomy":"product_tag","embeddable":true,"href":"https:\/\/calor.ee\/lv\/wp-json\/wp\/v2\/product_tag?post=19238"}],"curies":[{"name":"wp","href":"https:\/\/api.w.org\/{rel}","templated":true}]}}